{"id":99022,"date":"2021-07-15T09:39:57","date_gmt":"2021-07-15T09:39:57","guid":{"rendered":"https:\/\/divifurnitureshop.divifixer.com\/?post_type=product&#038;p=178"},"modified":"2025-03-24T10:08:01","modified_gmt":"2025-03-24T10:08:01","slug":"tapete-kilim-berbere-marroquino","status":"publish","type":"product","link":"https:\/\/berberedesign.com\/pt\/tapete-kilim-berbere-marroquino\/","title":{"rendered":"Tapete Kilim berbere marroquino cativante"},"content":{"rendered":"<p>Mergulhe na rica heran\u00e7a cultural de Marrocos com o nosso requintado Tapete Kilim Berbere Marroquino. Tecido \u00e0 m\u00e3o por artes\u00e3os qualificados, este tapete mostra a beleza intemporal do artesanato berbere. Cada detalhe intrincado conta uma hist\u00f3ria, reflectindo as tradi\u00e7\u00f5es e a hist\u00f3ria do povo berbere. As cores vibrantes e os padr\u00f5es geom\u00e9tricos captam sem esfor\u00e7o a ess\u00eancia do design marroquino, acrescentando um toque de eleg\u00e2ncia ex\u00f3tica a qualquer espa\u00e7o.<\/p>\n<p>Fabricado a partir de l\u00e3 de alta qualidade, o nosso tapete berbere marroquino n\u00e3o s\u00f3 \u00e9 visualmente atrativo, como tamb\u00e9m \u00e9 duradouro e resistente. Foi concebido para resistir ao uso di\u00e1rio e ao tr\u00e1fego pedonal, mantendo a sua suavidade e textura. Quer seja colocado numa sala de estar, num quarto ou num corredor, este tapete funciona como um ponto focal cativante, criando uma atmosfera calorosa e convidativa. O seu estilo vers\u00e1til complementa uma variedade de est\u00e9ticas interiores, desde o moderno e minimalista ao bo\u00e9mio e ecl\u00e9tico.<\/p>\n<p><img fetchpriority=\"high\" decoding=\"async\" class=\"aligncenter wp-image-101241 size-large\" src=\"https:\/\/berberedesign.com\/wp-content\/uploads\/2021\/07\/kilim-Berber-Moroccan-Rug-1024x683.webp\" alt=\"Tapete kilim berbere marroquino\" width=\"1024\" height=\"683\" title=\"\" srcset=\"https:\/\/berberedesign.com\/wp-content\/uploads\/2021\/07\/kilim-Berber-Moroccan-Rug-1024x683.webp 1024w, https:\/\/berberedesign.com\/wp-content\/uploads\/2021\/07\/kilim-Berber-Moroccan-Rug-300x200.webp 300w, https:\/\/berberedesign.com\/wp-content\/uploads\/2021\/07\/kilim-Berber-Moroccan-Rug-768x512.webp 768w, https:\/\/berberedesign.com\/wp-content\/uploads\/2021\/07\/kilim-Berber-Moroccan-Rug-18x12.webp 18w, https:\/\/berberedesign.com\/wp-content\/uploads\/2021\/07\/kilim-Berber-Moroccan-Rug-1064x710.webp 1064w, https:\/\/berberedesign.com\/wp-content\/uploads\/2021\/07\/kilim-Berber-Moroccan-Rug-20x13.webp 20w, https:\/\/berberedesign.com\/wp-content\/uploads\/2021\/07\/kilim-Berber-Moroccan-Rug-64x43.webp 64w, https:\/\/berberedesign.com\/wp-content\/uploads\/2021\/07\/kilim-Berber-Moroccan-Rug-1080x721.webp 1080w, https:\/\/berberedesign.com\/wp-content\/uploads\/2021\/07\/kilim-Berber-Moroccan-Rug-980x654.webp 980w, https:\/\/berberedesign.com\/wp-content\/uploads\/2021\/07\/kilim-Berber-Moroccan-Rug-480x320.webp 480w, https:\/\/berberedesign.com\/wp-content\/uploads\/2021\/07\/kilim-Berber-Moroccan-Rug.webp 1280w\" sizes=\"(max-width: 1024px) 100vw, 1024px\"><\/p>\n<p>Deixe-se seduzir pelo fasc\u00ednio do tapete marroquino berbere e eleve a decora\u00e7\u00e3o da sua casa com a sua beleza intemporal e significado cultural. Experimente o conforto e a arte desta pe\u00e7a not\u00e1vel, dando um toque de tapete marroquino berbere ao seu espa\u00e7o de vida.<\/p>\n<h3><strong>Informa\u00e7\u00f5es adicionais:\u00a0<\/strong><\/h3>\n<p>Tipo de produto: Tapete feito \u00e0 m\u00e3o<\/p>\n<p>Material: L\u00e3<\/p>\n<p>Composi\u00e7\u00e3o: L\u00e3 100%<\/p>\n<p>Estilo: Beni Ourain<\/p>\n<p>Cor: branco, castanho e verde<\/p>\n<p>Tamanho: 3,28 x 5,41 p\u00e9s \/ 100\u00d7165 cm<\/p>\n<p>Nota: Como cada tapete \u00e9 tecido \u00e0 m\u00e3o, pode haver ligeiras varia\u00e7\u00f5es nas dimens\u00f5es e no peso, o que contribui para a singularidade e o car\u00e1cter do produto.<\/p>\n<p>Se necessitar de peso e dimens\u00f5es espec\u00edficos para um tapete kilim berbere marroquino em particular, forne\u00e7a o tamanho ou modelo pretendido e terei todo o gosto em ajud\u00e1-lo.<\/p>\n<p>&nbsp;<\/p>","protected":false},"excerpt":{"rendered":"<p>Eleve a sua decora\u00e7\u00e3o com o nosso Tapete Kilim Berbere Marroquino, uma mistura deslumbrante de arte tradicional e estilo contempor\u00e2neo.<\/p>","protected":false},"featured_media":102528,"comment_status":"open","ping_status":"closed","template":"","meta":[],"product_brand":[],"product_cat":[234,195,232,190,319,236,318],"product_tag":[],"class_list":{"0":"post-99022","1":"product","2":"type-product","3":"status-publish","4":"has-post-thumbnail","6":"product_cat-best-sellers","7":"product_cat-kilim-rugs","8":"product_cat-new-arrivals","9":"product_cat-rugs","10":"product_cat-rugs-wool-handcrafted-benches","11":"product_cat-sale-items","12":"product_cat-wool","13":"product_shipping_class-free","14":"description-off","16":"first","17":"instock","18":"shipping-taxable","19":"purchasable","20":"product-type-simple"},"jetpack_sharing_enabled":true,"_links":{"self":[{"href":"https:\/\/berberedesign.com\/pt\/wp-json\/wp\/v2\/product\/99022","targetHints":{"allow":["GET"]}}],"collection":[{"href":"https:\/\/berberedesign.com\/pt\/wp-json\/wp\/v2\/product"}],"about":[{"href":"https:\/\/berberedesign.com\/pt\/wp-json\/wp\/v2\/types\/product"}],"replies":[{"embeddable":true,"href":"https:\/\/berberedesign.com\/pt\/wp-json\/wp\/v2\/comments?post=99022"}],"version-history":[{"count":1,"href":"https:\/\/berberedesign.com\/pt\/wp-json\/wp\/v2\/product\/99022\/revisions"}],"predecessor-version":[{"id":105325,"href":"https:\/\/berberedesign.com\/pt\/wp-json\/wp\/v2\/product\/99022\/revisions\/105325"}],"wp:featuredmedia":[{"embeddable":true,"href":"https:\/\/berberedesign.com\/pt\/wp-json\/wp\/v2\/media\/102528"}],"wp:attachment":[{"href":"https:\/\/berberedesign.com\/pt\/wp-json\/wp\/v2\/media?parent=99022"}],"wp:term":[{"taxonomy":"product_brand","embeddable":true,"href":"https:\/\/berberedesign.com\/pt\/wp-json\/wp\/v2\/product_brand?post=99022"},{"taxonomy":"product_cat","embeddable":true,"href":"https:\/\/berberedesign.com\/pt\/wp-json\/wp\/v2\/product_cat?post=99022"},{"taxonomy":"product_tag","embeddable":true,"href":"https:\/\/berberedesign.com\/pt\/wp-json\/wp\/v2\/product_tag?post=99022"}],"curies":[{"name":"wp","href":"https:\/\/api.w.org\/{rel}","templated":true}]}}