{"id":98792,"date":"2021-07-15T09:39:57","date_gmt":"2021-07-15T09:39:57","guid":{"rendered":"https:\/\/divifurnitureshop.divifixer.com\/?post_type=product&#038;p=172"},"modified":"2025-12-29T23:34:25","modified_gmt":"2025-12-29T23:34:25","slug":"almofada-de-seda-de-cato-marroquino-sabra-verde","status":"publish","type":"product","link":"https:\/\/berberedesign.com\/pt\/almofada-de-seda-de-cato-marroquino-sabra-verde\/","title":{"rendered":"Almofada de seda marroquina Sabra Cactus - Capa de almofada verde"},"content":{"rendered":"<p>Procura um toque \u00fanico e bo\u00e9mio para adicionar \u00e0 decora\u00e7\u00e3o da sua casa? A nossa <strong>Almofadas de seda de cato marroquino feitas \u00e0 m\u00e3o<\/strong> s\u00e3o o complemento perfeito! Fabricado em tecido vintage feito \u00e0 m\u00e3o <strong>Tapetes marroquinos Sabra<\/strong>cada capa de almofada \u00e9 completamente \u00fanica.<\/p>\n<p>H\u00e1 muitas hist\u00f3rias em torno das origens da Sabra, o material utilizado para fazer estas belas <strong>Almofadas berberes marroquinas<\/strong>. Alguns dizem que \u00e9 feito de seda natural sabra, cuidadosamente tecida e tingida numa variedade de cores. Outros afirmam que se trata de uma fibra de rayon importada de v\u00e1rios pa\u00edses e utilizada pelos artes\u00e3os marroquinos para criar tapetes e t\u00eaxteis deslumbrantes.<\/p>\n<p>Independentemente da sua origem, os produtos Sabra s\u00e3o incrivelmente populares pela sua capacidade de captar a ess\u00eancia do rico patrim\u00f3nio cultural de Marrocos. Estas almofadas berberes s\u00e3o leves e t\u00eam um brilho subtil, o que faz delas as favoritas dos clientes.<\/p>\n<p><img fetchpriority=\"high\" decoding=\"async\" class=\"aligncenter wp-image-100352 size-large\" src=\"https:\/\/berberedesign.com\/wp-content\/uploads\/2021\/07\/background-1280_854-1024x683.jpg\" alt=\"Capa de almofada de seda Sabra Cactus verde\" width=\"1024\" height=\"683\" title=\"\" srcset=\"https:\/\/berberedesign.com\/wp-content\/uploads\/2021\/07\/background-1280_854-1024x683.jpg 1024w, https:\/\/berberedesign.com\/wp-content\/uploads\/2021\/07\/background-1280_854-300x200.jpg 300w, https:\/\/berberedesign.com\/wp-content\/uploads\/2021\/07\/background-1280_854-768x512.jpg 768w, https:\/\/berberedesign.com\/wp-content\/uploads\/2021\/07\/background-1280_854-1536x1025.jpg 1536w, https:\/\/berberedesign.com\/wp-content\/uploads\/2021\/07\/background-1280_854-18x12.jpg 18w, https:\/\/berberedesign.com\/wp-content\/uploads\/2021\/07\/background-1280_854-1064x710.jpg 1064w, https:\/\/berberedesign.com\/wp-content\/uploads\/2021\/07\/background-1280_854-20x13.jpg 20w, https:\/\/berberedesign.com\/wp-content\/uploads\/2021\/07\/background-1280_854-64x43.jpg 64w, https:\/\/berberedesign.com\/wp-content\/uploads\/2021\/07\/background-1280_854-1080x721.jpg 1080w, https:\/\/berberedesign.com\/wp-content\/uploads\/2021\/07\/background-1280_854-1280x854.jpg 1280w, https:\/\/berberedesign.com\/wp-content\/uploads\/2021\/07\/background-1280_854-980x654.jpg 980w, https:\/\/berberedesign.com\/wp-content\/uploads\/2021\/07\/background-1280_854-480x320.jpg 480w, https:\/\/berberedesign.com\/wp-content\/uploads\/2021\/07\/background-1280_854.jpg 1920w\" sizes=\"(max-width: 1024px) 100vw, 1024px\"><\/p>\n<p>Dispon\u00edveis numa variedade de tamanhos e cores, as nossas almofadas Sabra Moroccan Berber dar\u00e3o certamente um toque de charme a qualquer espa\u00e7o. Com 45 x 45 cm (1'47 \"x1'47\"), s\u00e3o o tamanho perfeito para dar um toque acolhedor e elegante \u00e0 sua casa.<\/p>","protected":false},"excerpt":{"rendered":"<p>Transforme o seu espa\u00e7o de vida num local de car\u00e1cter e charme com a requintada decora\u00e7\u00e3o marroquina. O nosso <strong>Almofada de seda marroquina Sabra Cactus<\/strong> &#8211; <strong>Capa de almofada verde<\/strong> \u00e9 um complemento perfeito para criar uma aura visual hipnotizante e elevar as suas divis\u00f5es. Com cores e desenhos aut\u00eanticos, estas almofadas marroquinas dar\u00e3o ao seu espa\u00e7o uma sensa\u00e7\u00e3o inigual\u00e1vel de singularidade e f\u00e1-lo-\u00e3o sentir-se verdadeiramente especial.<\/p>","protected":false},"featured_media":100355,"comment_status":"open","ping_status":"closed","template":"","meta":[],"product_brand":[],"product_cat":[234,198,197,199,232,196,200,236,201],"product_tag":[],"class_list":{"0":"post-98792","1":"product","2":"type-product","3":"status-publish","4":"has-post-thumbnail","6":"product_cat-best-sellers","7":"product_cat-embroidered-cushions","8":"product_cat-handwoven-berber-pillows","9":"product_cat-kilim-pillow-covers","10":"product_cat-new-arrivals","11":"product_cat-pillows-and-cushions","12":"product_cat-pom-pom-cushions","13":"product_cat-sale-items","14":"product_cat-vintage-berber-pillows","15":"product_shipping_class-free","16":"description-off","18":"first","19":"instock","20":"featured","21":"shipping-taxable","22":"purchasable","23":"product-type-simple"},"jetpack_sharing_enabled":true,"_links":{"self":[{"href":"https:\/\/berberedesign.com\/pt\/wp-json\/wp\/v2\/product\/98792","targetHints":{"allow":["GET"]}}],"collection":[{"href":"https:\/\/berberedesign.com\/pt\/wp-json\/wp\/v2\/product"}],"about":[{"href":"https:\/\/berberedesign.com\/pt\/wp-json\/wp\/v2\/types\/product"}],"replies":[{"embeddable":true,"href":"https:\/\/berberedesign.com\/pt\/wp-json\/wp\/v2\/comments?post=98792"}],"version-history":[{"count":0,"href":"https:\/\/berberedesign.com\/pt\/wp-json\/wp\/v2\/product\/98792\/revisions"}],"wp:featuredmedia":[{"embeddable":true,"href":"https:\/\/berberedesign.com\/pt\/wp-json\/wp\/v2\/media\/100355"}],"wp:attachment":[{"href":"https:\/\/berberedesign.com\/pt\/wp-json\/wp\/v2\/media?parent=98792"}],"wp:term":[{"taxonomy":"product_brand","embeddable":true,"href":"https:\/\/berberedesign.com\/pt\/wp-json\/wp\/v2\/product_brand?post=98792"},{"taxonomy":"product_cat","embeddable":true,"href":"https:\/\/berberedesign.com\/pt\/wp-json\/wp\/v2\/product_cat?post=98792"},{"taxonomy":"product_tag","embeddable":true,"href":"https:\/\/berberedesign.com\/pt\/wp-json\/wp\/v2\/product_tag?post=98792"}],"curies":[{"name":"wp","href":"https:\/\/api.w.org\/{rel}","templated":true}]}}