{"id":96066,"date":"2021-07-15T09:39:56","date_gmt":"2021-07-15T09:39:56","guid":{"rendered":"https:\/\/divifurnitureshop.divifixer.com\/?post_type=product&#038;p=168"},"modified":"2026-03-31T17:23:21","modified_gmt":"2026-03-31T17:23:21","slug":"tapete-najma-marroquino","status":"publish","type":"product","link":"https:\/\/berberedesign.com\/pt\/tapete-najma-marroquino\/","title":{"rendered":"Impressionante tapete marroquino Najma - tesouro de Beni Ourain"},"content":{"rendered":"<p>Delicie-se com a beleza encantadora do nosso tapete Najma, uma verdadeira obra-prima que capta a ess\u00eancia do design berbere marroquino. Tecido \u00e0 m\u00e3o com uma aten\u00e7\u00e3o meticulosa aos pormenores, este tapete \u00e9 fabricado em l\u00e3 100%, garantindo conforto e durabilidade.<\/p>\n<p>O tapete Najma apresenta um fundo branco cativante, que simboliza pureza e tranquilidade, tornando-o numa adi\u00e7\u00e3o vers\u00e1til a qualquer interior. Ao longo da sua superf\u00edcie, encontrar\u00e1 uma dispers\u00e3o de estrelas, cada uma concebida de forma \u00fanica com cores vibrantes que evocam uma sensa\u00e7\u00e3o de capricho e alegria. Estes motivos celestiais prestam homenagem \u00e0s maravilhas celestiais que fascinaram e inspiraram culturas ao longo da hist\u00f3ria. Medindo [250x150cm - 8,20\u00d74,92 p\u00e9s], este tapete \u00e9 perfeito para dar um toque de eleg\u00e2ncia marroquina \u00e0 sua sala de estar, quarto ou qualquer espa\u00e7o que deseje um toque de calor e car\u00e1cter. As fibras de l\u00e3 de pel\u00facia proporcionam uma textura suave e acolhedora sob os p\u00e9s, convidando-o a mergulhar no seu abra\u00e7o luxuoso.<\/p>\n<p><img fetchpriority=\"high\" decoding=\"async\" class=\"aligncenter wp-image-101235 size-large\" src=\"https:\/\/berberedesign.com\/wp-content\/uploads\/2021\/07\/Najma-Berber-design-rug-new-design-1-1024x683.webp\" alt=\"Tapete de design berbere Najma novo design\" width=\"1024\" height=\"683\" title=\"\" srcset=\"https:\/\/berberedesign.com\/wp-content\/uploads\/2021\/07\/Najma-Berber-design-rug-new-design-1-1024x683.webp 1024w, https:\/\/berberedesign.com\/wp-content\/uploads\/2021\/07\/Najma-Berber-design-rug-new-design-1-300x200.webp 300w, https:\/\/berberedesign.com\/wp-content\/uploads\/2021\/07\/Najma-Berber-design-rug-new-design-1-768x512.webp 768w, https:\/\/berberedesign.com\/wp-content\/uploads\/2021\/07\/Najma-Berber-design-rug-new-design-1-18x12.webp 18w, https:\/\/berberedesign.com\/wp-content\/uploads\/2021\/07\/Najma-Berber-design-rug-new-design-1-1064x710.webp 1064w, https:\/\/berberedesign.com\/wp-content\/uploads\/2021\/07\/Najma-Berber-design-rug-new-design-1-20x13.webp 20w, https:\/\/berberedesign.com\/wp-content\/uploads\/2021\/07\/Najma-Berber-design-rug-new-design-1-64x43.webp 64w, https:\/\/berberedesign.com\/wp-content\/uploads\/2021\/07\/Najma-Berber-design-rug-new-design-1-1080x721.webp 1080w, https:\/\/berberedesign.com\/wp-content\/uploads\/2021\/07\/Najma-Berber-design-rug-new-design-1-980x654.webp 980w, https:\/\/berberedesign.com\/wp-content\/uploads\/2021\/07\/Najma-Berber-design-rug-new-design-1-480x320.webp 480w, https:\/\/berberedesign.com\/wp-content\/uploads\/2021\/07\/Najma-Berber-design-rug-new-design-1.webp 1280w\" sizes=\"(max-width: 1024px) 100vw, 1024px\"><\/p>\n<p>O tapete Najma combina na perfei\u00e7\u00e3o o artesanato tradicional com uma est\u00e9tica contempor\u00e2nea, tornando-o uma escolha vers\u00e1til que complementa uma vasta gama de estilos de interiores. Quer a sua decora\u00e7\u00e3o se incline para o minimalismo moderno ou abrace o charme ecl\u00e9tico, este tapete elevar\u00e1 sem esfor\u00e7o o ambiente do seu espa\u00e7o.<\/p>\n<p>Abrace o fasc\u00ednio da heran\u00e7a marroquina e as maravilhas celestiais com o tapete Najma. Cada tapete \u00e9 uma obra de arte \u00fanica, com as marcas dos artes\u00e3os qualificados que o criaram. Ao trazer esta pe\u00e7a requintada para a sua casa, n\u00e3o s\u00f3 d\u00e1 um toque de luxo como tamb\u00e9m apoia a preserva\u00e7\u00e3o do artesanato tradicional marroquino.<\/p>\n<p>Transforme o seu espa\u00e7o com a beleza et\u00e9rea do tapete Najma e deixe que as suas estrelas iluminem o seu ambiente, criando uma atmosfera de conforto, encantamento e estilo intemporal.<\/p>","protected":false},"excerpt":{"rendered":"<p>Apresentamos o nosso requintado Tapete Najma marroquino, uma pe\u00e7a deslumbrante que combina a eleg\u00e2ncia intemporal do design berbere marroquino com um toque de encanto celestial. Feito \u00e0 m\u00e3o por artes\u00e3os qualificados, este tapete de l\u00e3 100% apresenta um belo pano de fundo branco adornado com estrelas encantadoras em v\u00e1rias cores. O tapete Najma traz sem esfor\u00e7o calor, estilo e um toque de maravilha celestial a qualquer espa\u00e7o.<\/p>","protected":false},"featured_media":102550,"comment_status":"open","ping_status":"closed","template":"","meta":[],"product_brand":[],"product_cat":[232,192,190,319,318],"product_tag":[],"class_list":{"0":"post-96066","1":"product","2":"type-product","3":"status-publish","4":"has-post-thumbnail","6":"product_cat-new-arrivals","7":"product_cat-beni-ourain-rugs","8":"product_cat-rugs","9":"product_cat-rugs-wool-handcrafted-benches","10":"product_cat-wool","11":"product_shipping_class-free","12":"description-off","14":"first","15":"instock","16":"shipping-taxable","17":"purchasable","18":"product-type-simple"},"jetpack_sharing_enabled":true,"_links":{"self":[{"href":"https:\/\/berberedesign.com\/pt\/wp-json\/wp\/v2\/product\/96066","targetHints":{"allow":["GET"]}}],"collection":[{"href":"https:\/\/berberedesign.com\/pt\/wp-json\/wp\/v2\/product"}],"about":[{"href":"https:\/\/berberedesign.com\/pt\/wp-json\/wp\/v2\/types\/product"}],"replies":[{"embeddable":true,"href":"https:\/\/berberedesign.com\/pt\/wp-json\/wp\/v2\/comments?post=96066"}],"version-history":[{"count":1,"href":"https:\/\/berberedesign.com\/pt\/wp-json\/wp\/v2\/product\/96066\/revisions"}],"predecessor-version":[{"id":105327,"href":"https:\/\/berberedesign.com\/pt\/wp-json\/wp\/v2\/product\/96066\/revisions\/105327"}],"wp:featuredmedia":[{"embeddable":true,"href":"https:\/\/berberedesign.com\/pt\/wp-json\/wp\/v2\/media\/102550"}],"wp:attachment":[{"href":"https:\/\/berberedesign.com\/pt\/wp-json\/wp\/v2\/media?parent=96066"}],"wp:term":[{"taxonomy":"product_brand","embeddable":true,"href":"https:\/\/berberedesign.com\/pt\/wp-json\/wp\/v2\/product_brand?post=96066"},{"taxonomy":"product_cat","embeddable":true,"href":"https:\/\/berberedesign.com\/pt\/wp-json\/wp\/v2\/product_cat?post=96066"},{"taxonomy":"product_tag","embeddable":true,"href":"https:\/\/berberedesign.com\/pt\/wp-json\/wp\/v2\/product_tag?post=96066"}],"curies":[{"name":"wp","href":"https:\/\/api.w.org\/{rel}","templated":true}]}}