{"id":93993,"date":"2021-07-15T09:39:57","date_gmt":"2021-07-15T09:39:57","guid":{"rendered":"https:\/\/divifurnitureshop.divifixer.com\/?post_type=product&#038;p=187"},"modified":"2026-03-28T03:48:26","modified_gmt":"2026-03-28T03:48:26","slug":"almofada-de-seda-de-cato-marroquino-capa-laranja","status":"publish","type":"product","link":"https:\/\/berberedesign.com\/pt\/almofada-de-seda-de-cato-marroquino-capa-laranja\/","title":{"rendered":"Almofada de seda cato marroquino Capa laranja"},"content":{"rendered":"<h1>Est\u00e1 \u00e0 procura de uma forma de dar um toque de cor ao seu espa\u00e7o?<\/h1>\n<p>Considerar o <strong>Almofada de seda cato marroquino Capa laranja<\/strong> que est\u00e1 atualmente em promo\u00e7\u00e3o. Fabricado em <strong>seda de cato de alta qualidade<\/strong>Esta capa de almofada apresenta desenhos e padr\u00f5es intrincados inspirados nas tradi\u00e7\u00f5es <strong>Decora\u00e7\u00e3o marroquina<\/strong>. A tonalidade laranja vibrante ir\u00e1 certamente fazer uma afirma\u00e7\u00e3o arrojada em qualquer divis\u00e3o. Esta capa de almofada n\u00e3o s\u00f3 \u00e9 elegante, como tamb\u00e9m \u00e9 funcional e confort\u00e1vel, o que a torna numa \u00f3ptima adi\u00e7\u00e3o a qualquer sof\u00e1, cadeira ou cama. Juntamente com a <strong>Almofada de seda cato marroquino Capa laranja<\/strong>Para as almofadas marroquinas, existem muitas outras op\u00e7\u00f5es dispon\u00edveis que podem melhorar a decora\u00e7\u00e3o da sua casa.<\/p>\n<p><img fetchpriority=\"high\" decoding=\"async\" class=\"aligncenter wp-image-100780 size-large\" src=\"https:\/\/berberedesign.com\/wp-content\/uploads\/2021\/07\/background-1280_854-1-1024x683.jpg\" alt=\"Capa de almofada de seda de cato marroquino laranja amazon\" width=\"1024\" height=\"683\" title=\"\" srcset=\"https:\/\/berberedesign.com\/wp-content\/uploads\/2021\/07\/background-1280_854-1-1024x683.jpg 1024w, https:\/\/berberedesign.com\/wp-content\/uploads\/2021\/07\/background-1280_854-1-300x200.jpg 300w, https:\/\/berberedesign.com\/wp-content\/uploads\/2021\/07\/background-1280_854-1-768x512.jpg 768w, https:\/\/berberedesign.com\/wp-content\/uploads\/2021\/07\/background-1280_854-1-1536x1025.jpg 1536w, https:\/\/berberedesign.com\/wp-content\/uploads\/2021\/07\/background-1280_854-1-18x12.jpg 18w, https:\/\/berberedesign.com\/wp-content\/uploads\/2021\/07\/background-1280_854-1-1064x710.jpg 1064w, https:\/\/berberedesign.com\/wp-content\/uploads\/2021\/07\/background-1280_854-1-20x13.jpg 20w, https:\/\/berberedesign.com\/wp-content\/uploads\/2021\/07\/background-1280_854-1-64x43.jpg 64w, https:\/\/berberedesign.com\/wp-content\/uploads\/2021\/07\/background-1280_854-1-1080x721.jpg 1080w, https:\/\/berberedesign.com\/wp-content\/uploads\/2021\/07\/background-1280_854-1-1280x854.jpg 1280w, https:\/\/berberedesign.com\/wp-content\/uploads\/2021\/07\/background-1280_854-1-980x654.jpg 980w, https:\/\/berberedesign.com\/wp-content\/uploads\/2021\/07\/background-1280_854-1-480x320.jpg 480w, https:\/\/berberedesign.com\/wp-content\/uploads\/2021\/07\/background-1280_854-1.jpg 1920w\" sizes=\"(max-width: 1024px) 100vw, 1024px\"><\/p>\n<p>dispon\u00edveis numa gama de cores e tamanhos para complementar qualquer decora\u00e7\u00e3o. O mais pequeno <strong>45 x 45cm<\/strong> \u00e9 ideal para espa\u00e7os de destaque onde se pretende dar um toque de cor. Delicie-se com o toque luxuoso da seda de cato com a nossa almofada lombar, dispon\u00edvel numa impressionante tonalidade laranja. Aproveite os nossos saldos na almofada lombar em seda de cato ou adquira uma c\u00f3pia da popular almofada lombar em seda de cato. <strong>Almofada de seda cato marroquino Capa laranja<\/strong>\u00a0hoje.<\/p>\n<p>&nbsp;<\/p>","protected":false},"excerpt":{"rendered":"<p>Descubra o apelo vibrante e ex\u00f3tico da nossa almofada lombar feita de seda de cato. Esta deslumbrante adi\u00e7\u00e3o \u00e0 decora\u00e7\u00e3o da sua casa apresenta uma atraente capa de almofada em seda de cato marroquino laranja que est\u00e1 atualmente em promo\u00e7\u00e3o. N\u00e3o perca a oportunidade de adicionar esta pe\u00e7a \u00fanica e bonita \u00e0 sua cole\u00e7\u00e3o.<\/p>","protected":false},"featured_media":100783,"comment_status":"open","ping_status":"closed","template":"","meta":[],"product_brand":[],"product_cat":[234,198,197,199,232,196,200,236,201],"product_tag":[138,136,135,137],"class_list":{"0":"post-93993","1":"product","2":"type-product","3":"status-publish","4":"has-post-thumbnail","6":"product_cat-best-sellers","7":"product_cat-embroidered-cushions","8":"product_cat-handwoven-berber-pillows","9":"product_cat-kilim-pillow-covers","10":"product_cat-new-arrivals","11":"product_cat-pillows-and-cushions","12":"product_cat-pom-pom-cushions","13":"product_cat-sale-items","14":"product_cat-vintage-berber-pillows","15":"product_tag-moroccan-cactus-silk","16":"product_tag-moroccan-cactus-silk-pillow-orange-cover","17":"product_tag-moroccan-cushions","18":"product_tag-range-pillow-cover","19":"product_shipping_class-free","20":"description-off","22":"first","23":"instock","24":"shipping-taxable","25":"purchasable","26":"product-type-simple"},"jetpack_sharing_enabled":true,"_links":{"self":[{"href":"https:\/\/berberedesign.com\/pt\/wp-json\/wp\/v2\/product\/93993","targetHints":{"allow":["GET"]}}],"collection":[{"href":"https:\/\/berberedesign.com\/pt\/wp-json\/wp\/v2\/product"}],"about":[{"href":"https:\/\/berberedesign.com\/pt\/wp-json\/wp\/v2\/types\/product"}],"replies":[{"embeddable":true,"href":"https:\/\/berberedesign.com\/pt\/wp-json\/wp\/v2\/comments?post=93993"}],"version-history":[{"count":0,"href":"https:\/\/berberedesign.com\/pt\/wp-json\/wp\/v2\/product\/93993\/revisions"}],"wp:featuredmedia":[{"embeddable":true,"href":"https:\/\/berberedesign.com\/pt\/wp-json\/wp\/v2\/media\/100783"}],"wp:attachment":[{"href":"https:\/\/berberedesign.com\/pt\/wp-json\/wp\/v2\/media?parent=93993"}],"wp:term":[{"taxonomy":"product_brand","embeddable":true,"href":"https:\/\/berberedesign.com\/pt\/wp-json\/wp\/v2\/product_brand?post=93993"},{"taxonomy":"product_cat","embeddable":true,"href":"https:\/\/berberedesign.com\/pt\/wp-json\/wp\/v2\/product_cat?post=93993"},{"taxonomy":"product_tag","embeddable":true,"href":"https:\/\/berberedesign.com\/pt\/wp-json\/wp\/v2\/product_tag?post=93993"}],"curies":[{"name":"wp","href":"https:\/\/api.w.org\/{rel}","templated":true}]}}