{"id":91097,"date":"2021-07-15T09:39:57","date_gmt":"2021-07-15T09:39:57","guid":{"rendered":"https:\/\/divifurnitureshop.divifixer.com\/?post_type=product&#038;p=175"},"modified":"2025-02-22T17:26:48","modified_gmt":"2025-02-22T17:26:48","slug":"o-tapete-azilal-bege-super-macio-tapete-marroquino","status":"publish","type":"product","link":"https:\/\/berberedesign.com\/pt\/o-tapete-azilal-bege-super-macio-tapete-marroquino\/","title":{"rendered":"Tapete Azilal Bege Super Macio Tapete Marroquino"},"content":{"rendered":"<p>O Tapete Azilal Marroquino Bege Super Macio \u00e9 o artigo ideal para quem procura um produto que possa fundir os deslumbrantes designs de tapetes marroquinos e a sensa\u00e7\u00e3o luxuosa de um Azilal. Este Tapete Tribal Berbere \u00e9 habilmente feito \u00e0 m\u00e3o em Azilal, Marrocos, e vem com padr\u00f5es intrincados e uma cor branca bege que acrescenta uma vibra\u00e7\u00e3o boho quente e convidativa a qualquer quarto ou sala de estar.<\/p>\n<p>O tamanho generoso de 150 cm x 250 cm - 4'92\" X 8'20\" faz deste Tapete Abstract Beni uma pe\u00e7a de destaque que pode fazer uma declara\u00e7\u00e3o em qualquer espa\u00e7o. Com a sua excecional qualidade artesanal e um toque acolhedor mas sofisticado, \u00e9 uma pe\u00e7a indispens\u00e1vel para quem quer elevar o aspeto e a sensa\u00e7\u00e3o da sua casa.<\/p>\n<p><img fetchpriority=\"high\" decoding=\"async\" class=\"wp-image-100450 size-large\" src=\"https:\/\/berberedesign.com\/wp-content\/uploads\/2023\/05\/4-5-1024x682.jpg\" alt=\"\" width=\"1024\" height=\"682\" title=\"\"><\/p>\n<p>Se procura um produto que combine a beleza dos desenhos dos tapetes marroquinos com o toque de pel\u00facia de um Azilal berbere, o Tapete Azilal Super Macio Bege \u00e9 a escolha perfeita. Feito \u00e0 m\u00e3o com precis\u00e3o em Azilal, Marrocos, apresenta padr\u00f5es intrincados e uma cor branca bege que acrescenta uma vibra\u00e7\u00e3o boho quente e convidativa a qualquer espa\u00e7o de vida ou quarto.<\/p>\n<p>Este Tapete Tribal Berbere vai certamente tornar-se o ponto focal e uma adi\u00e7\u00e3o intemporal \u00e0 sua decora\u00e7\u00e3o, quer opte por coloc\u00e1-lo na sua sala de estar, no quarto ou em qualquer outro espa\u00e7o. Por isso, v\u00e1 em frente e delicie-se com o luxo de Marrocos Berber hoje.<\/p>","protected":false},"excerpt":{"rendered":"<p><strong>Berberedesign<\/strong> presentes <strong>Tapete Azilal super macio bege<\/strong> que flutua a sala com sofistica\u00e7\u00e3o e decora\u00e7\u00e3o. Este <strong>Berberedesign<\/strong> O tapete de \u00e1rea acolchoado \u00e9 adequado para representar o ch\u00e3o de madeira numa aura deliciosa de magnific\u00eancia bege. Al\u00e9m disso, evita o aparecimento de p\u00f3, mantendo toda a casa limpa e arrumada e conferindo eleg\u00e2ncia ao seu espa\u00e7o.<\/p>","protected":false},"featured_media":101869,"comment_status":"open","ping_status":"closed","template":"","meta":[],"product_brand":[],"product_cat":[234,193,232,190,319,236,318],"product_tag":[],"class_list":{"0":"post-91097","1":"product","2":"type-product","3":"status-publish","4":"has-post-thumbnail","6":"product_cat-best-sellers","7":"product_cat-azilal-rugs","8":"product_cat-new-arrivals","9":"product_cat-rugs","10":"product_cat-rugs-wool-handcrafted-benches","11":"product_cat-sale-items","12":"product_cat-wool","13":"product_shipping_class-free","14":"description-off","16":"first","17":"instock","18":"featured","19":"shipping-taxable","20":"purchasable","21":"product-type-simple"},"jetpack_sharing_enabled":true,"_links":{"self":[{"href":"https:\/\/berberedesign.com\/pt\/wp-json\/wp\/v2\/product\/91097","targetHints":{"allow":["GET"]}}],"collection":[{"href":"https:\/\/berberedesign.com\/pt\/wp-json\/wp\/v2\/product"}],"about":[{"href":"https:\/\/berberedesign.com\/pt\/wp-json\/wp\/v2\/types\/product"}],"replies":[{"embeddable":true,"href":"https:\/\/berberedesign.com\/pt\/wp-json\/wp\/v2\/comments?post=91097"}],"version-history":[{"count":1,"href":"https:\/\/berberedesign.com\/pt\/wp-json\/wp\/v2\/product\/91097\/revisions"}],"predecessor-version":[{"id":105323,"href":"https:\/\/berberedesign.com\/pt\/wp-json\/wp\/v2\/product\/91097\/revisions\/105323"}],"wp:featuredmedia":[{"embeddable":true,"href":"https:\/\/berberedesign.com\/pt\/wp-json\/wp\/v2\/media\/101869"}],"wp:attachment":[{"href":"https:\/\/berberedesign.com\/pt\/wp-json\/wp\/v2\/media?parent=91097"}],"wp:term":[{"taxonomy":"product_brand","embeddable":true,"href":"https:\/\/berberedesign.com\/pt\/wp-json\/wp\/v2\/product_brand?post=91097"},{"taxonomy":"product_cat","embeddable":true,"href":"https:\/\/berberedesign.com\/pt\/wp-json\/wp\/v2\/product_cat?post=91097"},{"taxonomy":"product_tag","embeddable":true,"href":"https:\/\/berberedesign.com\/pt\/wp-json\/wp\/v2\/product_tag?post=91097"}],"curies":[{"name":"wp","href":"https:\/\/api.w.org\/{rel}","templated":true}]}}