{"id":105926,"date":"2025-01-28T23:53:43","date_gmt":"2025-01-28T23:53:43","guid":{"rendered":"https:\/\/berberedesign.com\/classic-handcrafted-leather-briefcase-timeless-elegance\/"},"modified":"2025-02-22T17:23:55","modified_gmt":"2025-02-22T17:23:55","slug":"pasta-classica-em-pele-feita-a-mao-elegancia-intemporal","status":"publish","type":"product","link":"https:\/\/berberedesign.com\/pt\/pasta-classica-em-pele-feita-a-mao-elegancia-intemporal\/","title":{"rendered":"Pasta de couro cl\u00e1ssica feita \u00e0 m\u00e3o - Eleg\u00e2ncia intemporal"},"content":{"rendered":"<h2>Pasta de couro cl\u00e1ssica feita \u00e0 m\u00e3o - Eleg\u00e2ncia intemporal<\/h2>\n<p>\nMelhore o seu guarda-roupa profissional com esta pasta em pele primorosamente trabalhada \u00e0 m\u00e3o. Esta pasta foi concebida para aqueles que valorizam a sofistica\u00e7\u00e3o, a funcionalidade e a durabilidade dos seus acess\u00f3rios quotidianos. Fabricada em pele genu\u00edna de qualidade superior 100%, apresenta uma textura suave mas resistente, garantindo uma utiliza\u00e7\u00e3o duradoura e desenvolvendo uma p\u00e1tina rica ao longo do tempo.\n<\/p>\n<h3>Carater\u00edsticas principais:<\/h3>\n<ul>\n<li><strong>Design elegante:<\/strong> Um estilo intemporal com linhas simples e um acabamento em pele lisa que eleva qualquer vestu\u00e1rio profissional.<\/li>\n<li><strong>Ampla arruma\u00e7\u00e3o:<\/strong> Inclui compartimentos espa\u00e7osos para documentos, um computador port\u00e1til e objectos essenciais, juntamente com bolsos seguros com fecho de correr para acess\u00f3rios.<\/li>\n<li><strong>Hardware duradouro:<\/strong> Equipadas com robustos fechos de correr em lat\u00e3o e presilhas met\u00e1licas para maior durabilidade e charme vintage.<\/li>\n<li><strong>Confort\u00e1vel de transportar:<\/strong> Possui pegas robustas em pele para um transporte f\u00e1cil e uma al\u00e7a de ombro amov\u00edvel para maior versatilidade.<\/li>\n<\/ul>\n<p>\nPerfeita para profissionais, empres\u00e1rios ou estudantes que procuram uma mistura de car\u00e1cter pr\u00e1tico e eleg\u00e2ncia. Quer v\u00e1 para o escrit\u00f3rio ou para uma reuni\u00e3o de neg\u00f3cios, esta pasta em pele garante uma impress\u00e3o duradoura.\n<\/p>\n<h3>Especifica\u00e7\u00f5es:<\/h3>\n<ul>\n<li>Material: Couro de gr\u00e3o integral de primeira qualidade<\/li>\n<li>Dimens\u00f5es: 16\u2033 x 12\u2033 x 4\u2033<\/li>\n<li>Cor: Castanho cl\u00e1ssico<\/li>\n<li>Tipo de fecho: Fecho de correr<\/li>\n<\/ul>\n<p>\nExperimente o charme do aut\u00eantico artesanato em pele com esta elegante pasta. N\u00e3o se trata apenas de uma mala; \u00e9 uma afirma\u00e7\u00e3o da sua identidade profissional.<\/p>","protected":false},"excerpt":{"rendered":"<p>Eleve o seu estilo profissional com esta pasta em pele feita \u00e0 m\u00e3o, concebida para ser funcional e sofisticada. Fabricada em pele genu\u00edna de primeira qualidade, combina uma est\u00e9tica cl\u00e1ssica com uma utilidade moderna.<\/p>","protected":false},"featured_media":105929,"comment_status":"open","ping_status":"closed","template":"","meta":[],"product_brand":[],"product_cat":[303,301],"product_tag":[349],"class_list":{"0":"post-105926","1":"product","2":"type-product","3":"status-publish","4":"has-post-thumbnail","6":"product_cat-bags","7":"product_cat-leather","8":"product_tag-chair","9":"description-off","11":"first","12":"instock","13":"sale","14":"shipping-taxable","15":"purchasable","16":"product-type-simple"},"jetpack_sharing_enabled":true,"_links":{"self":[{"href":"https:\/\/berberedesign.com\/pt\/wp-json\/wp\/v2\/product\/105926","targetHints":{"allow":["GET"]}}],"collection":[{"href":"https:\/\/berberedesign.com\/pt\/wp-json\/wp\/v2\/product"}],"about":[{"href":"https:\/\/berberedesign.com\/pt\/wp-json\/wp\/v2\/types\/product"}],"replies":[{"embeddable":true,"href":"https:\/\/berberedesign.com\/pt\/wp-json\/wp\/v2\/comments?post=105926"}],"version-history":[{"count":1,"href":"https:\/\/berberedesign.com\/pt\/wp-json\/wp\/v2\/product\/105926\/revisions"}],"predecessor-version":[{"id":106090,"href":"https:\/\/berberedesign.com\/pt\/wp-json\/wp\/v2\/product\/105926\/revisions\/106090"}],"wp:featuredmedia":[{"embeddable":true,"href":"https:\/\/berberedesign.com\/pt\/wp-json\/wp\/v2\/media\/105929"}],"wp:attachment":[{"href":"https:\/\/berberedesign.com\/pt\/wp-json\/wp\/v2\/media?parent=105926"}],"wp:term":[{"taxonomy":"product_brand","embeddable":true,"href":"https:\/\/berberedesign.com\/pt\/wp-json\/wp\/v2\/product_brand?post=105926"},{"taxonomy":"product_cat","embeddable":true,"href":"https:\/\/berberedesign.com\/pt\/wp-json\/wp\/v2\/product_cat?post=105926"},{"taxonomy":"product_tag","embeddable":true,"href":"https:\/\/berberedesign.com\/pt\/wp-json\/wp\/v2\/product_tag?post=105926"}],"curies":[{"name":"wp","href":"https:\/\/api.w.org\/{rel}","templated":true}]}}