{"id":105764,"date":"2025-01-27T18:29:44","date_gmt":"2025-01-27T18:29:44","guid":{"rendered":"https:\/\/berberedesign.com\/handcrafted-moroccan-beige-and-black-decorative-pouf\/"},"modified":"2025-02-12T18:03:00","modified_gmt":"2025-02-12T18:03:00","slug":"pufe-decorativo-marroquino-artesanal-bege-e-preto","status":"publish","type":"product","link":"https:\/\/berberedesign.com\/pt\/pufe-decorativo-marroquino-artesanal-bege-e-preto\/","title":{"rendered":"Puff decorativo marroquino bege e preto feito \u00e0 m\u00e3o"},"content":{"rendered":"<div>\n<h1>Puff decorativo marroquino bege e preto feito \u00e0 m\u00e3o<\/h1>\n<p><img decoding=\"async\" src=\"https:\/\/berberedesign.com\/wp-content\/uploads\/2025\/01\/Untitled-2-03-5-9.webp\" alt=\"Puff marroquino bege e preto\" title=\"\"><\/p>\n<p>Transforme a decora\u00e7\u00e3o da sua casa com este requintado pufe marroquino feito \u00e0 m\u00e3o. Cuidadosamente concebido por artes\u00e3os qualificados, apresenta um padr\u00e3o bege e preto cativante que real\u00e7a a arte intrincada do artesanato marroquino.<\/p>\n<p>Fabricado com materiais duradouros e de alta qualidade, este pufe \u00e9 t\u00e3o funcional quanto elegante. Serve de apoio para os p\u00e9s, de assento adicional ou de pe\u00e7a central decorativa para o seu espa\u00e7o de vida. Os padr\u00f5es e texturas pormenorizados d\u00e3o um toque de eleg\u00e2ncia e autenticidade a qualquer divis\u00e3o.<\/p>\n<p>Perfeito para interiores modernos, bo\u00e9mios ou tradicionais, este pufe \u00e9 mais do que um simples m\u00f3vel - \u00e9 uma pe\u00e7a de refer\u00eancia que exala heran\u00e7a cultural e sofistica\u00e7\u00e3o. Quer seja colocado na sala de estar, no quarto ou na sala de estar, combina na perfei\u00e7\u00e3o o estilo e o car\u00e1cter pr\u00e1tico.<\/p>\n<ul>\n<li>Feito \u00e0 m\u00e3o por artes\u00e3os marroquinos qualificados<\/li>\n<li>Vers\u00e1til: utilizar como assento, apoio para os p\u00e9s ou decora\u00e7\u00e3o<\/li>\n<li>Design \u00fanico em bege e preto com pormenores intrincados<\/li>\n<li>Materiais dur\u00e1veis e de alta qualidade para uma utiliza\u00e7\u00e3o duradoura<\/li>\n<\/ul>\n<\/div>","protected":false},"excerpt":{"rendered":"<p>Melhore o seu espa\u00e7o com este pufe marroquino artesanal, com um design \u00fanico em bege e preto que combina o charme tradicional com a eleg\u00e2ncia moderna.<\/p>","protected":false},"featured_media":105765,"comment_status":"open","ping_status":"closed","template":"","meta":[],"product_brand":[],"product_cat":[301,302,292,299],"product_tag":[349],"class_list":{"0":"post-105764","1":"product","2":"type-product","3":"status-publish","4":"has-post-thumbnail","6":"product_cat-leather","7":"product_cat-leather-poufs","8":"product_cat-poufs","9":"product_cat-wool-poufs","10":"product_tag-chair","11":"description-off","13":"first","14":"instock","15":"sale","16":"shipping-taxable","17":"purchasable","18":"product-type-variable"},"jetpack_sharing_enabled":true,"_links":{"self":[{"href":"https:\/\/berberedesign.com\/pt\/wp-json\/wp\/v2\/product\/105764","targetHints":{"allow":["GET"]}}],"collection":[{"href":"https:\/\/berberedesign.com\/pt\/wp-json\/wp\/v2\/product"}],"about":[{"href":"https:\/\/berberedesign.com\/pt\/wp-json\/wp\/v2\/types\/product"}],"replies":[{"embeddable":true,"href":"https:\/\/berberedesign.com\/pt\/wp-json\/wp\/v2\/comments?post=105764"}],"version-history":[{"count":3,"href":"https:\/\/berberedesign.com\/pt\/wp-json\/wp\/v2\/product\/105764\/revisions"}],"predecessor-version":[{"id":106532,"href":"https:\/\/berberedesign.com\/pt\/wp-json\/wp\/v2\/product\/105764\/revisions\/106532"}],"wp:featuredmedia":[{"embeddable":true,"href":"https:\/\/berberedesign.com\/pt\/wp-json\/wp\/v2\/media\/105765"}],"wp:attachment":[{"href":"https:\/\/berberedesign.com\/pt\/wp-json\/wp\/v2\/media?parent=105764"}],"wp:term":[{"taxonomy":"product_brand","embeddable":true,"href":"https:\/\/berberedesign.com\/pt\/wp-json\/wp\/v2\/product_brand?post=105764"},{"taxonomy":"product_cat","embeddable":true,"href":"https:\/\/berberedesign.com\/pt\/wp-json\/wp\/v2\/product_cat?post=105764"},{"taxonomy":"product_tag","embeddable":true,"href":"https:\/\/berberedesign.com\/pt\/wp-json\/wp\/v2\/product_tag?post=105764"}],"curies":[{"name":"wp","href":"https:\/\/api.w.org\/{rel}","templated":true}]}}