{"id":105736,"date":"2025-01-27T18:29:34","date_gmt":"2025-01-27T18:29:34","guid":{"rendered":"https:\/\/berberedesign.com\/handcrafted-black-and-beige-pouf-with-intricate-patterns\/"},"modified":"2025-02-23T14:00:59","modified_gmt":"2025-02-23T14:00:59","slug":"pufe-preto-e-bege-artesanal-com-padroes-intrincados","status":"publish","type":"product","link":"https:\/\/berberedesign.com\/pt\/pufe-preto-e-bege-artesanal-com-padroes-intrincados\/","title":{"rendered":"Puff artesanal preto e bege com padr\u00f5es intrincados"},"content":{"rendered":"<div>\n<h1>Puff artesanal preto e bege com padr\u00f5es intrincados<\/h1>\n<p>&nbsp;<\/p>\n<p>D\u00ea um toque de charme artesanal \u00e0 sua casa com este pufe \u00fanico. Com um padr\u00e3o sofisticado em preto e bege, este pufe \u00e9 feito com uma aten\u00e7\u00e3o meticulosa aos detalhes, mostrando a beleza intemporal do tecido feito \u00e0 m\u00e3o. O seu design vers\u00e1til torna-o perfeito como um assento adicional, um apoio para os p\u00e9s ou um acento decorativo na sua sala de estar, quarto ou escrit\u00f3rio.<\/p>\n<p>A base em pele acrescenta durabilidade e um toque de luxo, garantindo que este pufe n\u00e3o s\u00f3 melhora a est\u00e9tica do seu espa\u00e7o, mas tamb\u00e9m oferece uma funcionalidade duradoura. Concebido para se adaptar perfeitamente a ambientes modernos e tradicionais, este pufe \u00e9 um testemunho do requintado trabalho artesanal dos artes\u00e3os marroquinos.<\/p>\n<p><strong>Dimens\u00f5es:<\/strong> Cerca de 20\u2033 de di\u00e2metro x 14\u2033 de altura (50 cm x 35 cm).<br \/>\n<strong>Material:<\/strong> Tecido feito \u00e0 m\u00e3o (mistura de algod\u00e3o e l\u00e3) com uma base em pele genu\u00edna.<br \/>\n<strong>Instru\u00e7\u00f5es de manuten\u00e7\u00e3o:<\/strong> Limpar com um pano h\u00famido. Evitar a exposi\u00e7\u00e3o direta \u00e0 luz solar para manter a vivacidade das cores.<\/p>\n<p>Adicione hoje mesmo este pufe artesanal \u00e0 sua cole\u00e7\u00e3o e desfrute da fus\u00e3o de arte e funcionalidade na sua casa.<\/p>\n<p><iframe title=\"Puff artesanal preto e bege com padr\u00f5es intrincados\" width=\"1200\" height=\"675\" src=\"https:\/\/www.youtube.com\/embed\/0AwjO_ntT2A?feature=oembed&#038;enablejsapi=1&#038;origin=https:\/\/berberedesign.com\" frameborder=\"0\" allow=\"accelerometer; autoplay; clipboard-write; encrypted-media; gyroscope; picture-in-picture; web-share\" referrerpolicy=\"strict-origin-when-cross-origin\" allowfullscreen><\/iframe><\/p>\n<\/div>","protected":false},"excerpt":{"rendered":"<p>Eleve o seu espa\u00e7o de vida com este pufe de design exclusivo, com um padr\u00e3o intrincado preto e bege em tecido feito \u00e0 m\u00e3o, complementado por uma base de couro dur\u00e1vel.<\/p>","protected":false},"featured_media":105737,"comment_status":"open","ping_status":"closed","template":"","meta":[],"product_brand":[],"product_cat":[301,302,292,299],"product_tag":[349],"class_list":{"0":"post-105736","1":"product","2":"type-product","3":"status-publish","4":"has-post-thumbnail","6":"product_cat-leather","7":"product_cat-leather-poufs","8":"product_cat-poufs","9":"product_cat-wool-poufs","10":"product_tag-chair","11":"description-off","13":"first","14":"instock","15":"sale","16":"shipping-taxable","17":"purchasable","18":"product-type-variable"},"jetpack_sharing_enabled":true,"_links":{"self":[{"href":"https:\/\/berberedesign.com\/pt\/wp-json\/wp\/v2\/product\/105736","targetHints":{"allow":["GET"]}}],"collection":[{"href":"https:\/\/berberedesign.com\/pt\/wp-json\/wp\/v2\/product"}],"about":[{"href":"https:\/\/berberedesign.com\/pt\/wp-json\/wp\/v2\/types\/product"}],"replies":[{"embeddable":true,"href":"https:\/\/berberedesign.com\/pt\/wp-json\/wp\/v2\/comments?post=105736"}],"version-history":[{"count":4,"href":"https:\/\/berberedesign.com\/pt\/wp-json\/wp\/v2\/product\/105736\/revisions"}],"predecessor-version":[{"id":106852,"href":"https:\/\/berberedesign.com\/pt\/wp-json\/wp\/v2\/product\/105736\/revisions\/106852"}],"wp:featuredmedia":[{"embeddable":true,"href":"https:\/\/berberedesign.com\/pt\/wp-json\/wp\/v2\/media\/105737"}],"wp:attachment":[{"href":"https:\/\/berberedesign.com\/pt\/wp-json\/wp\/v2\/media?parent=105736"}],"wp:term":[{"taxonomy":"product_brand","embeddable":true,"href":"https:\/\/berberedesign.com\/pt\/wp-json\/wp\/v2\/product_brand?post=105736"},{"taxonomy":"product_cat","embeddable":true,"href":"https:\/\/berberedesign.com\/pt\/wp-json\/wp\/v2\/product_cat?post=105736"},{"taxonomy":"product_tag","embeddable":true,"href":"https:\/\/berberedesign.com\/pt\/wp-json\/wp\/v2\/product_tag?post=105736"}],"curies":[{"name":"wp","href":"https:\/\/api.w.org\/{rel}","templated":true}]}}