{"id":105622,"date":"2025-01-23T20:28:13","date_gmt":"2025-01-23T20:28:13","guid":{"rendered":"https:\/\/berberedesign.com\/vivid-yellow-and-turquoise-handwoven-armchair\/"},"modified":"2025-02-04T20:12:10","modified_gmt":"2025-02-04T20:12:10","slug":"cadeirao-amarelo-vivo-e-turquesa-tecido-a-mao","status":"publish","type":"product","link":"https:\/\/berberedesign.com\/pt\/cadeirao-amarelo-vivo-e-turquesa-tecido-a-mao\/","title":{"rendered":"Cadeira de bra\u00e7os em tecido manual amarelo vivo e turquesa"},"content":{"rendered":"<div data-elementor-type=\"product-post\" data-elementor-id=\"105622\" class=\"elementor elementor-105622\" data-elementor-post-type=\"product\">\n\t\t\t\t<div class=\"elementor-element elementor-element-7065c929 e-flex e-con-boxed e-con e-parent\" data-id=\"7065c929\" data-element_type=\"container\">\n\t\t\t\t\t<div class=\"e-con-inner\">\n\t\t\t\t<div class=\"elementor-element elementor-element-73474eab elementor-widget elementor-widget-text-editor\" data-id=\"73474eab\" data-element_type=\"widget\" data-widget_type=\"text-editor.default\">\n\t\t\t\t<div class=\"elementor-widget-container\">\n\t\t\t\t\t\t\t\t\t<div>\n<h1>Cadeira de bra\u00e7os em tecido manual amarelo vivo e turquesa<\/h1>\n<\/div>\n&nbsp;\n\n<iframe title=\"Leitor de v\u00eddeo do YouTube\" src=\"https:\/\/www.youtube.com\/embed\/wb1S79lXnQo?si=jP4U2bp3tGLdqGfo\" width=\"560\" height=\"315\" frameborder=\"0\" allowfullscreen=\"allowfullscreen\"><\/iframe>\n<div>\n\nD\u00ea um toque de cor e eleg\u00e2ncia ao seu interior com esta deslumbrante poltrona tecida \u00e0 m\u00e3o. Com uma combina\u00e7\u00e3o v\u00edvida de tons de amarelo e turquesa, o estofo texturado \u00e9 fabricado com t\u00e9cnicas de tecelagem tradicionais, oferecendo uma mistura harmoniosa de arte cultural e estilo contempor\u00e2neo. A estrutura em madeira maci\u00e7a da poltrona proporciona uma durabilidade excecional e um conforto ergon\u00f3mico, assegurando a sua funcionalidade e decora\u00e7\u00e3o. Os seus apoios de bra\u00e7os curvos e os assentos de pel\u00facia real\u00e7am a sensa\u00e7\u00e3o de aconchego e luxo, tornando-a ideal para momentos de relaxamento ou como uma pe\u00e7a central de destaque no seu espa\u00e7o de vida.\n\nQuer seja colocada na sua sala de estar, no quarto ou no escrit\u00f3rio, esta cadeira \u00fanica melhora o ambiente sem esfor\u00e7o, trazendo calor e individualidade \u00e0 decora\u00e7\u00e3o da sua casa. Celebre a beleza intemporal do artesanato feito \u00e0 m\u00e3o com esta pe\u00e7a excecional.\n\n<\/div>\t\t\t\t\t\t\t\t<\/div>\n\t\t\t\t<\/div>\n\t\t\t\t\t<\/div>\n\t\t\t\t<\/div>\n\t\t\t\t<\/div>","protected":false},"excerpt":{"rendered":"<p>Uma fus\u00e3o vibrante de tons arrojados de amarelo e turquesa com estofos \u00fanicos tecidos \u00e0 m\u00e3o, colocados numa estrutura de madeira robusta para um toque de charme artesanal e conforto moderno.<\/p>","protected":false},"featured_media":105623,"comment_status":"open","ping_status":"closed","template":"","meta":[],"product_brand":[],"product_cat":[15,351],"product_tag":[],"class_list":{"0":"post-105622","1":"product","2":"type-product","3":"status-publish","4":"has-post-thumbnail","6":"product_cat-uncategorized","7":"product_cat-chair","9":"first","10":"instock","11":"sale","12":"shipping-taxable","13":"purchasable","14":"product-type-simple"},"jetpack_sharing_enabled":true,"_links":{"self":[{"href":"https:\/\/berberedesign.com\/pt\/wp-json\/wp\/v2\/product\/105622","targetHints":{"allow":["GET"]}}],"collection":[{"href":"https:\/\/berberedesign.com\/pt\/wp-json\/wp\/v2\/product"}],"about":[{"href":"https:\/\/berberedesign.com\/pt\/wp-json\/wp\/v2\/types\/product"}],"replies":[{"embeddable":true,"href":"https:\/\/berberedesign.com\/pt\/wp-json\/wp\/v2\/comments?post=105622"}],"version-history":[{"count":9,"href":"https:\/\/berberedesign.com\/pt\/wp-json\/wp\/v2\/product\/105622\/revisions"}],"predecessor-version":[{"id":106199,"href":"https:\/\/berberedesign.com\/pt\/wp-json\/wp\/v2\/product\/105622\/revisions\/106199"}],"wp:featuredmedia":[{"embeddable":true,"href":"https:\/\/berberedesign.com\/pt\/wp-json\/wp\/v2\/media\/105623"}],"wp:attachment":[{"href":"https:\/\/berberedesign.com\/pt\/wp-json\/wp\/v2\/media?parent=105622"}],"wp:term":[{"taxonomy":"product_brand","embeddable":true,"href":"https:\/\/berberedesign.com\/pt\/wp-json\/wp\/v2\/product_brand?post=105622"},{"taxonomy":"product_cat","embeddable":true,"href":"https:\/\/berberedesign.com\/pt\/wp-json\/wp\/v2\/product_cat?post=105622"},{"taxonomy":"product_tag","embeddable":true,"href":"https:\/\/berberedesign.com\/pt\/wp-json\/wp\/v2\/product_tag?post=105622"}],"curies":[{"name":"wp","href":"https:\/\/api.w.org\/{rel}","templated":true}]}}