{"id":105612,"date":"2025-01-23T20:28:09","date_gmt":"2025-01-23T20:28:09","guid":{"rendered":"https:\/\/berberedesign.com\/orange-and-black-checkerboard-handmade-armchair\/"},"modified":"2025-03-19T11:58:30","modified_gmt":"2025-03-19T11:58:30","slug":"cadeirao-xadrez-laranja-e-preto-feito-a-mao","status":"publish","type":"product","link":"https:\/\/berberedesign.com\/pt\/cadeirao-xadrez-laranja-e-preto-feito-a-mao\/","title":{"rendered":"Cadeir\u00e3o em xadrez laranja e preto feito \u00e0 m\u00e3o"},"content":{"rendered":"<div data-elementor-type=\"product-post\" data-elementor-id=\"105612\" class=\"elementor elementor-105612\" data-elementor-post-type=\"product\">\n\t\t\t\t<div class=\"elementor-element elementor-element-67bb7f93 e-flex e-con-boxed e-con e-parent\" data-id=\"67bb7f93\" data-element_type=\"container\">\n\t\t\t\t\t<div class=\"e-con-inner\">\n\t\t\t\t<div class=\"elementor-element elementor-element-11df5bfa elementor-widget elementor-widget-text-editor\" data-id=\"11df5bfa\" data-element_type=\"widget\" data-widget_type=\"text-editor.default\">\n\t\t\t\t<div class=\"elementor-widget-container\">\n\t\t\t\t\t\t\t\t\t<div>\n<h1>Cadeir\u00e3o em xadrez laranja e preto feito \u00e0 m\u00e3o<\/h1>\n<iframe title=\"Leitor de v\u00eddeo do YouTube\" src=\"https:\/\/www.youtube.com\/embed\/8vRBCzEH98o?si=aWAn_LJKCk-7TgmL\" width=\"560\" height=\"315\" frameborder=\"0\" allowfullscreen=\"allowfullscreen\"><\/iframe>\n\nDescubra a combina\u00e7\u00e3o perfeita de design arrojado, artesanato tradicional e conforto com este cadeir\u00e3o artesanal em xadrez laranja e preto. O apelativo padr\u00e3o axadrezado, feito com tons de laranja vivo e preto profundo, \u00e9 tecido \u00e0 m\u00e3o por artes\u00e3os berberes qualificados, utilizando l\u00e3 marroquina de alta qualidade. Este estofo intrincado n\u00e3o s\u00f3 apresenta uma arte aut\u00eantica, como tamb\u00e9m d\u00e1 um toque de sofistica\u00e7\u00e3o e calor a qualquer espa\u00e7o.\n\nA estrutura de madeira robusta da cadeira \u00e9 cuidadosamente trabalhada \u00e0 m\u00e3o para proporcionar durabilidade e apoio ergon\u00f3mico. O seu acabamento suave e natural complementa o impressionante estofo, garantindo que se destaca como uma pe\u00e7a central \u00fanica na sua casa. Quer a coloque na sua sala de estar, no quarto ou no escrit\u00f3rio, esta cadeira oferece um atrativo visual e um conforto inigual\u00e1vel.\n\nCada poltrona \u00e9 \u00fanica, resultado de um trabalho manual meticuloso que honra as tradi\u00e7\u00f5es marroquinas, ao mesmo tempo que satisfaz os gostos modernos. Perfeita para cantos acolhedores, recantos de leitura ou como pe\u00e7a de destaque numa divis\u00e3o maior, acrescenta uma sensa\u00e7\u00e3o de encanto intemporal a qualquer interior.\n\nAbrace a singularidade do mobili\u00e1rio artesanal com esta poltrona xadrez laranja e preta. N\u00e3o s\u00f3 \u00e9 uma op\u00e7\u00e3o de assento funcional, como tamb\u00e9m \u00e9 uma obra de arte que conta uma hist\u00f3ria de patrim\u00f3nio, artesanato e estilo.\n\n<\/div>\t\t\t\t\t\t\t\t<\/div>\n\t\t\t\t<\/div>\n\t\t\t\t\t<\/div>\n\t\t\t\t<\/div>\n\t\t\t\t<\/div>","protected":false},"excerpt":{"rendered":"<p>Este cadeir\u00e3o arrojado apresenta um estofo em tecido xadrez laranja e preto vibrante, combinado com uma estrutura de madeira resistente para uma mistura perfeita de arte e conforto.<\/p>","protected":false},"featured_media":105613,"comment_status":"open","ping_status":"closed","template":"","meta":[],"product_brand":[],"product_cat":[15,351],"product_tag":[],"class_list":{"0":"post-105612","1":"product","2":"type-product","3":"status-publish","4":"has-post-thumbnail","6":"product_cat-uncategorized","7":"product_cat-chair","9":"first","10":"instock","11":"sale","12":"shipping-taxable","13":"purchasable","14":"product-type-simple"},"jetpack_sharing_enabled":true,"_links":{"self":[{"href":"https:\/\/berberedesign.com\/pt\/wp-json\/wp\/v2\/product\/105612","targetHints":{"allow":["GET"]}}],"collection":[{"href":"https:\/\/berberedesign.com\/pt\/wp-json\/wp\/v2\/product"}],"about":[{"href":"https:\/\/berberedesign.com\/pt\/wp-json\/wp\/v2\/types\/product"}],"replies":[{"embeddable":true,"href":"https:\/\/berberedesign.com\/pt\/wp-json\/wp\/v2\/comments?post=105612"}],"version-history":[{"count":4,"href":"https:\/\/berberedesign.com\/pt\/wp-json\/wp\/v2\/product\/105612\/revisions"}],"predecessor-version":[{"id":106193,"href":"https:\/\/berberedesign.com\/pt\/wp-json\/wp\/v2\/product\/105612\/revisions\/106193"}],"wp:featuredmedia":[{"embeddable":true,"href":"https:\/\/berberedesign.com\/pt\/wp-json\/wp\/v2\/media\/105613"}],"wp:attachment":[{"href":"https:\/\/berberedesign.com\/pt\/wp-json\/wp\/v2\/media?parent=105612"}],"wp:term":[{"taxonomy":"product_brand","embeddable":true,"href":"https:\/\/berberedesign.com\/pt\/wp-json\/wp\/v2\/product_brand?post=105612"},{"taxonomy":"product_cat","embeddable":true,"href":"https:\/\/berberedesign.com\/pt\/wp-json\/wp\/v2\/product_cat?post=105612"},{"taxonomy":"product_tag","embeddable":true,"href":"https:\/\/berberedesign.com\/pt\/wp-json\/wp\/v2\/product_tag?post=105612"}],"curies":[{"name":"wp","href":"https:\/\/api.w.org\/{rel}","templated":true}]}}