{"id":105582,"date":"2025-01-23T20:28:01","date_gmt":"2025-01-23T20:28:01","guid":{"rendered":"https:\/\/berberedesign.com\/handcrafted-moroccan-boucle-armchair-with-chevron-design-and-yellow-accents\/"},"modified":"2025-02-22T17:24:20","modified_gmt":"2025-02-22T17:24:20","slug":"cadeirao-de-boucle-marroquino-artesanal-com-design-chevron-e-detalhes-em-amarelo","status":"publish","type":"product","link":"https:\/\/berberedesign.com\/pt\/cadeirao-de-boucle-marroquino-artesanal-com-design-chevron-e-detalhes-em-amarelo\/","title":{"rendered":"Poltrona Boucle marroquina artesanal com design Chevron e detalhes em amarelo"},"content":{"rendered":"<div data-elementor-type=\"product-post\" data-elementor-id=\"105582\" class=\"elementor elementor-105582\" data-elementor-post-type=\"product\">\n\t\t\t\t<div class=\"elementor-element elementor-element-7f2faf77 e-flex e-con-boxed e-con e-parent\" data-id=\"7f2faf77\" data-element_type=\"container\">\n\t\t\t\t\t<div class=\"e-con-inner\">\n\t\t\t\t<div class=\"elementor-element elementor-element-abbf51b elementor-widget elementor-widget-text-editor\" data-id=\"abbf51b\" data-element_type=\"widget\" data-widget_type=\"text-editor.default\">\n\t\t\t\t<div class=\"elementor-widget-container\">\n\t\t\t\t\t\t\t\t\t<div>\n\nTransforme o seu espa\u00e7o de vida com este requintado <strong>Cadeir\u00e3o de boucle marroquino artesanal<\/strong>A poltrona \u00e9 uma obra-prima do artesanato tradicional e da est\u00e9tica moderna. A poltrona apresenta:\n<ul>\n \t<li>Design marcante de chevron em tecido boucle preto e branco.<\/li>\n \t<li>Acentos texturizados amarelos vibrantes para maior calor e atra\u00e7\u00e3o visual.<\/li>\n \t<li>Apoios de bra\u00e7os circulares robustos em madeira esculpida \u00e0 m\u00e3o para um toque arquitet\u00f3nico \u00fanico.<\/li>\n<\/ul>\n<iframe title=\"Leitor de v\u00eddeo do YouTube\" src=\"https:\/\/www.youtube.com\/embed\/ZKlDh5r98KE?si=GnMkC63b8Z7aDjXP\" width=\"560\" height=\"315\" frameborder=\"0\" allowfullscreen=\"allowfullscreen\"><\/iframe>\n\nEsta poltrona foi concebida para proporcionar conforto e estilo, tornando-a numa escolha ideal para qualquer sala de estar, quarto ou escrit\u00f3rio. Quer seja utilizada como uma pe\u00e7a de destaque ou integrada na decora\u00e7\u00e3o existente, traz um toque de heran\u00e7a marroquina e uma energia vibrante \u00e0 sua casa.\n\n<\/div>\t\t\t\t\t\t\t\t<\/div>\n\t\t\t\t<\/div>\n\t\t\t\t\t<\/div>\n\t\t\t\t<\/div>\n\t\t\t\t<\/div>","protected":false},"excerpt":{"rendered":"<p>D\u00ea um toque ousado e acolhedor \u00e0 sua casa com esta poltrona boucle marroquina feita \u00e0 m\u00e3o. Apresenta um impressionante padr\u00e3o chevron em preto e branco, complementado por vibrantes toques amarelos e uma estrutura de madeira maci\u00e7a.<\/p>","protected":false},"featured_media":105583,"comment_status":"open","ping_status":"closed","template":"","meta":[],"product_brand":[],"product_cat":[15,351],"product_tag":[],"class_list":{"0":"post-105582","1":"product","2":"type-product","3":"status-publish","4":"has-post-thumbnail","6":"product_cat-uncategorized","7":"product_cat-chair","9":"first","10":"instock","11":"sale","12":"shipping-taxable","13":"purchasable","14":"product-type-simple"},"jetpack_sharing_enabled":true,"_links":{"self":[{"href":"https:\/\/berberedesign.com\/pt\/wp-json\/wp\/v2\/product\/105582","targetHints":{"allow":["GET"]}}],"collection":[{"href":"https:\/\/berberedesign.com\/pt\/wp-json\/wp\/v2\/product"}],"about":[{"href":"https:\/\/berberedesign.com\/pt\/wp-json\/wp\/v2\/types\/product"}],"replies":[{"embeddable":true,"href":"https:\/\/berberedesign.com\/pt\/wp-json\/wp\/v2\/comments?post=105582"}],"version-history":[{"count":4,"href":"https:\/\/berberedesign.com\/pt\/wp-json\/wp\/v2\/product\/105582\/revisions"}],"predecessor-version":[{"id":106134,"href":"https:\/\/berberedesign.com\/pt\/wp-json\/wp\/v2\/product\/105582\/revisions\/106134"}],"wp:featuredmedia":[{"embeddable":true,"href":"https:\/\/berberedesign.com\/pt\/wp-json\/wp\/v2\/media\/105583"}],"wp:attachment":[{"href":"https:\/\/berberedesign.com\/pt\/wp-json\/wp\/v2\/media?parent=105582"}],"wp:term":[{"taxonomy":"product_brand","embeddable":true,"href":"https:\/\/berberedesign.com\/pt\/wp-json\/wp\/v2\/product_brand?post=105582"},{"taxonomy":"product_cat","embeddable":true,"href":"https:\/\/berberedesign.com\/pt\/wp-json\/wp\/v2\/product_cat?post=105582"},{"taxonomy":"product_tag","embeddable":true,"href":"https:\/\/berberedesign.com\/pt\/wp-json\/wp\/v2\/product_tag?post=105582"}],"curies":[{"name":"wp","href":"https:\/\/api.w.org\/{rel}","templated":true}]}}