{"id":105572,"date":"2025-01-23T20:27:57","date_gmt":"2025-01-23T20:27:57","guid":{"rendered":"https:\/\/berberedesign.com\/handcrafted-wool-berber-chair-with-orange-accents\/"},"modified":"2025-02-22T17:24:20","modified_gmt":"2025-02-22T17:24:20","slug":"cadeira-de-la-de-berbere-artesanal-com-detalhes-em-laranja","status":"publish","type":"product","link":"https:\/\/berberedesign.com\/pt\/cadeira-de-la-de-berbere-artesanal-com-detalhes-em-laranja\/","title":{"rendered":"Cadeira berbere de l\u00e3 artesanal com pormenores em laranja"},"content":{"rendered":"<div data-elementor-type=\"product-post\" data-elementor-id=\"105572\" class=\"elementor elementor-105572\" data-elementor-post-type=\"product\">\n\t\t\t\t<div class=\"elementor-element elementor-element-54e98484 e-flex e-con-boxed e-con e-parent\" data-id=\"54e98484\" data-element_type=\"container\">\n\t\t\t\t\t<div class=\"e-con-inner\">\n\t\t\t\t<div class=\"elementor-element elementor-element-17ef3114 elementor-widget elementor-widget-text-editor\" data-id=\"17ef3114\" data-element_type=\"widget\" data-widget_type=\"text-editor.default\">\n\t\t\t\t<div class=\"elementor-widget-container\">\n\t\t\t\t\t\t\t\t\t<div>\n<h2>Cadeira berbere de l\u00e3 artesanal com pormenores em laranja<\/h2>\n<\/div>\n<iframe title=\"Leitor de v\u00eddeo do YouTube\" src=\"https:\/\/www.youtube.com\/embed\/ZUztyg22rxc?si=NbdjbkJtZ_a_aDoF\" width=\"560\" height=\"315\" frameborder=\"0\" allowfullscreen=\"allowfullscreen\"><\/iframe>\n<div>\n\nD\u00ea um toque de artesanato marroquino \u00e0 sua casa com esta requintada cadeira berbere de l\u00e3 feita \u00e0 m\u00e3o. O design apresenta uma bela mistura de l\u00e3 natural com toques de laranja quente, criando uma pe\u00e7a que \u00e9 simultaneamente elegante e acolhedora. A estrutura circular em madeira acrescenta um elemento arquitet\u00f3nico \u00fanico, tornando-a uma adi\u00e7\u00e3o de destaque a qualquer divis\u00e3o.\n<ul>\n \t<li>Estofos em l\u00e3 tecidos \u00e0 m\u00e3o para maior conforto e durabilidade.<\/li>\n \t<li>Acentos laranja \u00fanicos para um toque vibrante de design marroquino.<\/li>\n \t<li>Moldura de madeira dur\u00e1vel com um design circular para um aspeto moderno e art\u00edstico.<\/li>\n<\/ul>\nEsta cadeira \u00e9 mais do que uma simples op\u00e7\u00e3o de assento - \u00e9 uma pe\u00e7a de arte que conta uma hist\u00f3ria de tradi\u00e7\u00e3o e qualidade. Perfeita para salas de estar, recantos de leitura ou como pe\u00e7a de destaque em quartos.\n\n&nbsp;\n\n<\/div>\t\t\t\t\t\t\t\t<\/div>\n\t\t\t\t<\/div>\n\t\t\t\t\t<\/div>\n\t\t\t\t<\/div>\n\t\t\t\t<\/div>","protected":false},"excerpt":{"rendered":"<p>Uma deslumbrante cadeira berbere em l\u00e3, feita \u00e0 m\u00e3o, com detalhes em laranja quente e uma distinta estrutura circular em madeira. Perfeita para dar um toque marroquino a qualquer espa\u00e7o.<\/p>","protected":false},"featured_media":105573,"comment_status":"open","ping_status":"closed","template":"","meta":[],"product_brand":[],"product_cat":[15,351],"product_tag":[],"class_list":{"0":"post-105572","1":"product","2":"type-product","3":"status-publish","4":"has-post-thumbnail","6":"product_cat-uncategorized","7":"product_cat-chair","9":"first","10":"instock","11":"sale","12":"shipping-taxable","13":"purchasable","14":"product-type-simple"},"jetpack_sharing_enabled":true,"_links":{"self":[{"href":"https:\/\/berberedesign.com\/pt\/wp-json\/wp\/v2\/product\/105572","targetHints":{"allow":["GET"]}}],"collection":[{"href":"https:\/\/berberedesign.com\/pt\/wp-json\/wp\/v2\/product"}],"about":[{"href":"https:\/\/berberedesign.com\/pt\/wp-json\/wp\/v2\/types\/product"}],"replies":[{"embeddable":true,"href":"https:\/\/berberedesign.com\/pt\/wp-json\/wp\/v2\/comments?post=105572"}],"version-history":[{"count":4,"href":"https:\/\/berberedesign.com\/pt\/wp-json\/wp\/v2\/product\/105572\/revisions"}],"predecessor-version":[{"id":106138,"href":"https:\/\/berberedesign.com\/pt\/wp-json\/wp\/v2\/product\/105572\/revisions\/106138"}],"wp:featuredmedia":[{"embeddable":true,"href":"https:\/\/berberedesign.com\/pt\/wp-json\/wp\/v2\/media\/105573"}],"wp:attachment":[{"href":"https:\/\/berberedesign.com\/pt\/wp-json\/wp\/v2\/media?parent=105572"}],"wp:term":[{"taxonomy":"product_brand","embeddable":true,"href":"https:\/\/berberedesign.com\/pt\/wp-json\/wp\/v2\/product_brand?post=105572"},{"taxonomy":"product_cat","embeddable":true,"href":"https:\/\/berberedesign.com\/pt\/wp-json\/wp\/v2\/product_cat?post=105572"},{"taxonomy":"product_tag","embeddable":true,"href":"https:\/\/berberedesign.com\/pt\/wp-json\/wp\/v2\/product_tag?post=105572"}],"curies":[{"name":"wp","href":"https:\/\/api.w.org\/{rel}","templated":true}]}}