{"id":105564,"date":"2025-01-23T20:27:54","date_gmt":"2025-01-23T20:27:54","guid":{"rendered":"https:\/\/berberedesign.com\/handcrafted-moroccan-wool-accent-chair-in-earthy-orange-tones\/"},"modified":"2025-02-04T19:57:01","modified_gmt":"2025-02-04T19:57:01","slug":"cadeira-de-acento-de-la-marroquina-artesanal-em-tons-de-laranja-terra","status":"publish","type":"product","link":"https:\/\/berberedesign.com\/pt\/cadeira-de-acento-de-la-marroquina-artesanal-em-tons-de-laranja-terra\/","title":{"rendered":"Cadeira de acento de l\u00e3 marroquina feita \u00e0 m\u00e3o em tons de laranja terrosos"},"content":{"rendered":"<div data-elementor-type=\"product-post\" data-elementor-id=\"105564\" class=\"elementor elementor-105564\" data-elementor-post-type=\"product\">\n\t\t\t\t<div class=\"elementor-element elementor-element-5c1fb922 e-flex e-con-boxed e-con e-parent\" data-id=\"5c1fb922\" data-element_type=\"container\">\n\t\t\t\t\t<div class=\"e-con-inner\">\n\t\t\t\t<div class=\"elementor-element elementor-element-bd80eba elementor-widget elementor-widget-text-editor\" data-id=\"bd80eba\" data-element_type=\"widget\" data-widget_type=\"text-editor.default\">\n\t\t\t\t<div class=\"elementor-widget-container\">\n\t\t\t\t\t\t\t\t\t<div style=\"text-align: center;\"><\/div>\nTraga uma pe\u00e7a de artesanato marroquino para a sua casa com esta cadeira de l\u00e3 exclusiva. Cuidadosamente concebida com um tom laranja vibrante e subtis detalhes diagonais em verde, esta cadeira incorpora o calor e a beleza artesanal. A capa de l\u00e3 macia n\u00e3o s\u00f3 \u00e9 visualmente deslumbrante, como tamb\u00e9m oferece um conforto excecional. A sua robusta estrutura circular em madeira confere um toque moderno e r\u00fastico, garantindo durabilidade e eleg\u00e2ncia intemporal.\n\n<iframe width=\"560\" height=\"315\" src=\"https:\/\/www.youtube.com\/embed\/svR8YBWxWYw?si=XeJiH-S-uWIocrOl\" title=\"Leitor de v\u00eddeo do YouTube\" frameborder=\"0\" allow=\"accelerometer; autoplay; clipboard-write; encrypted-media; gyroscope; picture-in-picture; web-share\" referrerpolicy=\"strict-origin-when-cross-origin\" allowfullscreen><\/iframe>&nbsp;\n\n&nbsp;\n\nQuer seja colocada na sua sala de estar, no recanto de leitura ou no quarto, esta cadeira de acento \u00e9 uma pe\u00e7a de afirma\u00e7\u00e3o que combina estilo, tradi\u00e7\u00e3o e funcionalidade. Cada cadeira \u00e9 fabricada por artes\u00e3os qualificados, tornando-a numa adi\u00e7\u00e3o \u00fanica \u00e0 sua decora\u00e7\u00e3o interior.\n\nExperimente o equil\u00edbrio perfeito entre tradi\u00e7\u00e3o e modernidade com esta luxuosa cadeira de l\u00e3 marroquina!\t\t\t\t\t\t\t\t<\/div>\n\t\t\t\t<\/div>\n\t\t\t\t\t<\/div>\n\t\t\t\t<\/div>\n\t\t\t\t<\/div>","protected":false},"excerpt":{"rendered":"<p>Eleve o seu espa\u00e7o com esta cadeira de acento marroquina artesanal com um design de l\u00e3 laranja macia e fofa e uma estrutura de madeira circular robusta. Perfeita para acrescentar calor e charme artesanal \u00e0 sua casa.<\/p>","protected":false},"featured_media":105565,"comment_status":"open","ping_status":"closed","template":"","meta":[],"product_brand":[],"product_cat":[15,351],"product_tag":[],"class_list":{"0":"post-105564","1":"product","2":"type-product","3":"status-publish","4":"has-post-thumbnail","6":"product_cat-uncategorized","7":"product_cat-chair","9":"first","10":"instock","11":"sale","12":"shipping-taxable","13":"purchasable","14":"product-type-simple"},"jetpack_sharing_enabled":true,"_links":{"self":[{"href":"https:\/\/berberedesign.com\/pt\/wp-json\/wp\/v2\/product\/105564","targetHints":{"allow":["GET"]}}],"collection":[{"href":"https:\/\/berberedesign.com\/pt\/wp-json\/wp\/v2\/product"}],"about":[{"href":"https:\/\/berberedesign.com\/pt\/wp-json\/wp\/v2\/types\/product"}],"replies":[{"embeddable":true,"href":"https:\/\/berberedesign.com\/pt\/wp-json\/wp\/v2\/comments?post=105564"}],"version-history":[{"count":4,"href":"https:\/\/berberedesign.com\/pt\/wp-json\/wp\/v2\/product\/105564\/revisions"}],"predecessor-version":[{"id":106141,"href":"https:\/\/berberedesign.com\/pt\/wp-json\/wp\/v2\/product\/105564\/revisions\/106141"}],"wp:featuredmedia":[{"embeddable":true,"href":"https:\/\/berberedesign.com\/pt\/wp-json\/wp\/v2\/media\/105565"}],"wp:attachment":[{"href":"https:\/\/berberedesign.com\/pt\/wp-json\/wp\/v2\/media?parent=105564"}],"wp:term":[{"taxonomy":"product_brand","embeddable":true,"href":"https:\/\/berberedesign.com\/pt\/wp-json\/wp\/v2\/product_brand?post=105564"},{"taxonomy":"product_cat","embeddable":true,"href":"https:\/\/berberedesign.com\/pt\/wp-json\/wp\/v2\/product_cat?post=105564"},{"taxonomy":"product_tag","embeddable":true,"href":"https:\/\/berberedesign.com\/pt\/wp-json\/wp\/v2\/product_tag?post=105564"}],"curies":[{"name":"wp","href":"https:\/\/api.w.org\/{rel}","templated":true}]}}