{"id":105555,"date":"2025-01-23T20:27:52","date_gmt":"2025-01-23T20:27:52","guid":{"rendered":"https:\/\/berberedesign.com\/handcrafted-patchwork-berber-armchair-vibrant-multicolor-design\/"},"modified":"2025-02-04T20:10:02","modified_gmt":"2025-02-04T20:10:02","slug":"cadeirao-berbere-patchwork-artesanal-design-multicolor-vibrante","status":"publish","type":"product","link":"https:\/\/berberedesign.com\/pt\/cadeirao-berbere-patchwork-artesanal-design-multicolor-vibrante\/","title":{"rendered":"Cadeir\u00e3o berbere artesanal em patchwork - Design multicolorido vibrante"},"content":{"rendered":"<div data-elementor-type=\"product-post\" data-elementor-id=\"105555\" class=\"elementor elementor-105555\" data-elementor-post-type=\"product\">\n\t\t\t\t<div class=\"elementor-element elementor-element-1a9d4861 e-flex e-con-boxed e-con e-parent\" data-id=\"1a9d4861\" data-element_type=\"container\">\n\t\t\t\t\t<div class=\"e-con-inner\">\n\t\t\t\t<div class=\"elementor-element elementor-element-33c48e9a elementor-widget elementor-widget-text-editor\" data-id=\"33c48e9a\" data-element_type=\"widget\" data-widget_type=\"text-editor.default\">\n\t\t\t\t<div class=\"elementor-widget-container\">\n\t\t\t\t\t\t\t\t\t<div>\n<h2>Poltrona berbere artesanal em patchwork<\/h2>\nEsta deslumbrante poltrona traz uma explos\u00e3o de cor e autenticidade \u00e0 sua casa. Feito \u00e0 m\u00e3o por artes\u00e3os berberes qualificados, o design vibrante da manta de retalhos reflecte o rico patrim\u00f3nio e a criatividade do artesanato marroquino. Cada peda\u00e7o de tecido \u00e9 intrincadamente tecido com cores vivas e arrojadas, fazendo desta cadeira uma obra-prima \u00fanica que ilumina qualquer espa\u00e7o.\n\nA estrutura de madeira elegantemente curvada n\u00e3o s\u00f3 proporciona uma excelente durabilidade, como tamb\u00e9m acrescenta um toque de sofistica\u00e7\u00e3o moderna. O seu design ergon\u00f3mico garante o m\u00e1ximo conforto, tornando-a o complemento perfeito para a sua sala de estar, quarto ou recanto de leitura.\n\n<\/div>\n<iframe title=\"Leitor de v\u00eddeo do YouTube\" src=\"https:\/\/www.youtube.com\/embed\/V6Qlm91IttA?si=ofbNTxa3lc_c0E8u\" width=\"560\" height=\"315\" frameborder=\"0\" allowfullscreen=\"allowfullscreen\"><\/iframe>\n<div>\n\n<strong>Carater\u00edsticas principais:<\/strong>\n<ul>\n \t<li>Aut\u00eantico artesanato berbere marroquino<\/li>\n \t<li>Tecido de retalhos multicolorido \u00fanico<\/li>\n \t<li>Estrutura de madeira curvada dur\u00e1vel e elegante<\/li>\n \t<li>Perfeito para real\u00e7ar interiores modernos e tradicionais<\/li>\n<\/ul>\n&nbsp;\n\n<\/div>\t\t\t\t\t\t\t\t<\/div>\n\t\t\t\t<\/div>\n\t\t\t\t\t<\/div>\n\t\t\t\t<\/div>\n\t\t\t\t<\/div>","protected":false},"excerpt":{"rendered":"<p>Descubra a mistura perfeita de tradi\u00e7\u00e3o e modernidade com este cadeir\u00e3o berbere artesanal, adornado com um vibrante design de patchwork multicolorido e complementado por uma estrutura de madeira curva para conforto e estilo.<\/p>","protected":false},"featured_media":105556,"comment_status":"open","ping_status":"closed","template":"","meta":[],"product_brand":[],"product_cat":[15,351],"product_tag":[],"class_list":{"0":"post-105555","1":"product","2":"type-product","3":"status-publish","4":"has-post-thumbnail","6":"product_cat-uncategorized","7":"product_cat-chair","9":"first","10":"instock","11":"sale","12":"shipping-taxable","13":"purchasable","14":"product-type-simple"},"jetpack_sharing_enabled":true,"_links":{"self":[{"href":"https:\/\/berberedesign.com\/pt\/wp-json\/wp\/v2\/product\/105555","targetHints":{"allow":["GET"]}}],"collection":[{"href":"https:\/\/berberedesign.com\/pt\/wp-json\/wp\/v2\/product"}],"about":[{"href":"https:\/\/berberedesign.com\/pt\/wp-json\/wp\/v2\/types\/product"}],"replies":[{"embeddable":true,"href":"https:\/\/berberedesign.com\/pt\/wp-json\/wp\/v2\/comments?post=105555"}],"version-history":[{"count":4,"href":"https:\/\/berberedesign.com\/pt\/wp-json\/wp\/v2\/product\/105555\/revisions"}],"predecessor-version":[{"id":106185,"href":"https:\/\/berberedesign.com\/pt\/wp-json\/wp\/v2\/product\/105555\/revisions\/106185"}],"wp:featuredmedia":[{"embeddable":true,"href":"https:\/\/berberedesign.com\/pt\/wp-json\/wp\/v2\/media\/105556"}],"wp:attachment":[{"href":"https:\/\/berberedesign.com\/pt\/wp-json\/wp\/v2\/media?parent=105555"}],"wp:term":[{"taxonomy":"product_brand","embeddable":true,"href":"https:\/\/berberedesign.com\/pt\/wp-json\/wp\/v2\/product_brand?post=105555"},{"taxonomy":"product_cat","embeddable":true,"href":"https:\/\/berberedesign.com\/pt\/wp-json\/wp\/v2\/product_cat?post=105555"},{"taxonomy":"product_tag","embeddable":true,"href":"https:\/\/berberedesign.com\/pt\/wp-json\/wp\/v2\/product_tag?post=105555"}],"curies":[{"name":"wp","href":"https:\/\/api.w.org\/{rel}","templated":true}]}}