{"id":105516,"date":"2025-01-23T20:27:42","date_gmt":"2025-01-23T20:27:42","guid":{"rendered":"https:\/\/berberedesign.com\/elegant-handmade-green-wool-armchair-with-solid-wood-frame\/"},"modified":"2025-04-02T11:04:01","modified_gmt":"2025-04-02T11:04:01","slug":"elegante-cadeirao-artesanal-de-la-verde-com-estrutura-de-madeira-macica","status":"publish","type":"product","link":"https:\/\/berberedesign.com\/pt\/elegante-cadeirao-artesanal-de-la-verde-com-estrutura-de-madeira-macica\/","title":{"rendered":"Cadeir\u00e3o elegante feito \u00e0 m\u00e3o em l\u00e3 verde com estrutura em madeira maci\u00e7a"},"content":{"rendered":"<div data-elementor-type=\"product-post\" data-elementor-id=\"105516\" class=\"elementor elementor-105516\" data-elementor-post-type=\"product\">\n\t\t\t\t<div class=\"elementor-element elementor-element-66ae3871 e-flex e-con-boxed e-con e-parent\" data-id=\"66ae3871\" data-element_type=\"container\">\n\t\t\t\t\t<div class=\"e-con-inner\">\n\t\t\t\t<div class=\"elementor-element elementor-element-13eb1e4 elementor-widget elementor-widget-text-editor\" data-id=\"13eb1e4\" data-element_type=\"widget\" data-widget_type=\"text-editor.default\">\n\t\t\t\t<div class=\"elementor-widget-container\">\n\t\t\t\t\t\t\t\t\t<h2>Poltrona elegante de l\u00e3 verde feita \u00e0 m\u00e3o<\/h2>\nTraga charme e conforto intemporais \u00e0 sua casa com este requintado <strong>poltrona artesanal<\/strong>. Estofada com l\u00e3 verde vibrante, esta cadeira oferece uma sensa\u00e7\u00e3o calorosa e convidativa, ao mesmo tempo que faz uma afirma\u00e7\u00e3o de design arrojada. A estrutura em madeira maci\u00e7a apresenta um trabalho artesanal, garantindo durabilidade e eleg\u00e2ncia.\n\n<iframe title=\"Leitor de v\u00eddeo do YouTube\" src=\"https:\/\/www.youtube.com\/embed\/llLuzzCVG0A?si=vM6kSOE3SwVmVn1p\" width=\"560\" height=\"315\" frameborder=\"0\" allowfullscreen=\"allowfullscreen\"><\/iframe>\n\nQuer esteja \u00e0 procura de uma pe\u00e7a de destaque \u00fanica ou de uma cadeira de leitura acolhedora, este cadeir\u00e3o combina materiais tradicionais com uma est\u00e9tica moderna. As pernas e os apoios de bra\u00e7os em madeira meticulosamente trabalhados real\u00e7am a qualidade do design marroquino, tornando-a numa pe\u00e7a de destaque em qualquer ambiente.\n\n \n\nTransforme o seu espa\u00e7o de vida com este belo cadeir\u00e3o, concebido para oferecer conforto e estilo. Perfeita para salas de estar, escrit\u00f3rios ou espa\u00e7os criativos, esta cadeira vai certamente impressionar.\n\n&nbsp;\t\t\t\t\t\t\t\t<\/div>\n\t\t\t\t<\/div>\n\t\t\t\t\t<\/div>\n\t\t\t\t<\/div>\n\t\t\t\t<\/div>","protected":false},"excerpt":{"rendered":"<p>Esta elegante poltrona apresenta um estofo em l\u00e3 verde vibrante combinado com uma estrutura de madeira artesanal robusta. Perfeito para dar um toque acolhedor e sofisticado ao seu espa\u00e7o de vida.<\/p>","protected":false},"featured_media":105517,"comment_status":"open","ping_status":"closed","template":"","meta":[],"product_brand":[],"product_cat":[15,351],"product_tag":[],"class_list":{"0":"post-105516","1":"product","2":"type-product","3":"status-publish","4":"has-post-thumbnail","6":"product_cat-uncategorized","7":"product_cat-chair","9":"first","10":"instock","11":"sale","12":"shipping-taxable","13":"purchasable","14":"product-type-simple"},"jetpack_sharing_enabled":true,"_links":{"self":[{"href":"https:\/\/berberedesign.com\/pt\/wp-json\/wp\/v2\/product\/105516","targetHints":{"allow":["GET"]}}],"collection":[{"href":"https:\/\/berberedesign.com\/pt\/wp-json\/wp\/v2\/product"}],"about":[{"href":"https:\/\/berberedesign.com\/pt\/wp-json\/wp\/v2\/types\/product"}],"replies":[{"embeddable":true,"href":"https:\/\/berberedesign.com\/pt\/wp-json\/wp\/v2\/comments?post=105516"}],"version-history":[{"count":5,"href":"https:\/\/berberedesign.com\/pt\/wp-json\/wp\/v2\/product\/105516\/revisions"}],"predecessor-version":[{"id":106178,"href":"https:\/\/berberedesign.com\/pt\/wp-json\/wp\/v2\/product\/105516\/revisions\/106178"}],"wp:featuredmedia":[{"embeddable":true,"href":"https:\/\/berberedesign.com\/pt\/wp-json\/wp\/v2\/media\/105517"}],"wp:attachment":[{"href":"https:\/\/berberedesign.com\/pt\/wp-json\/wp\/v2\/media?parent=105516"}],"wp:term":[{"taxonomy":"product_brand","embeddable":true,"href":"https:\/\/berberedesign.com\/pt\/wp-json\/wp\/v2\/product_brand?post=105516"},{"taxonomy":"product_cat","embeddable":true,"href":"https:\/\/berberedesign.com\/pt\/wp-json\/wp\/v2\/product_cat?post=105516"},{"taxonomy":"product_tag","embeddable":true,"href":"https:\/\/berberedesign.com\/pt\/wp-json\/wp\/v2\/product_tag?post=105516"}],"curies":[{"name":"wp","href":"https:\/\/api.w.org\/{rel}","templated":true}]}}