{"id":105508,"date":"2025-01-23T20:27:40","date_gmt":"2025-01-23T20:27:40","guid":{"rendered":"https:\/\/berberedesign.com\/vibrant-orange-checkered-handmade-chair\/"},"modified":"2025-02-04T20:00:16","modified_gmt":"2025-02-04T20:00:16","slug":"cadeira-artesanal-axadrezada-cor-de-laranja-vibrante","status":"publish","type":"product","link":"https:\/\/berberedesign.com\/pt\/cadeira-artesanal-axadrezada-cor-de-laranja-vibrante\/","title":{"rendered":"Cadeira xadrez laranja vibrante feita \u00e0 m\u00e3o"},"content":{"rendered":"<div data-elementor-type=\"product-post\" data-elementor-id=\"105508\" class=\"elementor elementor-105508\" data-elementor-post-type=\"product\">\n\t\t\t\t<div class=\"elementor-element elementor-element-1d1ffa34 e-flex e-con-boxed e-con e-parent\" data-id=\"1d1ffa34\" data-element_type=\"container\">\n\t\t\t\t\t<div class=\"e-con-inner\">\n\t\t\t\t<div class=\"elementor-element elementor-element-4761d209 elementor-widget elementor-widget-text-editor\" data-id=\"4761d209\" data-element_type=\"widget\" data-widget_type=\"text-editor.default\">\n\t\t\t\t<div class=\"elementor-widget-container\">\n\t\t\t\t\t\t\t\t\t<div>\n<h2>Cadeira xadrez laranja vibrante feita \u00e0 m\u00e3o<\/h2>\n&nbsp;\n\nEsta deslumbrante cadeira feita \u00e0 m\u00e3o apresenta um arrojado padr\u00e3o axadrezado laranja e branco, trazendo energia e charme a qualquer divis\u00e3o. Estofada com l\u00e3 marroquina macia, tecida \u00e0 m\u00e3o, oferece uma experi\u00eancia de assento acolhedora e luxuosa.\n\nA estrutura em madeira \u00e9 fabricada com madeira dur\u00e1vel e de origem \u00e9tica, garantindo estabilidade e longevidade. Perfeita para dar um toque de artesanato \u00e0 sua sala de estar, quarto ou escrit\u00f3rio.\n<ul>\n \t<li>Fabricado \u00e0 m\u00e3o com l\u00e3 marroquina aut\u00eantica<\/li>\n \t<li>Design xadrez \u00fanico para uma afirma\u00e7\u00e3o arrojada<\/li>\n \t<li>Estrutura de madeira resistente e duradoura<\/li>\n \t<li>Perfeito para interiores modernos, bo\u00e9mios ou ecl\u00e9cticos<\/li>\n<\/ul>\n<\/div>\n<iframe title=\"Leitor de v\u00eddeo do YouTube\" src=\"https:\/\/www.youtube.com\/embed\/Ok-VWXnA5lM?si=6asMuS8lJXtkTrLL\" width=\"560\" height=\"315\" frameborder=\"0\" allowfullscreen=\"allowfullscreen\"><\/iframe>\n<div>\n\nCelebre a arte do artesanato marroquino com esta pe\u00e7a de mobili\u00e1rio \u00fanica. Transforme a sua casa num espa\u00e7o vibrante e convidativo!\n\n<\/div>\t\t\t\t\t\t\t\t<\/div>\n\t\t\t\t<\/div>\n\t\t\t\t\t<\/div>\n\t\t\t\t<\/div>\n\t\t\t\t<\/div>","protected":false},"excerpt":{"rendered":"<p>D\u00ea um toque de cor ao seu espa\u00e7o com esta vibrante cadeira xadrez laranja e branca feita \u00e0 m\u00e3o. Fabricada com l\u00e3 marroquina de qualidade superior e uma estrutura de madeira resistente, \u00e9 uma mistura perfeita de conforto e estilo.<\/p>","protected":false},"featured_media":105509,"comment_status":"open","ping_status":"closed","template":"","meta":[],"product_brand":[],"product_cat":[15,351],"product_tag":[],"class_list":{"0":"post-105508","1":"product","2":"type-product","3":"status-publish","4":"has-post-thumbnail","6":"product_cat-uncategorized","7":"product_cat-chair","9":"first","10":"instock","11":"sale","12":"shipping-taxable","13":"purchasable","14":"product-type-simple"},"jetpack_sharing_enabled":true,"_links":{"self":[{"href":"https:\/\/berberedesign.com\/pt\/wp-json\/wp\/v2\/product\/105508","targetHints":{"allow":["GET"]}}],"collection":[{"href":"https:\/\/berberedesign.com\/pt\/wp-json\/wp\/v2\/product"}],"about":[{"href":"https:\/\/berberedesign.com\/pt\/wp-json\/wp\/v2\/types\/product"}],"replies":[{"embeddable":true,"href":"https:\/\/berberedesign.com\/pt\/wp-json\/wp\/v2\/comments?post=105508"}],"version-history":[{"count":4,"href":"https:\/\/berberedesign.com\/pt\/wp-json\/wp\/v2\/product\/105508\/revisions"}],"predecessor-version":[{"id":106149,"href":"https:\/\/berberedesign.com\/pt\/wp-json\/wp\/v2\/product\/105508\/revisions\/106149"}],"wp:featuredmedia":[{"embeddable":true,"href":"https:\/\/berberedesign.com\/pt\/wp-json\/wp\/v2\/media\/105509"}],"wp:attachment":[{"href":"https:\/\/berberedesign.com\/pt\/wp-json\/wp\/v2\/media?parent=105508"}],"wp:term":[{"taxonomy":"product_brand","embeddable":true,"href":"https:\/\/berberedesign.com\/pt\/wp-json\/wp\/v2\/product_brand?post=105508"},{"taxonomy":"product_cat","embeddable":true,"href":"https:\/\/berberedesign.com\/pt\/wp-json\/wp\/v2\/product_cat?post=105508"},{"taxonomy":"product_tag","embeddable":true,"href":"https:\/\/berberedesign.com\/pt\/wp-json\/wp\/v2\/product_tag?post=105508"}],"curies":[{"name":"wp","href":"https:\/\/api.w.org\/{rel}","templated":true}]}}