{"id":105500,"date":"2025-01-23T20:27:38","date_gmt":"2025-01-23T20:27:38","guid":{"rendered":"https:\/\/berberedesign.com\/vintage-purple-boucle-moroccan-lounge-chair-handmade-comfort-and-style\/"},"modified":"2025-08-28T04:58:28","modified_gmt":"2025-08-28T04:58:28","slug":"poltrona-marroquina-de-boucle-roxa-vintage-conforto-e-estilo-feitos-a-mao","status":"publish","type":"product","link":"https:\/\/berberedesign.com\/pt\/poltrona-marroquina-de-boucle-roxa-vintage-conforto-e-estilo-feitos-a-mao\/","title":{"rendered":"Cadeira de sala de estar marroquina de boucle roxo vintage - Conforto e estilo feitos \u00e0 m\u00e3o"},"content":{"rendered":"<div data-elementor-type=\"product-post\" data-elementor-id=\"105500\" class=\"elementor elementor-105500\" data-elementor-post-type=\"product\">\n\t\t\t\t<div class=\"elementor-element elementor-element-4c556d34 e-flex e-con-boxed e-con e-parent\" data-id=\"4c556d34\" data-element_type=\"container\">\n\t\t\t\t\t<div class=\"e-con-inner\">\n\t\t\t\t<div class=\"elementor-element elementor-element-1fe69589 elementor-widget elementor-widget-text-editor\" data-id=\"1fe69589\" data-element_type=\"widget\" data-widget_type=\"text-editor.default\">\n\t\t\t\t<div class=\"elementor-widget-container\">\n\t\t\t\t\t\t\t\t\t<div>\n<h2>Cadeira de sala de estar marroquina de boucle roxo vintage<\/h2>\nAdicione um toque de cor arrojada e uma textura luxuosa ao seu espa\u00e7o de vida com esta deslumbrante\n<strong>espregui\u00e7adeira marroquina artesanal<\/strong>. Com uma cobertura de l\u00e3 boucle roxa vibrante e uma estrutura de madeira curvada de forma \u00fanica, esta cadeira \u00e9 simultaneamente uma pe\u00e7a de afirma\u00e7\u00e3o e um retiro acolhedor.\n\n \n\nCada cadeira \u00e9 fabricada por artes\u00e3os qualificados, misturando t\u00e9cnicas tradicionais marroquinas com elementos de design modernos.\nOs estofos em l\u00e3 boucle oferecem uma textura rica e uma excelente durabilidade, enquanto o design ergon\u00f3mico garante um conforto duradouro.\n\n \n\nQuer seja utilizada como uma pe\u00e7a de destaque na sua sala de estar ou como uma cadeira de leitura num canto acolhedor, esta espregui\u00e7adeira oferece estilo e funcionalidade.\n\u00c9 uma verdadeira personifica\u00e7\u00e3o do artesanato marroquino, o que a torna perfeita para interiores contempor\u00e2neos e bo\u00e9mios.\n\n<iframe title=\"Leitor de v\u00eddeo do YouTube\" src=\"https:\/\/www.youtube.com\/embed\/W0lNWRMsJkI?si=mRTVruFq3rbAFXnu\" width=\"560\" height=\"315\" frameborder=\"0\" allowfullscreen=\"allowfullscreen\"><\/iframe>\n\n<strong>Carater\u00edsticas principais:<\/strong>\n<ul>\n \t<li>Estofos em l\u00e3 boucle roxa tecidos \u00e0 m\u00e3o<\/li>\n \t<li>Moldura de madeira curva e elegante<\/li>\n \t<li>Artesanato marroquino aut\u00eantico<\/li>\n \t<li>Design luxuoso e duradouro<\/li>\n<\/ul>\nD\u00ea um toque de arte marroquina \u00e0 sua casa com esta espregui\u00e7adeira \u00fanica.\nO seu design apelativo e os materiais de primeira qualidade garantem que ser\u00e1 um ponto de partida para conversas durante muitos anos.\n\n<\/div>\t\t\t\t\t\t\t\t<\/div>\n\t\t\t\t<\/div>\n\t\t\t\t\t<\/div>\n\t\t\t\t<\/div>\n\t\t\t\t<\/div>","protected":false},"excerpt":{"rendered":"<p>Cadeira lounge marroquina feita \u00e0 m\u00e3o com uma impressionante capa de l\u00e3 boucle roxa e uma elegante estrutura de madeira. Perfeita para dar um toque luxuoso e r\u00fastico \u00e0 sua casa.<\/p>","protected":false},"featured_media":105501,"comment_status":"open","ping_status":"closed","template":"","meta":[],"product_brand":[],"product_cat":[15,351],"product_tag":[],"class_list":{"0":"post-105500","1":"product","2":"type-product","3":"status-publish","4":"has-post-thumbnail","6":"product_cat-uncategorized","7":"product_cat-chair","9":"first","10":"instock","11":"sale","12":"shipping-taxable","13":"purchasable","14":"product-type-simple"},"jetpack_sharing_enabled":true,"_links":{"self":[{"href":"https:\/\/berberedesign.com\/pt\/wp-json\/wp\/v2\/product\/105500","targetHints":{"allow":["GET"]}}],"collection":[{"href":"https:\/\/berberedesign.com\/pt\/wp-json\/wp\/v2\/product"}],"about":[{"href":"https:\/\/berberedesign.com\/pt\/wp-json\/wp\/v2\/types\/product"}],"replies":[{"embeddable":true,"href":"https:\/\/berberedesign.com\/pt\/wp-json\/wp\/v2\/comments?post=105500"}],"version-history":[{"count":4,"href":"https:\/\/berberedesign.com\/pt\/wp-json\/wp\/v2\/product\/105500\/revisions"}],"predecessor-version":[{"id":106157,"href":"https:\/\/berberedesign.com\/pt\/wp-json\/wp\/v2\/product\/105500\/revisions\/106157"}],"wp:featuredmedia":[{"embeddable":true,"href":"https:\/\/berberedesign.com\/pt\/wp-json\/wp\/v2\/media\/105501"}],"wp:attachment":[{"href":"https:\/\/berberedesign.com\/pt\/wp-json\/wp\/v2\/media?parent=105500"}],"wp:term":[{"taxonomy":"product_brand","embeddable":true,"href":"https:\/\/berberedesign.com\/pt\/wp-json\/wp\/v2\/product_brand?post=105500"},{"taxonomy":"product_cat","embeddable":true,"href":"https:\/\/berberedesign.com\/pt\/wp-json\/wp\/v2\/product_cat?post=105500"},{"taxonomy":"product_tag","embeddable":true,"href":"https:\/\/berberedesign.com\/pt\/wp-json\/wp\/v2\/product_tag?post=105500"}],"curies":[{"name":"wp","href":"https:\/\/api.w.org\/{rel}","templated":true}]}}