{"id":105492,"date":"2025-01-23T20:27:36","date_gmt":"2025-01-23T20:27:36","guid":{"rendered":"https:\/\/berberedesign.com\/moroccan-wool-armchair-with-diamond-pattern\/"},"modified":"2025-02-04T20:06:31","modified_gmt":"2025-02-04T20:06:31","slug":"cadeirao-de-la-marroquina-com-padrao-de-diamante","status":"publish","type":"product","link":"https:\/\/berberedesign.com\/pt\/cadeirao-de-la-marroquina-com-padrao-de-diamante\/","title":{"rendered":"Cadeir\u00e3o de l\u00e3 marroquino com padr\u00e3o de diamante"},"content":{"rendered":"<div data-elementor-type=\"product-post\" data-elementor-id=\"105492\" class=\"elementor elementor-105492\" data-elementor-post-type=\"product\">\n\t\t\t\t<div class=\"elementor-element elementor-element-37742f99 e-flex e-con-boxed e-con e-parent\" data-id=\"37742f99\" data-element_type=\"container\">\n\t\t\t\t\t<div class=\"e-con-inner\">\n\t\t\t\t<div class=\"elementor-element elementor-element-6cb1c7af elementor-widget elementor-widget-text-editor\" data-id=\"6cb1c7af\" data-element_type=\"widget\" data-widget_type=\"text-editor.default\">\n\t\t\t\t<div class=\"elementor-widget-container\">\n\t\t\t\t\t\t\t\t\t<div>Transforme o seu espa\u00e7o de vida com este elegante <strong>Cadeir\u00e3o de l\u00e3 marroquino<\/strong>com um design intemporal de diamantes a preto e branco. Feita \u00e0 m\u00e3o com l\u00e3 natural de primeira qualidade, esta cadeira combina uma textura luxuosa com um trabalho artesanal, tornando-a numa pe\u00e7a de destaque para qualquer interior.<\/div>\n<iframe title=\"Leitor de v\u00eddeo do YouTube\" src=\"https:\/\/www.youtube.com\/embed\/hU58qrvK_4A?si=HXmrS5yR26wzYS8G\" width=\"560\" height=\"315\" frameborder=\"0\" allowfullscreen=\"allowfullscreen\"><\/iframe>\n\n&nbsp;\n<div>\n\nA estrutura de madeira robusta da poltrona complementa o seu estofo em l\u00e3 macia e acolhedora, oferecendo durabilidade e uma est\u00e9tica calorosa. O seu design ergon\u00f3mico garante um conforto excecional, tornando-a perfeita para relaxar ou como uma cadeira de destaque.\n\nMelhore a decora\u00e7\u00e3o da sua casa com esta combina\u00e7\u00e3o \u00fanica de heran\u00e7a marroquina e eleg\u00e2ncia moderna. Ideal para salas de estar, quartos ou qualquer espa\u00e7o que necessite de um toque de charme.\n\n<\/div>\t\t\t\t\t\t\t\t<\/div>\n\t\t\t\t<\/div>\n\t\t\t\t\t<\/div>\n\t\t\t\t<\/div>\n\t\t\t\t<\/div>","protected":false},"excerpt":{"rendered":"<p>Uma deslumbrante poltrona de l\u00e3 marroquina com um suave padr\u00e3o de diamante preto e branco, criada para conforto e estilo com uma estrutura de madeira dur\u00e1vel.<\/p>","protected":false},"featured_media":105493,"comment_status":"open","ping_status":"closed","template":"","meta":[],"product_brand":[],"product_cat":[15,351],"product_tag":[],"class_list":{"0":"post-105492","1":"product","2":"type-product","3":"status-publish","4":"has-post-thumbnail","6":"product_cat-uncategorized","7":"product_cat-chair","9":"first","10":"instock","11":"sale","12":"shipping-taxable","13":"purchasable","14":"product-type-simple"},"jetpack_sharing_enabled":true,"_links":{"self":[{"href":"https:\/\/berberedesign.com\/pt\/wp-json\/wp\/v2\/product\/105492","targetHints":{"allow":["GET"]}}],"collection":[{"href":"https:\/\/berberedesign.com\/pt\/wp-json\/wp\/v2\/product"}],"about":[{"href":"https:\/\/berberedesign.com\/pt\/wp-json\/wp\/v2\/types\/product"}],"replies":[{"embeddable":true,"href":"https:\/\/berberedesign.com\/pt\/wp-json\/wp\/v2\/comments?post=105492"}],"version-history":[{"count":4,"href":"https:\/\/berberedesign.com\/pt\/wp-json\/wp\/v2\/product\/105492\/revisions"}],"predecessor-version":[{"id":106173,"href":"https:\/\/berberedesign.com\/pt\/wp-json\/wp\/v2\/product\/105492\/revisions\/106173"}],"wp:featuredmedia":[{"embeddable":true,"href":"https:\/\/berberedesign.com\/pt\/wp-json\/wp\/v2\/media\/105493"}],"wp:attachment":[{"href":"https:\/\/berberedesign.com\/pt\/wp-json\/wp\/v2\/media?parent=105492"}],"wp:term":[{"taxonomy":"product_brand","embeddable":true,"href":"https:\/\/berberedesign.com\/pt\/wp-json\/wp\/v2\/product_brand?post=105492"},{"taxonomy":"product_cat","embeddable":true,"href":"https:\/\/berberedesign.com\/pt\/wp-json\/wp\/v2\/product_cat?post=105492"},{"taxonomy":"product_tag","embeddable":true,"href":"https:\/\/berberedesign.com\/pt\/wp-json\/wp\/v2\/product_tag?post=105492"}],"curies":[{"name":"wp","href":"https:\/\/api.w.org\/{rel}","templated":true}]}}