{"id":105482,"date":"2025-01-23T20:27:33","date_gmt":"2025-01-23T20:27:33","guid":{"rendered":"https:\/\/berberedesign.com\/vibrant-yellow-wool-berber-armchair-with-walnut-wood-frame\/"},"modified":"2025-02-04T20:06:17","modified_gmt":"2025-02-04T20:06:17","slug":"cadeirao-de-la-berbere-amarelo-vibrante-com-estrutura-de-madeira-de-nogueira","status":"publish","type":"product","link":"https:\/\/berberedesign.com\/pt\/cadeirao-de-la-berbere-amarelo-vibrante-com-estrutura-de-madeira-de-nogueira\/","title":{"rendered":"Poltrona berbere de l\u00e3 amarela vibrante com estrutura de madeira de nogueira"},"content":{"rendered":"<div data-elementor-type=\"product-post\" data-elementor-id=\"105482\" class=\"elementor elementor-105482\" data-elementor-post-type=\"product\">\n\t\t\t\t<div class=\"elementor-element elementor-element-3bcca1fd e-flex e-con-boxed e-con e-parent\" data-id=\"3bcca1fd\" data-element_type=\"container\">\n\t\t\t\t\t<div class=\"e-con-inner\">\n\t\t\t\t<div class=\"elementor-element elementor-element-614bb2c5 elementor-widget elementor-widget-text-editor\" data-id=\"614bb2c5\" data-element_type=\"widget\" data-widget_type=\"text-editor.default\">\n\t\t\t\t<div class=\"elementor-widget-container\">\n\t\t\t\t\t\t\t\t\t<h1>Poltrona berbere de l\u00e3 amarela vibrante com estrutura de madeira de nogueira<\/h1>\n<h2>Breve descri\u00e7\u00e3o:<\/h2>\nEleve o seu interior com esta vibrante poltrona berbere de l\u00e3 amarela. Fabricada \u00e0 m\u00e3o com l\u00e3 marroquina aut\u00eantica e suportada por uma elegante estrutura em madeira de nogueira, esta cadeira combina um design vibrante com um conforto luxuoso.\n<h2>Descri\u00e7\u00e3o:<\/h2>\nD\u00ea um toque de sol ao seu espa\u00e7o de vida com este <strong>Cadeir\u00e3o berbere de l\u00e3 amarelo<\/strong>O sof\u00e1 de madeira da marca Sloan, uma combina\u00e7\u00e3o impressionante de arte marroquina vibrante e design de mobili\u00e1rio moderno. Estofado com <strong>l\u00e3 marroquina tecida \u00e0 m\u00e3o<\/strong>Esta cadeira apresenta uma paleta amarela arrojada, criando uma atmosfera viva e acolhedora.\n\nO bra\u00e7o da poltrona <strong>estrutura ergon\u00f3mica em madeira de nogueira<\/strong> A almofada de l\u00e3 acrescenta durabilidade e eleg\u00e2ncia, com bra\u00e7os suaves e curvos que proporcionam um aspeto est\u00e9tico e um apoio robusto. A textura macia e fofa da l\u00e3 n\u00e3o s\u00f3 aumenta o conforto, mas tamb\u00e9m demonstra a sua <strong>aut\u00eantico artesanato berbere<\/strong>O hotel \u00e9 um dos mais famosos da Europa, c\u00e9lebre pelo seu car\u00e1cter tradicional e contempor\u00e2neo.\n\nQuer seja colocada na sua sala de estar, no seu recanto de leitura ou no seu escrit\u00f3rio, esta poltrona torna-se <strong>pe\u00e7a central de estilo e conforto<\/strong>A mesa de cabeceira, perfeita para quem aprecia m\u00f3veis \u00fanicos e artesanais. O seu design minimalista permite-lhe integrar-se perfeitamente em interiores modernos, bo\u00e9mios ou ecl\u00e9cticos.\n\n<iframe title=\"Leitor de v\u00eddeo do YouTube\" src=\"https:\/\/www.youtube.com\/embed\/CuduPBUIZxY?si=MoCamWNjlwG5qZNR\" width=\"560\" height=\"315\" frameborder=\"0\" allowfullscreen=\"allowfullscreen\"><\/iframe>\n<h3>Carater\u00edsticas principais:<\/h3>\n<ul>\n \t<li>Estofado com l\u00e3 marroquina amarela vibrante tecida \u00e0 m\u00e3o.<\/li>\n \t<li>Estrutura robusta em madeira de nogueira para maior durabilidade e eleg\u00e2ncia.<\/li>\n \t<li>Design ergon\u00f3mico para o m\u00e1ximo conforto e apoio.<\/li>\n \t<li>Uma pe\u00e7a intemporal, que combina a arte tradicional berbere com a est\u00e9tica do mobili\u00e1rio moderno.<\/li>\n<\/ul>\n&nbsp;\t\t\t\t\t\t\t\t<\/div>\n\t\t\t\t<\/div>\n\t\t\t\t\t<\/div>\n\t\t\t\t<\/div>\n\t\t\t\t<\/div>","protected":false},"excerpt":{"rendered":"<p>Eleve o seu interior com esta vibrante poltrona berbere de l\u00e3 amarela. Fabricada \u00e0 m\u00e3o com l\u00e3 marroquina aut\u00eantica e suportada por uma elegante estrutura em madeira de nogueira, esta cadeira combina um design vibrante com um conforto luxuoso.<\/p>","protected":false},"featured_media":105483,"comment_status":"open","ping_status":"closed","template":"","meta":[],"product_brand":[],"product_cat":[15,351],"product_tag":[],"class_list":{"0":"post-105482","1":"product","2":"type-product","3":"status-publish","4":"has-post-thumbnail","6":"product_cat-uncategorized","7":"product_cat-chair","9":"first","10":"instock","11":"sale","12":"shipping-taxable","13":"purchasable","14":"product-type-simple"},"jetpack_sharing_enabled":true,"_links":{"self":[{"href":"https:\/\/berberedesign.com\/pt\/wp-json\/wp\/v2\/product\/105482","targetHints":{"allow":["GET"]}}],"collection":[{"href":"https:\/\/berberedesign.com\/pt\/wp-json\/wp\/v2\/product"}],"about":[{"href":"https:\/\/berberedesign.com\/pt\/wp-json\/wp\/v2\/types\/product"}],"replies":[{"embeddable":true,"href":"https:\/\/berberedesign.com\/pt\/wp-json\/wp\/v2\/comments?post=105482"}],"version-history":[{"count":4,"href":"https:\/\/berberedesign.com\/pt\/wp-json\/wp\/v2\/product\/105482\/revisions"}],"predecessor-version":[{"id":106170,"href":"https:\/\/berberedesign.com\/pt\/wp-json\/wp\/v2\/product\/105482\/revisions\/106170"}],"wp:featuredmedia":[{"embeddable":true,"href":"https:\/\/berberedesign.com\/pt\/wp-json\/wp\/v2\/media\/105483"}],"wp:attachment":[{"href":"https:\/\/berberedesign.com\/pt\/wp-json\/wp\/v2\/media?parent=105482"}],"wp:term":[{"taxonomy":"product_brand","embeddable":true,"href":"https:\/\/berberedesign.com\/pt\/wp-json\/wp\/v2\/product_brand?post=105482"},{"taxonomy":"product_cat","embeddable":true,"href":"https:\/\/berberedesign.com\/pt\/wp-json\/wp\/v2\/product_cat?post=105482"},{"taxonomy":"product_tag","embeddable":true,"href":"https:\/\/berberedesign.com\/pt\/wp-json\/wp\/v2\/product_tag?post=105482"}],"curies":[{"name":"wp","href":"https:\/\/api.w.org\/{rel}","templated":true}]}}