{"id":105473,"date":"2025-01-23T20:27:31","date_gmt":"2025-01-23T20:27:31","guid":{"rendered":"https:\/\/berberedesign.com\/handcrafted-patchwork-armchair-with-vibrant-wool-upholstery\/"},"modified":"2025-02-04T20:04:54","modified_gmt":"2025-02-04T20:04:54","slug":"poltrona-artesanal-em-patchwork-com-estofos-em-la-vibrante","status":"publish","type":"product","link":"https:\/\/berberedesign.com\/pt\/poltrona-artesanal-em-patchwork-com-estofos-em-la-vibrante\/","title":{"rendered":"Poltrona artesanal em patchwork com estofos em l\u00e3 vibrante"},"content":{"rendered":"<div data-elementor-type=\"product-post\" data-elementor-id=\"105473\" class=\"elementor elementor-105473\" data-elementor-post-type=\"product\">\n\t\t\t\t<div class=\"elementor-element elementor-element-5f235fa1 e-flex e-con-boxed e-con e-parent\" data-id=\"5f235fa1\" data-element_type=\"container\">\n\t\t\t\t\t<div class=\"e-con-inner\">\n\t\t\t\t<div class=\"elementor-element elementor-element-59bff678 elementor-widget elementor-widget-text-editor\" data-id=\"59bff678\" data-element_type=\"widget\" data-widget_type=\"text-editor.default\">\n\t\t\t\t<div class=\"elementor-widget-container\">\n\t\t\t\t\t\t\t\t\t<div>Transforme o seu espa\u00e7o de vida com este <strong>poltrona artesanal em patchwork<\/strong>A cama \u00e9 uma mistura deslumbrante de laranja vibrante, azul profundo e tons neutros de bege.\nCada pe\u00e7a \u00e9 meticulosamente trabalhada \u00e0 m\u00e3o com estofos em l\u00e3 macia, inspirados nos padr\u00f5es tradicionais berberes, o que a torna verdadeiramente \u00fanica. A elegante estrutura em madeira proporciona um toque quente e org\u00e2nico, garantindo uma durabilidade duradoura. O encosto de apoio da poltrona e o amortecimento macio oferecem o m\u00e1ximo conforto, tornando-a ideal para relaxar ou divertir-se.\n\nPerfeita para salas de estar, recantos de leitura ou espa\u00e7os de trabalho criativos, esta poltrona confere car\u00e1cter e charme a qualquer ambiente. Quer realce uma decora\u00e7\u00e3o minimalista ou crie uma vibra\u00e7\u00e3o bo\u00e9mia, esta pe\u00e7a tornar-se-\u00e1 a pe\u00e7a central da sua casa.\n\n<\/div>\n<iframe title=\"Leitor de v\u00eddeo do YouTube\" src=\"https:\/\/www.youtube.com\/embed\/i_oGLnVbN08?si=TmL3m9ExkEp48-Vn\" width=\"560\" height=\"315\" frameborder=\"0\" allowfullscreen=\"allowfullscreen\"><\/iframe>\n\n&nbsp;\n<div>\n\n<strong>Carater\u00edsticas principais:<\/strong>\n<ul>\n \t<li>Estofos de l\u00e3 tecidos \u00e0 m\u00e3o em tons vibrantes de laranja e azul.<\/li>\n \t<li>Apoios de bra\u00e7os e pernas em madeira maci\u00e7a para uma durabilidade intemporal.<\/li>\n \t<li>Design confort\u00e1vel e de apoio para uma utiliza\u00e7\u00e3o quotidiana.<\/li>\n \t<li>Pe\u00e7a \u00fanica e exclusiva que combina tradi\u00e7\u00e3o e estilo moderno.<\/li>\n<\/ul>\nTraga a eleg\u00e2ncia do artesanato marroquino para a sua casa com este deslumbrante cadeir\u00e3o. N\u00e3o perca a oportunidade de possuir uma obra de arte intemporal.\n\n<\/div>\t\t\t\t\t\t\t\t<\/div>\n\t\t\t\t<\/div>\n\t\t\t\t\t<\/div>\n\t\t\t\t<\/div>\n\t\t\t\t<\/div>","protected":false},"excerpt":{"rendered":"<p>Eleve a sua decora\u00e7\u00e3o com esta poltrona artesanal em patchwork, com estofos em l\u00e3 laranja e azul vibrantes e uma estrutura de madeira robusta. Uma mistura perfeita de tradi\u00e7\u00e3o marroquina e eleg\u00e2ncia moderna.<\/p>","protected":false},"featured_media":105474,"comment_status":"open","ping_status":"closed","template":"","meta":[],"product_brand":[],"product_cat":[15,351],"product_tag":[],"class_list":{"0":"post-105473","1":"product","2":"type-product","3":"status-publish","4":"has-post-thumbnail","6":"product_cat-uncategorized","7":"product_cat-chair","9":"first","10":"instock","11":"sale","12":"shipping-taxable","13":"purchasable","14":"product-type-simple"},"jetpack_sharing_enabled":true,"_links":{"self":[{"href":"https:\/\/berberedesign.com\/pt\/wp-json\/wp\/v2\/product\/105473","targetHints":{"allow":["GET"]}}],"collection":[{"href":"https:\/\/berberedesign.com\/pt\/wp-json\/wp\/v2\/product"}],"about":[{"href":"https:\/\/berberedesign.com\/pt\/wp-json\/wp\/v2\/types\/product"}],"replies":[{"embeddable":true,"href":"https:\/\/berberedesign.com\/pt\/wp-json\/wp\/v2\/comments?post=105473"}],"version-history":[{"count":4,"href":"https:\/\/berberedesign.com\/pt\/wp-json\/wp\/v2\/product\/105473\/revisions"}],"predecessor-version":[{"id":106165,"href":"https:\/\/berberedesign.com\/pt\/wp-json\/wp\/v2\/product\/105473\/revisions\/106165"}],"wp:featuredmedia":[{"embeddable":true,"href":"https:\/\/berberedesign.com\/pt\/wp-json\/wp\/v2\/media\/105474"}],"wp:attachment":[{"href":"https:\/\/berberedesign.com\/pt\/wp-json\/wp\/v2\/media?parent=105473"}],"wp:term":[{"taxonomy":"product_brand","embeddable":true,"href":"https:\/\/berberedesign.com\/pt\/wp-json\/wp\/v2\/product_brand?post=105473"},{"taxonomy":"product_cat","embeddable":true,"href":"https:\/\/berberedesign.com\/pt\/wp-json\/wp\/v2\/product_cat?post=105473"},{"taxonomy":"product_tag","embeddable":true,"href":"https:\/\/berberedesign.com\/pt\/wp-json\/wp\/v2\/product_tag?post=105473"}],"curies":[{"name":"wp","href":"https:\/\/api.w.org\/{rel}","templated":true}]}}