{"id":105464,"date":"2025-01-23T20:27:28","date_gmt":"2025-01-23T20:27:28","guid":{"rendered":"https:\/\/berberedesign.com\/handmade-moroccan-chair-with-red-and-cream-wool-upholstery\/"},"modified":"2025-02-04T20:03:37","modified_gmt":"2025-02-04T20:03:37","slug":"cadeira-marroquina-artesanal-com-estofo-em-la-vermelha-e-creme","status":"publish","type":"product","link":"https:\/\/berberedesign.com\/pt\/cadeira-marroquina-artesanal-com-estofo-em-la-vermelha-e-creme\/","title":{"rendered":"Cadeira marroquina feita \u00e0 m\u00e3o com estofos em l\u00e3 vermelha e creme"},"content":{"rendered":"<div data-elementor-type=\"product-post\" data-elementor-id=\"105464\" class=\"elementor elementor-105464\" data-elementor-post-type=\"product\">\n\t\t\t\t<div class=\"elementor-element elementor-element-1951a47a e-flex e-con-boxed e-con e-parent\" data-id=\"1951a47a\" data-element_type=\"container\">\n\t\t\t\t\t<div class=\"e-con-inner\">\n\t\t\t\t<div class=\"elementor-element elementor-element-5adaa855 elementor-widget elementor-widget-text-editor\" data-id=\"5adaa855\" data-element_type=\"widget\" data-widget_type=\"text-editor.default\">\n\t\t\t\t<div class=\"elementor-widget-container\">\n\t\t\t\t\t\t\t\t\t<div>\n<h2>Cadeira marroquina feita \u00e0 m\u00e3o com estofos em l\u00e3 vermelha e creme<\/h2>\nD\u00ea um toque de eleg\u00e2ncia marroquina \u00e0 sua casa com esta deslumbrante cadeira feita \u00e0 m\u00e3o. Esta pe\u00e7a \u00fanica combina o melhor artesanato tradicional com uma est\u00e9tica moderna para criar uma pe\u00e7a de mobili\u00e1rio que \u00e9 t\u00e3o confort\u00e1vel como elegante.\n\n<strong>Carater\u00edsticas:<\/strong>\n<ul>\n \t<li>Estofado em l\u00e3 marroquina de alta qualidade com um padr\u00e3o vibrante em vermelho e creme.<\/li>\n \t<li>Estrutura de madeira feita \u00e0 m\u00e3o que oferece durabilidade e design intemporal.<\/li>\n \t<li>Perfeita para salas de estar, recantos de leitura ou como cadeira de destaque em qualquer decora\u00e7\u00e3o moderna ou bo\u00e9mia.<\/li>\n<\/ul>\nO padr\u00e3o vermelho e creme nos estofos mostra a arte vibrante do design t\u00eaxtil marroquino, enquanto a estrutura de madeira acrescenta calor e beleza natural. Cada cadeira \u00e9 feita de forma \u00fanica, garantindo que n\u00e3o existem duas pe\u00e7as exatamente iguais.\n\nEsta cadeira \u00e9 ideal para quem aprecia mobili\u00e1rio artesanal de alta qualidade que conta uma hist\u00f3ria. Utilize-a para dar um toque de cor e cultura \u00e0 sua casa ou escrit\u00f3rio.\n\n<\/div>\n&nbsp;\n\n<iframe title=\"Leitor de v\u00eddeo do YouTube\" src=\"https:\/\/www.youtube.com\/embed\/EQ36WwRDXK0?si=MxpBJ4us37DiPnCD\" width=\"560\" height=\"315\" frameborder=\"0\" allowfullscreen=\"allowfullscreen\"><\/iframe>\n\n&nbsp;\n<div>\n\n<strong>Instru\u00e7\u00f5es de manuten\u00e7\u00e3o:<\/strong> Limpar os estofos de l\u00e3, se necess\u00e1rio. Evite expor a estrutura de madeira \u00e0 humidade prolongada ou \u00e0 luz solar direta para manter o seu acabamento natural.\n\n&nbsp;\n\n<\/div>\t\t\t\t\t\t\t\t<\/div>\n\t\t\t\t<\/div>\n\t\t\t\t\t<\/div>\n\t\t\t\t<\/div>\n\t\t\t\t<\/div>","protected":false},"excerpt":{"rendered":"<p>Melhore o seu espa\u00e7o com esta cadeira marroquina artesanal, fabricada com uma estrutura de madeira robusta e estofos de l\u00e3 luxuosamente macios em vermelho e creme. Uma mistura perfeita de artesanato tradicional e design moderno.<\/p>","protected":false},"featured_media":105465,"comment_status":"open","ping_status":"closed","template":"","meta":[],"product_brand":[],"product_cat":[15,351],"product_tag":[349],"class_list":{"0":"post-105464","1":"product","2":"type-product","3":"status-publish","4":"has-post-thumbnail","6":"product_cat-uncategorized","7":"product_cat-chair","8":"product_tag-chair","10":"first","11":"instock","12":"sale","13":"shipping-taxable","14":"purchasable","15":"product-type-simple"},"jetpack_sharing_enabled":true,"_links":{"self":[{"href":"https:\/\/berberedesign.com\/pt\/wp-json\/wp\/v2\/product\/105464","targetHints":{"allow":["GET"]}}],"collection":[{"href":"https:\/\/berberedesign.com\/pt\/wp-json\/wp\/v2\/product"}],"about":[{"href":"https:\/\/berberedesign.com\/pt\/wp-json\/wp\/v2\/types\/product"}],"replies":[{"embeddable":true,"href":"https:\/\/berberedesign.com\/pt\/wp-json\/wp\/v2\/comments?post=105464"}],"version-history":[{"count":4,"href":"https:\/\/berberedesign.com\/pt\/wp-json\/wp\/v2\/product\/105464\/revisions"}],"predecessor-version":[{"id":106161,"href":"https:\/\/berberedesign.com\/pt\/wp-json\/wp\/v2\/product\/105464\/revisions\/106161"}],"wp:featuredmedia":[{"embeddable":true,"href":"https:\/\/berberedesign.com\/pt\/wp-json\/wp\/v2\/media\/105465"}],"wp:attachment":[{"href":"https:\/\/berberedesign.com\/pt\/wp-json\/wp\/v2\/media?parent=105464"}],"wp:term":[{"taxonomy":"product_brand","embeddable":true,"href":"https:\/\/berberedesign.com\/pt\/wp-json\/wp\/v2\/product_brand?post=105464"},{"taxonomy":"product_cat","embeddable":true,"href":"https:\/\/berberedesign.com\/pt\/wp-json\/wp\/v2\/product_cat?post=105464"},{"taxonomy":"product_tag","embeddable":true,"href":"https:\/\/berberedesign.com\/pt\/wp-json\/wp\/v2\/product_tag?post=105464"}],"curies":[{"name":"wp","href":"https:\/\/api.w.org\/{rel}","templated":true}]}}