{"id":105121,"date":"2025-01-22T17:58:16","date_gmt":"2025-01-22T17:58:16","guid":{"rendered":"https:\/\/berberedesign.com\/vibrant-green-moroccan-runner-rug\/"},"modified":"2025-02-14T16:16:45","modified_gmt":"2025-02-14T16:16:45","slug":"tapete-de-corredor-marroquino-verde-vibrante","status":"publish","type":"product","link":"https:\/\/berberedesign.com\/pt\/tapete-de-corredor-marroquino-verde-vibrante\/","title":{"rendered":"Tapete de corredor marroquino verde vibrante"},"content":{"rendered":"<p>&lt;h2&gt;Tapis berb&egrave;re marocain vert - Artesanato aut&ecirc;ntico&lt;\/h2&gt;<br \/>\n&lt;p&gt;Mergulhe no universo do savoir-faire marroquino com esta magn&iacute;fica tape&ccedil;aria berbere, concebida &agrave; m&atilde;o por artes&atilde;os talentosos. Esta fita em linho natural distingue-se pelo seu tom verde vibrante, que evoca a frescura das paisagens marroquinas.&lt;\/p&gt;<\/p>\n<p>&lt;h3&gt;Carater&iacute;sticas :&lt;\/h3&gt;<br \/>\n<ul><br \/>\n&lt;li&gt;&lt;strong&gt;Material :&lt;\/strong&gt; 100 % laine naturelle&lt;\/li&gt;<br \/>\n&lt;li&gt;&lt;strong&gt;Fabrico :&lt;\/strong&gt; Tiss&eacute; &agrave; la main por artes&atilde;os berbereiros&lt;\/li&gt;<br \/>\n&lt;li&gt;&lt;strong&gt;Cor :&lt;\/strong&gt; Nuances de verde com motivos subtis&lt;\/li&gt;<br \/>\n&lt;li&gt;&lt;strong&gt;Origem :&lt;\/strong&gt; Marrocos&lt;\/li&gt;<br \/>\n&lt;li&gt;&lt;strong&gt;Estilo :&lt;\/strong&gt; Boh&egrave;me, &eacute;tnico, tradicional&lt;\/li&gt;<br \/>\n<\/ul><\/p>\n<p>&lt;p&gt;Ideal para um sal&atilde;o, um quarto ou uma secret&aacute;ria, este tapete de ber&ccedil;o d&aacute; um toque de charme e autenticidade a todo o tipo de interiores. O seu design intemporal e o seu toque duplo constituem uma pe&ccedil;a de exce&ccedil;&atilde;o.&lt;\/p&gt;<\/p>\n<p>&lt;p&gt;Cada tapete &eacute; &uacute;nico, realizado de acordo com as t&eacute;cnicas ancestrais transmitidas de gera&ccedil;&atilde;o em gera&ccedil;&atilde;o.&lt;\/p&gt;<\/p>\n<p>&lt;h3&gt;Entretien :&lt;\/h3&gt;<br \/>\n&lt;p&gt;Para preservar a sua beleza, aspire regularmente as fitas sem brosse e evite a exposi&ccedil;&atilde;o direta ao sol.&lt;\/p&gt;<\/p>\n<p>&lt;p&gt;Entre na eleg&acirc;ncia marroquina consigo com este tapete de berbig&atilde;o refinado e aut&ecirc;ntico!&lt;\/p&gt;<\/p>","protected":false},"excerpt":{"rendered":"<p>D\u00ea um toque de beleza natural \u00e0 sua casa com este tapete verde vibrante de corredor marroquino. Tecido \u00e0 m\u00e3o com t\u00e9cnicas tradicionais berberes, a sua textura exuberante e os tons terra criam um ambiente sereno.<\/p>","protected":false},"featured_media":105122,"comment_status":"open","ping_status":"closed","template":"","meta":[],"product_brand":[],"product_cat":[190,319,318],"product_tag":[348],"class_list":{"0":"post-105121","1":"product","2":"type-product","3":"status-publish","4":"has-post-thumbnail","6":"product_cat-rugs","7":"product_cat-rugs-wool-handcrafted-benches","8":"product_cat-wool","9":"product_tag-rugs","10":"description-off","12":"first","13":"instock","14":"sale","15":"shipping-taxable","16":"purchasable","17":"product-type-variable"},"jetpack_sharing_enabled":true,"_links":{"self":[{"href":"https:\/\/berberedesign.com\/pt\/wp-json\/wp\/v2\/product\/105121","targetHints":{"allow":["GET"]}}],"collection":[{"href":"https:\/\/berberedesign.com\/pt\/wp-json\/wp\/v2\/product"}],"about":[{"href":"https:\/\/berberedesign.com\/pt\/wp-json\/wp\/v2\/types\/product"}],"replies":[{"embeddable":true,"href":"https:\/\/berberedesign.com\/pt\/wp-json\/wp\/v2\/comments?post=105121"}],"version-history":[{"count":3,"href":"https:\/\/berberedesign.com\/pt\/wp-json\/wp\/v2\/product\/105121\/revisions"}],"predecessor-version":[{"id":106602,"href":"https:\/\/berberedesign.com\/pt\/wp-json\/wp\/v2\/product\/105121\/revisions\/106602"}],"wp:featuredmedia":[{"embeddable":true,"href":"https:\/\/berberedesign.com\/pt\/wp-json\/wp\/v2\/media\/105122"}],"wp:attachment":[{"href":"https:\/\/berberedesign.com\/pt\/wp-json\/wp\/v2\/media?parent=105121"}],"wp:term":[{"taxonomy":"product_brand","embeddable":true,"href":"https:\/\/berberedesign.com\/pt\/wp-json\/wp\/v2\/product_brand?post=105121"},{"taxonomy":"product_cat","embeddable":true,"href":"https:\/\/berberedesign.com\/pt\/wp-json\/wp\/v2\/product_cat?post=105121"},{"taxonomy":"product_tag","embeddable":true,"href":"https:\/\/berberedesign.com\/pt\/wp-json\/wp\/v2\/product_tag?post=105121"}],"curies":[{"name":"wp","href":"https:\/\/api.w.org\/{rel}","templated":true}]}}