{"id":104772,"date":"2025-01-21T23:21:18","date_gmt":"2025-01-21T23:21:18","guid":{"rendered":"https:\/\/berberedesign.com\/handwoven-moroccan-wool-rug-in-soft-pink-and-black-diamond-pattern\/"},"modified":"2025-03-28T23:18:00","modified_gmt":"2025-03-28T23:18:00","slug":"tapete-de-la-marroquina-tecido-a-mao-com-padrao-de-diamantes-rosa-e-preto","status":"publish","type":"product","link":"https:\/\/berberedesign.com\/pt\/tapete-de-la-marroquina-tecido-a-mao-com-padrao-de-diamantes-rosa-e-preto\/","title":{"rendered":"Tapete de l\u00e3 marroquino tecido \u00e0 m\u00e3o com um padr\u00e3o suave de diamantes cor-de-rosa e pretos"},"content":{"rendered":"<div style=\"text-align: center;\"><\/div>\n<h2>Tapete de l\u00e3 marroquino tecido \u00e0 m\u00e3o com um padr\u00e3o suave de diamantes cor-de-rosa e pretos<\/h2>\n<p>Eleve a decora\u00e7\u00e3o da sua casa com este deslumbrante tapete de l\u00e3 marroquino tecido \u00e0 m\u00e3o. Com uma base rosa suave adornada com padr\u00f5es arrojados de diamantes pretos, este tapete combina o artesanato tradicional com o design contempor\u00e2neo para criar uma pe\u00e7a \u00fanica para o seu espa\u00e7o de vida.<\/p>\n<p><strong>Carater\u00edsticas:<\/strong><\/p>\n<ul>\n<li><strong>Material:<\/strong> 100% l\u00e3 natural, que proporciona uma textura suave e duradoura.<\/li>\n<li><strong>Conce\u00e7\u00e3o:<\/strong> Elegantes motivos de diamantes pretos sobre um fundo rosa pastel.<\/li>\n<li><strong>Feito \u00e0 m\u00e3o:<\/strong> Fabricado por artes\u00e3os marroquinos qualificados, garantindo autenticidade e exclusividade.<\/li>\n<li><strong>Bordos com franjas:<\/strong> Acrescenta um toque de charme tradicional ao design geral.<\/li>\n<\/ul>\n<p>Perfeito para salas de estar, quartos ou recantos acolhedores, este tapete proporciona calor e estilo a qualquer interior. A sua constru\u00e7\u00e3o em l\u00e3 natural garante uma qualidade duradoura e conforto para os p\u00e9s.<\/p>\n<p><strong>Instru\u00e7\u00f5es de manuten\u00e7\u00e3o:<\/strong> Limpe as manchas com um pano h\u00famido ou opte por uma limpeza profissional do tapete para manter a sua beleza.<\/p>\n<p><iframe title=\"Tapete de l\u00e3 marroquino tecido \u00e0 m\u00e3o com um padr\u00e3o suave de diamantes cor-de-rosa e pretos\" width=\"1200\" height=\"675\" src=\"https:\/\/www.youtube.com\/embed\/Mr-gn_Z-OpY?feature=oembed&#038;enablejsapi=1&#038;origin=https:\/\/berberedesign.com\" frameborder=\"0\" allow=\"accelerometer; autoplay; clipboard-write; encrypted-media; gyroscope; picture-in-picture; web-share\" referrerpolicy=\"strict-origin-when-cross-origin\" allowfullscreen><\/iframe><\/p>\n<p>D\u00ea um toque de heran\u00e7a marroquina \u00e0 sua casa com este requintado tapete tecido \u00e0 m\u00e3o. Uma pe\u00e7a intemporal que combina arte, cultura e funcionalidade.<\/p>","protected":false},"excerpt":{"rendered":"<p>Este requintado tapete de l\u00e3 marroquino apresenta uma deslumbrante base cor-de-rosa suave com motivos arrojados de diamantes pretos. Tecido \u00e0 m\u00e3o por artes\u00e3os qualificados, \u00e9 uma mistura perfeita de tradi\u00e7\u00e3o e design moderno para a decora\u00e7\u00e3o da sua casa.<\/p>","protected":false},"featured_media":104880,"comment_status":"open","ping_status":"closed","template":"","meta":[],"product_brand":[],"product_cat":[190,319,318],"product_tag":[348],"class_list":{"0":"post-104772","1":"product","2":"type-product","3":"status-publish","4":"has-post-thumbnail","6":"product_cat-rugs","7":"product_cat-rugs-wool-handcrafted-benches","8":"product_cat-wool","9":"product_tag-rugs","10":"description-off","12":"first","13":"instock","14":"sale","15":"shipping-taxable","16":"purchasable","17":"product-type-variable"},"jetpack_sharing_enabled":true,"_links":{"self":[{"href":"https:\/\/berberedesign.com\/pt\/wp-json\/wp\/v2\/product\/104772","targetHints":{"allow":["GET"]}}],"collection":[{"href":"https:\/\/berberedesign.com\/pt\/wp-json\/wp\/v2\/product"}],"about":[{"href":"https:\/\/berberedesign.com\/pt\/wp-json\/wp\/v2\/types\/product"}],"replies":[{"embeddable":true,"href":"https:\/\/berberedesign.com\/pt\/wp-json\/wp\/v2\/comments?post=104772"}],"version-history":[{"count":2,"href":"https:\/\/berberedesign.com\/pt\/wp-json\/wp\/v2\/product\/104772\/revisions"}],"predecessor-version":[{"id":106659,"href":"https:\/\/berberedesign.com\/pt\/wp-json\/wp\/v2\/product\/104772\/revisions\/106659"}],"wp:featuredmedia":[{"embeddable":true,"href":"https:\/\/berberedesign.com\/pt\/wp-json\/wp\/v2\/media\/104880"}],"wp:attachment":[{"href":"https:\/\/berberedesign.com\/pt\/wp-json\/wp\/v2\/media?parent=104772"}],"wp:term":[{"taxonomy":"product_brand","embeddable":true,"href":"https:\/\/berberedesign.com\/pt\/wp-json\/wp\/v2\/product_brand?post=104772"},{"taxonomy":"product_cat","embeddable":true,"href":"https:\/\/berberedesign.com\/pt\/wp-json\/wp\/v2\/product_cat?post=104772"},{"taxonomy":"product_tag","embeddable":true,"href":"https:\/\/berberedesign.com\/pt\/wp-json\/wp\/v2\/product_tag?post=104772"}],"curies":[{"name":"wp","href":"https:\/\/api.w.org\/{rel}","templated":true}]}}