{"id":104741,"date":"2025-01-21T23:21:10","date_gmt":"2025-01-21T23:21:10","guid":{"rendered":"https:\/\/berberedesign.com\/traditional-moroccan-diamond-pattern-wool-rug\/"},"modified":"2025-02-01T15:46:12","modified_gmt":"2025-02-01T15:46:12","slug":"tapete-de-la-tradicional-marroquino-com-padrao-de-diamante","status":"publish","type":"product","link":"https:\/\/berberedesign.com\/pt\/tapete-de-la-tradicional-marroquino-com-padrao-de-diamante\/","title":{"rendered":"Tapete de l\u00e3 tradicional marroquino com padr\u00e3o de diamante"},"content":{"rendered":"<p>\nTraga a beleza intemporal da arte marroquina para a sua casa com esta <strong>Tapete de l\u00e3 tradicional com padr\u00e3o de diamante<\/strong>. Meticulosamente tecido \u00e0 m\u00e3o por artes\u00e3os qualificados, este tapete apresenta um delicado design de diamante acentuado por tons naturais e terrosos. A textura de pel\u00facia da l\u00e3 aut\u00eantica proporciona um conforto e uma durabilidade excepcionais, garantindo uma combina\u00e7\u00e3o perfeita de funcionalidade e est\u00e9tica.\n<\/p>\n<p>\nEste tapete marroquino \u00e9 um complemento ideal para a sua sala de estar, quarto ou escrit\u00f3rio, exalando calor e eleg\u00e2ncia. O seu design vers\u00e1til complementa os interiores modernos e tradicionais, tornando-o numa pe\u00e7a de destaque em qualquer ambiente. Experimente a heran\u00e7a do artesanato marroquino com este requintado tapete de l\u00e3.\n<\/p>\n<ul>\n<li><strong>Material:<\/strong> 100% L\u00e3 aut\u00eantica<\/li>\n<li><strong>Padr\u00e3o:<\/strong> Motivo de diamante com pormenores<\/li>\n<li><strong>Cuidados:<\/strong> Recomenda-se a limpeza de manchas ou a limpeza profissional de tapetes<\/li>\n<\/ul>\n<p>Transforme o seu espa\u00e7o com uma pe\u00e7a de tradi\u00e7\u00e3o marroquina. Encomende a sua hoje mesmo!<\/p>","protected":false},"excerpt":{"rendered":"<p>Eleve o seu espa\u00e7o de vida com este tapete de l\u00e3 marroquino tecido \u00e0 m\u00e3o com um padr\u00e3o cl\u00e1ssico de diamante. Os seus tons naturais e detalhes intrincados reflectem um artesanato aut\u00eantico, perfeito para acrescentar calor e encanto a qualquer decora\u00e7\u00e3o.<\/p>","protected":false},"featured_media":104849,"comment_status":"open","ping_status":"closed","template":"","meta":[],"product_brand":[],"product_cat":[190,319,318],"product_tag":[348],"class_list":{"0":"post-104741","1":"product","2":"type-product","3":"status-publish","4":"has-post-thumbnail","6":"product_cat-rugs","7":"product_cat-rugs-wool-handcrafted-benches","8":"product_cat-wool","9":"product_tag-rugs","10":"description-off","12":"first","13":"instock","14":"sale","15":"shipping-taxable","16":"purchasable","17":"product-type-variable"},"jetpack_sharing_enabled":true,"_links":{"self":[{"href":"https:\/\/berberedesign.com\/pt\/wp-json\/wp\/v2\/product\/104741","targetHints":{"allow":["GET"]}}],"collection":[{"href":"https:\/\/berberedesign.com\/pt\/wp-json\/wp\/v2\/product"}],"about":[{"href":"https:\/\/berberedesign.com\/pt\/wp-json\/wp\/v2\/types\/product"}],"replies":[{"embeddable":true,"href":"https:\/\/berberedesign.com\/pt\/wp-json\/wp\/v2\/comments?post=104741"}],"version-history":[{"count":1,"href":"https:\/\/berberedesign.com\/pt\/wp-json\/wp\/v2\/product\/104741\/revisions"}],"predecessor-version":[{"id":104848,"href":"https:\/\/berberedesign.com\/pt\/wp-json\/wp\/v2\/product\/104741\/revisions\/104848"}],"wp:featuredmedia":[{"embeddable":true,"href":"https:\/\/berberedesign.com\/pt\/wp-json\/wp\/v2\/media\/104849"}],"wp:attachment":[{"href":"https:\/\/berberedesign.com\/pt\/wp-json\/wp\/v2\/media?parent=104741"}],"wp:term":[{"taxonomy":"product_brand","embeddable":true,"href":"https:\/\/berberedesign.com\/pt\/wp-json\/wp\/v2\/product_brand?post=104741"},{"taxonomy":"product_cat","embeddable":true,"href":"https:\/\/berberedesign.com\/pt\/wp-json\/wp\/v2\/product_cat?post=104741"},{"taxonomy":"product_tag","embeddable":true,"href":"https:\/\/berberedesign.com\/pt\/wp-json\/wp\/v2\/product_tag?post=104741"}],"curies":[{"name":"wp","href":"https:\/\/api.w.org\/{rel}","templated":true}]}}