{"id":104680,"date":"2025-01-21T23:20:56","date_gmt":"2025-01-21T23:20:56","guid":{"rendered":"https:\/\/berberedesign.com\/handwoven-moroccan-wool-rug-minimalist-black-and-cream\/"},"modified":"2025-02-07T22:19:36","modified_gmt":"2025-02-07T22:19:36","slug":"tapete-de-la-marroquina-tecido-a-mao-minimalista-preto-e-creme","status":"publish","type":"product","link":"https:\/\/berberedesign.com\/pt\/tapete-de-la-marroquina-tecido-a-mao-minimalista-preto-e-creme\/","title":{"rendered":"Tapete de l\u00e3 marroquino tecido \u00e0 m\u00e3o - Minimalista Preto e creme"},"content":{"rendered":"<h1>Tapete de l\u00e3 marroquino tecido \u00e0 m\u00e3o - Minimalista Preto e creme<\/h1>\n<p><strong>Melhore o seu espa\u00e7o de vida com a beleza intemporal deste tapete de l\u00e3 marroquino. Com um design minimalista em preto e creme, confere eleg\u00e2ncia e calor a qualquer divis\u00e3o.<\/strong><\/p>\n<p>Feito \u00e0 m\u00e3o por artes\u00e3os marroquinos qualificados, este tapete combina t\u00e9cnicas de tecelagem tradicionais com uma est\u00e9tica moderna. A sua textura de l\u00e3 macia e as linhas geom\u00e9tricas pretas criam uma pe\u00e7a sofisticada para a sua casa.<\/p>\n<ul>\n<li><strong>Artesanato aut\u00eantico:<\/strong> Tecido \u00e0 m\u00e3o com t\u00e9cnicas tradicionais marroquinas para um toque \u00fanico.<\/li>\n<li><strong>Material de qualidade superior:<\/strong> Fabricado em l\u00e3 natural 100% para maior durabilidade e suavidade.<\/li>\n<li><strong>Design minimalista e elegante:<\/strong> Base em creme com detalhes geom\u00e9tricos pretos arrojados, ideal para interiores contempor\u00e2neos ou cl\u00e1ssicos.<\/li>\n<li><strong>Tamanho vers\u00e1til:<\/strong> Perfeito para salas de estar, quartos ou como uma pe\u00e7a central marcante em qualquer espa\u00e7o.<\/li>\n<\/ul>\n<p><a href=\"https:\/\/berberedesign.com\/wp-content\/uploads\/2025\/01\/Untitled-2-02-1-19.webp\" target=\"_blank\"><img decoding=\"async\" src=\"https:\/\/berberedesign.com\/wp-content\/uploads\/2025\/01\/Untitled-2-02-1-19.webp\" alt=\"Tapete de l\u00e3 marroquino tecido \u00e0 m\u00e3o - Minimalista Preto e creme\" style=\"max-width: 100%;height: auto\" title=\"\"><\/a><\/p>\n<p>Transforme a sua casa com este elegante tapete de l\u00e3 marroquino, uma mistura perfeita de tradi\u00e7\u00e3o, artesanato e design moderno.<\/p>","protected":false},"excerpt":{"rendered":"<p>Eleve a sua casa com este tapete de l\u00e3 marroquino tecido \u00e0 m\u00e3o. Com um design minimalista em preto e creme, \u00e9 perfeito para espa\u00e7os modernos ou tradicionais.<\/p>","protected":false},"featured_media":104788,"comment_status":"open","ping_status":"closed","template":"","meta":[],"product_brand":[],"product_cat":[234,190,319,318],"product_tag":[348],"class_list":{"0":"post-104680","1":"product","2":"type-product","3":"status-publish","4":"has-post-thumbnail","6":"product_cat-best-sellers","7":"product_cat-rugs","8":"product_cat-rugs-wool-handcrafted-benches","9":"product_cat-wool","10":"product_tag-rugs","11":"description-off","13":"first","14":"instock","15":"sale","16":"shipping-taxable","17":"purchasable","18":"product-type-variable"},"jetpack_sharing_enabled":true,"_links":{"self":[{"href":"https:\/\/berberedesign.com\/pt\/wp-json\/wp\/v2\/product\/104680","targetHints":{"allow":["GET"]}}],"collection":[{"href":"https:\/\/berberedesign.com\/pt\/wp-json\/wp\/v2\/product"}],"about":[{"href":"https:\/\/berberedesign.com\/pt\/wp-json\/wp\/v2\/types\/product"}],"replies":[{"embeddable":true,"href":"https:\/\/berberedesign.com\/pt\/wp-json\/wp\/v2\/comments?post=104680"}],"version-history":[{"count":2,"href":"https:\/\/berberedesign.com\/pt\/wp-json\/wp\/v2\/product\/104680\/revisions"}],"predecessor-version":[{"id":106202,"href":"https:\/\/berberedesign.com\/pt\/wp-json\/wp\/v2\/product\/104680\/revisions\/106202"}],"wp:featuredmedia":[{"embeddable":true,"href":"https:\/\/berberedesign.com\/pt\/wp-json\/wp\/v2\/media\/104788"}],"wp:attachment":[{"href":"https:\/\/berberedesign.com\/pt\/wp-json\/wp\/v2\/media?parent=104680"}],"wp:term":[{"taxonomy":"product_brand","embeddable":true,"href":"https:\/\/berberedesign.com\/pt\/wp-json\/wp\/v2\/product_brand?post=104680"},{"taxonomy":"product_cat","embeddable":true,"href":"https:\/\/berberedesign.com\/pt\/wp-json\/wp\/v2\/product_cat?post=104680"},{"taxonomy":"product_tag","embeddable":true,"href":"https:\/\/berberedesign.com\/pt\/wp-json\/wp\/v2\/product_tag?post=104680"}],"curies":[{"name":"wp","href":"https:\/\/api.w.org\/{rel}","templated":true}]}}