{"id":104199,"date":"2025-01-04T18:23:51","date_gmt":"2025-01-04T18:23:51","guid":{"rendered":"https:\/\/berberedesign.com\/?post_type=product&#038;p=104199"},"modified":"2025-07-22T01:20:34","modified_gmt":"2025-07-22T01:20:34","slug":"mochila-artesanal-em-pele-marroquina-companheira-de-viagem-duradoura-e-com-estilo","status":"publish","type":"product","link":"https:\/\/berberedesign.com\/pt\/mochila-artesanal-em-pele-marroquina-companheira-de-viagem-duradoura-e-com-estilo\/","title":{"rendered":"Mochila artesanal em pele marroquina - companheiro de viagem elegante e duradouro"},"content":{"rendered":"<p>Eleve o seu estilo com esta mochila em pele marroquina primorosamente trabalhada \u00e0 m\u00e3o. Concebida para funcionalidade e eleg\u00e2ncia, esta mochila \u00e9 fabricada em pele de qualidade superior de gr\u00e3o integral, garantindo durabilidade e um acabamento rico e natural que s\u00f3 melhora com a idade.<\/p>\n<ul>\n<li><strong>Artesanato artesanal:<\/strong> Feita \u00e0 m\u00e3o por artes\u00e3os marroquinos qualificados, cada pe\u00e7a \u00e9 \u00fanica e meticulosamente detalhada.<\/li>\n<li><strong>Design espa\u00e7oso:<\/strong> Possui um compartimento principal espa\u00e7oso com um fecho de enrolar seguro, ideal para transportar objectos essenciais como um computador port\u00e1til, livros ou equipamento de viagem.<\/li>\n<li><strong>Conforto ajust\u00e1vel:<\/strong> Inclui al\u00e7as almofadadas e ajust\u00e1veis para um ajuste confort\u00e1vel durante as suas desloca\u00e7\u00f5es di\u00e1rias ou aventuras.<\/li>\n<li><strong>Apelo intemporal:<\/strong> O design cl\u00e1ssico e o tom quente da pele fazem desta mala um acess\u00f3rio vers\u00e1til que complementa qualquer roupa.<\/li>\n<\/ul>\n<p>Perfeita para o trabalho, viagens ou passeios casuais, esta mochila em pele \u00e9 uma pe\u00e7a de refer\u00eancia para quem valoriza a qualidade, a sustentabilidade e a arte tradicional. Ofere\u00e7a-a a si pr\u00f3prio ou a algu\u00e9m especial.<\/p>","protected":false},"excerpt":{"rendered":"<p>Experimente a eleg\u00e2ncia do artesanato marroquino com esta mochila de couro de qualidade superior. Perfeita para viagens, trabalho ou uso quotidiano, combinando durabilidade e estilo intemporal.<\/p>","protected":false},"featured_media":104190,"comment_status":"open","ping_status":"closed","template":"","meta":[],"product_brand":[],"product_cat":[301,303],"product_tag":[],"class_list":{"0":"post-104199","1":"product","2":"type-product","3":"status-publish","4":"has-post-thumbnail","6":"product_cat-leather","7":"product_cat-bags","8":"description-off","10":"first","11":"instock","12":"sale","13":"shipping-taxable","14":"purchasable","15":"product-type-simple"},"jetpack_sharing_enabled":true,"_links":{"self":[{"href":"https:\/\/berberedesign.com\/pt\/wp-json\/wp\/v2\/product\/104199","targetHints":{"allow":["GET"]}}],"collection":[{"href":"https:\/\/berberedesign.com\/pt\/wp-json\/wp\/v2\/product"}],"about":[{"href":"https:\/\/berberedesign.com\/pt\/wp-json\/wp\/v2\/types\/product"}],"replies":[{"embeddable":true,"href":"https:\/\/berberedesign.com\/pt\/wp-json\/wp\/v2\/comments?post=104199"}],"version-history":[{"count":2,"href":"https:\/\/berberedesign.com\/pt\/wp-json\/wp\/v2\/product\/104199\/revisions"}],"predecessor-version":[{"id":104513,"href":"https:\/\/berberedesign.com\/pt\/wp-json\/wp\/v2\/product\/104199\/revisions\/104513"}],"wp:featuredmedia":[{"embeddable":true,"href":"https:\/\/berberedesign.com\/pt\/wp-json\/wp\/v2\/media\/104190"}],"wp:attachment":[{"href":"https:\/\/berberedesign.com\/pt\/wp-json\/wp\/v2\/media?parent=104199"}],"wp:term":[{"taxonomy":"product_brand","embeddable":true,"href":"https:\/\/berberedesign.com\/pt\/wp-json\/wp\/v2\/product_brand?post=104199"},{"taxonomy":"product_cat","embeddable":true,"href":"https:\/\/berberedesign.com\/pt\/wp-json\/wp\/v2\/product_cat?post=104199"},{"taxonomy":"product_tag","embeddable":true,"href":"https:\/\/berberedesign.com\/pt\/wp-json\/wp\/v2\/product_tag?post=104199"}],"curies":[{"name":"wp","href":"https:\/\/api.w.org\/{rel}","templated":true}]}}