{"id":103793,"date":"2025-01-02T19:17:54","date_gmt":"2025-01-02T19:17:54","guid":{"rendered":"https:\/\/berberedesign.com\/handmade-moroccan-brass-door-knocker-hamsa-hand-design\/"},"modified":"2025-01-04T17:52:04","modified_gmt":"2025-01-04T17:52:04","slug":"aldrava-de-porta-de-latao-marroquina-feita-a-mao-com-design-de-mao-hamsa","status":"publish","type":"product","link":"https:\/\/berberedesign.com\/pt\/aldrava-de-porta-de-latao-marroquina-feita-a-mao-com-design-de-mao-hamsa\/","title":{"rendered":"Batedor de porta de lat\u00e3o marroquino feito \u00e0 m\u00e3o - Design da m\u00e3o Hamsa"},"content":{"rendered":"<p>\n    D\u00ea um toque de tradi\u00e7\u00e3o e simbolismo marroquino \u00e0 sua casa com esta aldrava de lat\u00e3o feita \u00e0 m\u00e3o com a forma da ic\u00f3nica m\u00e3o Hamsa. Feita com detalhes intrincados, esta pe\u00e7a \u00fanica combina funcionalidade e arte, tornando-a numa adi\u00e7\u00e3o deslumbrante a qualquer porta ou port\u00e3o. A m\u00e3o Hamsa, um s\u00edmbolo de prote\u00e7\u00e3o e boa sorte, confere um toque significativo e elegante \u00e0 sua entrada.\n<\/p>\n<p>\n    Concebida por artes\u00e3os marroquinos qualificados, esta aldrava de lat\u00e3o duradoura \u00e9 f\u00e1cil de instalar e foi constru\u00edda para durar. O seu acabamento polido e os entalhes intrincados reflectem a rica heran\u00e7a do artesanato marroquino, garantindo que se destaca como um elemento decorativo e funcional para a sua casa.\n<\/p>\n<p>\n    Perfeito para quem valoriza a tradi\u00e7\u00e3o e a arte, este batente de porta com a m\u00e3o Hamsa \u00e9 um presente atencioso ou uma pe\u00e7a de afirma\u00e7\u00e3o para o seu pr\u00f3prio espa\u00e7o. Celebre a cultura marroquina e d\u00ea as boas-vindas \u00e0 sua casa com este design requintado.\n<\/p>\n<p><img decoding=\"async\" src=\"https:\/\/berberedesign.com\/wp-content\/uploads\/2024\/12\/Untitled-2-01-5.png\" alt=\"Batedor de porta de lat\u00e3o marroquino feito \u00e0 m\u00e3o - Design de m\u00e3o Hamsa\" style=\"width:100%;max-width:600px;\" title=\"\"><\/p>","protected":false},"excerpt":{"rendered":"<p>Elegante aldrava de lat\u00e3o marroquina, feita \u00e0 m\u00e3o, com o desenho simb\u00f3lico da m\u00e3o Hamsa. Perfeito para dar um toque tradicional e protetor \u00e0 sua entrada.<\/p>","protected":false},"featured_media":103962,"comment_status":"open","ping_status":"closed","template":"","meta":[],"product_brand":[],"product_cat":[317,312],"product_tag":[],"class_list":{"0":"post-103793","1":"product","2":"type-product","3":"status-publish","4":"has-post-thumbnail","6":"product_cat-all-copper","7":"product_cat-copper","8":"description-off","10":"first","11":"instock","12":"sale","13":"featured","14":"shipping-taxable","15":"purchasable","16":"product-type-simple"},"jetpack_sharing_enabled":true,"_links":{"self":[{"href":"https:\/\/berberedesign.com\/pt\/wp-json\/wp\/v2\/product\/103793","targetHints":{"allow":["GET"]}}],"collection":[{"href":"https:\/\/berberedesign.com\/pt\/wp-json\/wp\/v2\/product"}],"about":[{"href":"https:\/\/berberedesign.com\/pt\/wp-json\/wp\/v2\/types\/product"}],"replies":[{"embeddable":true,"href":"https:\/\/berberedesign.com\/pt\/wp-json\/wp\/v2\/comments?post=103793"}],"version-history":[{"count":1,"href":"https:\/\/berberedesign.com\/pt\/wp-json\/wp\/v2\/product\/103793\/revisions"}],"predecessor-version":[{"id":103961,"href":"https:\/\/berberedesign.com\/pt\/wp-json\/wp\/v2\/product\/103793\/revisions\/103961"}],"wp:featuredmedia":[{"embeddable":true,"href":"https:\/\/berberedesign.com\/pt\/wp-json\/wp\/v2\/media\/103962"}],"wp:attachment":[{"href":"https:\/\/berberedesign.com\/pt\/wp-json\/wp\/v2\/media?parent=103793"}],"wp:term":[{"taxonomy":"product_brand","embeddable":true,"href":"https:\/\/berberedesign.com\/pt\/wp-json\/wp\/v2\/product_brand?post=103793"},{"taxonomy":"product_cat","embeddable":true,"href":"https:\/\/berberedesign.com\/pt\/wp-json\/wp\/v2\/product_cat?post=103793"},{"taxonomy":"product_tag","embeddable":true,"href":"https:\/\/berberedesign.com\/pt\/wp-json\/wp\/v2\/product_tag?post=103793"}],"curies":[{"name":"wp","href":"https:\/\/api.w.org\/{rel}","templated":true}]}}