{"id":103475,"date":"2024-12-27T20:41:09","date_gmt":"2024-12-27T20:41:09","guid":{"rendered":"https:\/\/berberedesign.com\/handmade-moroccan-mens-loafers-purple-and-beige-woven-design-with-leather-lining\/"},"modified":"2025-02-22T14:36:27","modified_gmt":"2025-02-22T14:36:27","slug":"mocassins-marroquinos-feitos-a-mao-para-homem-design-em-tecido-roxo-e-bege-com-forro-em-pele","status":"publish","type":"product","link":"https:\/\/berberedesign.com\/pt\/mocassins-marroquinos-feitos-a-mao-para-homem-design-em-tecido-roxo-e-bege-com-forro-em-pele\/","title":{"rendered":"Mocassins marroquinos feitos \u00e0 m\u00e3o para homem - Design em tecido roxo e bege com forro em pele"},"content":{"rendered":"<p>\n    Entre na sofistica\u00e7\u00e3o intemporal com estes mocassins marroquinos feitos \u00e0 m\u00e3o para homem, criados com uma mistura impressionante de tons roxos e beges. Com pormenores intrincados em tecido e um luxuoso forro em pele, estes mocassins exibem o artesanato tradicional marroquino com um design moderno e vers\u00e1til. Perfeitos para passeios casuais, eventos de ver\u00e3o ou ocasi\u00f5es formais, estes sapatos s\u00e3o uma mistura perfeita de estilo, conforto e praticidade.\n<\/p>\n<p>\n    O forro em pele de primeira qualidade acrescenta uma camada de conforto, garantindo uma sensa\u00e7\u00e3o de suavidade e respirabilidade para uma utiliza\u00e7\u00e3o durante todo o dia. Leves e dur\u00e1veis, estes mocassins foram concebidos para proporcionar uma eleg\u00e2ncia e funcionalidade inigual\u00e1veis. Os materiais sustent\u00e1veis e o trabalho artesanal meticuloso fazem deles uma escolha com estilo e consci\u00eancia ecol\u00f3gica.\n<\/p>\n<p>\n    Eleve a sua cole\u00e7\u00e3o de cal\u00e7ado com estes mocassins marroquinos artesanais para homem. Ideais para quem aprecia cal\u00e7ado artesanal de alta qualidade que equilibra a tradi\u00e7\u00e3o com a moda contempor\u00e2nea.\n<\/p>\n<p><img decoding=\"async\" src=\"https:\/\/berberedesign.com\/wp-content\/uploads\/2024\/12\/resized_image_1-1-1.jpg\" alt=\"Mocassins marroquinos feitos \u00e0 m\u00e3o para homem em roxo e bege com forro em pele - Vista superior\" style=\"width:100%;max-width:600px;\" title=\"\"><br \/>\n<img decoding=\"async\" src=\"https:\/\/berberedesign.com\/wp-content\/uploads\/2024\/12\/resized_image_6-1.jpg\" alt=\"Mocassins marroquinos feitos \u00e0 m\u00e3o para homem em roxo e bege com forro em pele - Vista lateral\" style=\"width:100%;max-width:600px;\" title=\"\"><\/p>","protected":false},"excerpt":{"rendered":"<p>Mocassins elegantes para homem com uma mistura de tons p\u00farpura e bege, com detalhes intrincados em tecido e um forro em pele de primeira qualidade. Leves, dur\u00e1veis e perfeitos para ocasi\u00f5es casuais e formais.<\/p>","protected":false},"featured_media":103476,"comment_status":"open","ping_status":"closed","template":"","meta":[],"product_brand":[],"product_cat":[307,309,341],"product_tag":[],"class_list":{"0":"post-103475","1":"product","2":"type-product","3":"status-publish","4":"has-post-thumbnail","6":"product_cat-rafia","7":"product_cat-shoes-rafia","8":"product_cat-shoes-2","9":"description-off","11":"first","12":"instock","13":"sale","14":"featured","15":"shipping-taxable","16":"purchasable","17":"product-type-variable"},"jetpack_sharing_enabled":true,"_links":{"self":[{"href":"https:\/\/berberedesign.com\/pt\/wp-json\/wp\/v2\/product\/103475","targetHints":{"allow":["GET"]}}],"collection":[{"href":"https:\/\/berberedesign.com\/pt\/wp-json\/wp\/v2\/product"}],"about":[{"href":"https:\/\/berberedesign.com\/pt\/wp-json\/wp\/v2\/types\/product"}],"replies":[{"embeddable":true,"href":"https:\/\/berberedesign.com\/pt\/wp-json\/wp\/v2\/comments?post=103475"}],"version-history":[{"count":2,"href":"https:\/\/berberedesign.com\/pt\/wp-json\/wp\/v2\/product\/103475\/revisions"}],"predecessor-version":[{"id":103515,"href":"https:\/\/berberedesign.com\/pt\/wp-json\/wp\/v2\/product\/103475\/revisions\/103515"}],"wp:featuredmedia":[{"embeddable":true,"href":"https:\/\/berberedesign.com\/pt\/wp-json\/wp\/v2\/media\/103476"}],"wp:attachment":[{"href":"https:\/\/berberedesign.com\/pt\/wp-json\/wp\/v2\/media?parent=103475"}],"wp:term":[{"taxonomy":"product_brand","embeddable":true,"href":"https:\/\/berberedesign.com\/pt\/wp-json\/wp\/v2\/product_brand?post=103475"},{"taxonomy":"product_cat","embeddable":true,"href":"https:\/\/berberedesign.com\/pt\/wp-json\/wp\/v2\/product_cat?post=103475"},{"taxonomy":"product_tag","embeddable":true,"href":"https:\/\/berberedesign.com\/pt\/wp-json\/wp\/v2\/product_tag?post=103475"}],"curies":[{"name":"wp","href":"https:\/\/api.w.org\/{rel}","templated":true}]}}