{"id":103274,"date":"2024-12-27T18:11:45","date_gmt":"2024-12-27T18:11:45","guid":{"rendered":"https:\/\/berberedesign.com\/handmade-moroccan-lavender-raffia-sandals-elegant-and-unique\/"},"modified":"2025-02-22T15:34:46","modified_gmt":"2025-02-22T15:34:46","slug":"sandalias-de-rafia-de-lavanda-marroquina-feitas-a-mao-elegantes-e-unicas","status":"publish","type":"product","link":"https:\/\/berberedesign.com\/pt\/sandalias-de-rafia-de-lavanda-marroquina-feitas-a-mao-elegantes-e-unicas\/","title":{"rendered":"Sand\u00e1lias de r\u00e1fia de lavanda marroquina feitas \u00e0 m\u00e3o - Elegantes e \u00fanicas"},"content":{"rendered":"<p>\n    D\u00ea um toque de eleg\u00e2ncia ao seu guarda-roupa de ver\u00e3o com estas sand\u00e1lias de r\u00e1fia marroquinas feitas \u00e0 m\u00e3o num bonito tom de lavanda. Trabalhadas com per\u00edcia por artes\u00e3os marroquinos, estas sand\u00e1lias apresentam pormenores de r\u00e1fia intrincados que real\u00e7am as t\u00e9cnicas tradicionais combinadas com um design moderno. A cor lavanda suave exala sofistica\u00e7\u00e3o, tornando-as perfeitas para qualquer ocasi\u00e3o.\n<\/p>\n<p>\n    Estas sand\u00e1lias foram concebidas para proporcionar conforto durante todo o dia com a sua estrutura leve e respir\u00e1vel. Quer se dirija a uma festa na praia, a um passeio informal ou a um evento especial de ver\u00e3o, estas sand\u00e1lias v\u00e3o mant\u00ea-la elegante e confort\u00e1vel. Fabricadas com materiais sustent\u00e1veis, combinam a durabilidade com a moda ecol\u00f3gica.\n<\/p>\n<p>\n    Celebre a arte do artesanato marroquino com estas sand\u00e1lias \u00fanicas e elegantes. Perfeitas como complemento de destaque para a sua cole\u00e7\u00e3o de cal\u00e7ado ou como um presente atencioso para algu\u00e9m especial.\n<\/p>\n<p><img decoding=\"async\" src=\"https:\/\/berberedesign.com\/wp-content\/uploads\/2024\/12\/resized_DSC09533.jpg\" alt=\"Sand\u00e1lias de r\u00e1fia de lavanda marroquina feitas \u00e0 m\u00e3o\" style=\"width:100%;max-width:600px;\" title=\"\"><\/p>","protected":false},"excerpt":{"rendered":"<p>Elegantes sand\u00e1lias de r\u00e1fia marroquina num tom suave de lavanda. Leves, respir\u00e1veis e perfeitas para a eleg\u00e2ncia do ver\u00e3o.<\/p>","protected":false},"featured_media":103412,"comment_status":"open","ping_status":"closed","template":"","meta":[],"product_brand":[],"product_cat":[307,336],"product_tag":[],"class_list":{"0":"post-103274","1":"product","2":"type-product","3":"status-publish","4":"has-post-thumbnail","6":"product_cat-rafia","7":"product_cat-sandal","8":"description-off","10":"first","11":"instock","12":"sale","13":"featured","14":"shipping-taxable","15":"purchasable","16":"product-type-variable"},"jetpack_sharing_enabled":true,"_links":{"self":[{"href":"https:\/\/berberedesign.com\/pt\/wp-json\/wp\/v2\/product\/103274","targetHints":{"allow":["GET"]}}],"collection":[{"href":"https:\/\/berberedesign.com\/pt\/wp-json\/wp\/v2\/product"}],"about":[{"href":"https:\/\/berberedesign.com\/pt\/wp-json\/wp\/v2\/types\/product"}],"replies":[{"embeddable":true,"href":"https:\/\/berberedesign.com\/pt\/wp-json\/wp\/v2\/comments?post=103274"}],"version-history":[{"count":1,"href":"https:\/\/berberedesign.com\/pt\/wp-json\/wp\/v2\/product\/103274\/revisions"}],"predecessor-version":[{"id":103362,"href":"https:\/\/berberedesign.com\/pt\/wp-json\/wp\/v2\/product\/103274\/revisions\/103362"}],"wp:featuredmedia":[{"embeddable":true,"href":"https:\/\/berberedesign.com\/pt\/wp-json\/wp\/v2\/media\/103412"}],"wp:attachment":[{"href":"https:\/\/berberedesign.com\/pt\/wp-json\/wp\/v2\/media?parent=103274"}],"wp:term":[{"taxonomy":"product_brand","embeddable":true,"href":"https:\/\/berberedesign.com\/pt\/wp-json\/wp\/v2\/product_brand?post=103274"},{"taxonomy":"product_cat","embeddable":true,"href":"https:\/\/berberedesign.com\/pt\/wp-json\/wp\/v2\/product_cat?post=103274"},{"taxonomy":"product_tag","embeddable":true,"href":"https:\/\/berberedesign.com\/pt\/wp-json\/wp\/v2\/product_tag?post=103274"}],"curies":[{"name":"wp","href":"https:\/\/api.w.org\/{rel}","templated":true}]}}