{"id":103267,"date":"2024-12-27T18:11:43","date_gmt":"2024-12-27T18:11:43","guid":{"rendered":"https:\/\/berberedesign.com\/handmade-moroccan-black-raffia-sandals-bold-and-sophisticated\/"},"modified":"2025-04-03T00:21:56","modified_gmt":"2025-04-03T00:21:56","slug":"sandalias-de-rafia-preta-marroquina-feitas-a-mao-ousadas-e-sofisticadas","status":"publish","type":"product","link":"https:\/\/berberedesign.com\/pt\/sandalias-de-rafia-preta-marroquina-feitas-a-mao-ousadas-e-sofisticadas\/","title":{"rendered":"Sand\u00e1lias de r\u00e1fia preta marroquina feitas \u00e0 m\u00e3o - arrojadas e sofisticadas"},"content":{"rendered":"<p>\n    Fa\u00e7a uma afirma\u00e7\u00e3o ousada com estas sand\u00e1lias de r\u00e1fia marroquinas feitas \u00e0 m\u00e3o numa sofisticada cor preta. Feitas por artes\u00e3os qualificados, estas sand\u00e1lias apresentam pormenores de r\u00e1fia intrincados que real\u00e7am a beleza do artesanato marroquino. O tom preto profundo acrescenta um toque de eleg\u00e2ncia e um toque moderno, tornando-as ideais para qualquer ocasi\u00e3o.\n<\/p>\n<p>\n    Concebidas para conforto e praticidade, estas sand\u00e1lias s\u00e3o leves e respir\u00e1veis, perfeitas para os dias ou noites quentes de ver\u00e3o. Quer se dirija a uma festa na praia, a um passeio informal ou a uma reuni\u00e3o descontra\u00edda, estas sand\u00e1lias oferecem estilo e funcionalidade. Fabricadas de forma sustent\u00e1vel com materiais de alta qualidade, representam uma escolha de moda com consci\u00eancia ecol\u00f3gica.\n<\/p>\n<p>\n    Estas sand\u00e1lias de fabrico artesanal s\u00e3o perfeitas para quem aprecia designs \u00fanicos e feitos \u00e0 m\u00e3o. D\u00ea um toque de tradi\u00e7\u00e3o marroquina ao seu guarda-roupa e saia em grande estilo com este par \u00fanico.\n<\/p>\n<p><img decoding=\"async\" src=\"https:\/\/berberedesign.com\/wp-content\/uploads\/2024\/12\/resized_image_batch5_2.jpg\" alt=\"Sand\u00e1lias de r\u00e1fia preta marroquina feitas \u00e0 m\u00e3o\" style=\"width:100%;max-width:600px;\" title=\"\"><\/p>","protected":false},"excerpt":{"rendered":"<p>Elegantes sand\u00e1lias de r\u00e1fia marroquina num tom preto marcante. Leves, elegantes e perfeitas para looks de ver\u00e3o chiques.<\/p>","protected":false},"featured_media":103406,"comment_status":"open","ping_status":"closed","template":"","meta":[],"product_brand":[],"product_cat":[307,336],"product_tag":[],"class_list":{"0":"post-103267","1":"product","2":"type-product","3":"status-publish","4":"has-post-thumbnail","6":"product_cat-rafia","7":"product_cat-sandal","8":"description-off","10":"first","11":"instock","12":"sale","13":"featured","14":"shipping-taxable","15":"purchasable","16":"product-type-variable"},"jetpack_sharing_enabled":true,"_links":{"self":[{"href":"https:\/\/berberedesign.com\/pt\/wp-json\/wp\/v2\/product\/103267","targetHints":{"allow":["GET"]}}],"collection":[{"href":"https:\/\/berberedesign.com\/pt\/wp-json\/wp\/v2\/product"}],"about":[{"href":"https:\/\/berberedesign.com\/pt\/wp-json\/wp\/v2\/types\/product"}],"replies":[{"embeddable":true,"href":"https:\/\/berberedesign.com\/pt\/wp-json\/wp\/v2\/comments?post=103267"}],"version-history":[{"count":1,"href":"https:\/\/berberedesign.com\/pt\/wp-json\/wp\/v2\/product\/103267\/revisions"}],"predecessor-version":[{"id":103363,"href":"https:\/\/berberedesign.com\/pt\/wp-json\/wp\/v2\/product\/103267\/revisions\/103363"}],"wp:featuredmedia":[{"embeddable":true,"href":"https:\/\/berberedesign.com\/pt\/wp-json\/wp\/v2\/media\/103406"}],"wp:attachment":[{"href":"https:\/\/berberedesign.com\/pt\/wp-json\/wp\/v2\/media?parent=103267"}],"wp:term":[{"taxonomy":"product_brand","embeddable":true,"href":"https:\/\/berberedesign.com\/pt\/wp-json\/wp\/v2\/product_brand?post=103267"},{"taxonomy":"product_cat","embeddable":true,"href":"https:\/\/berberedesign.com\/pt\/wp-json\/wp\/v2\/product_cat?post=103267"},{"taxonomy":"product_tag","embeddable":true,"href":"https:\/\/berberedesign.com\/pt\/wp-json\/wp\/v2\/product_tag?post=103267"}],"curies":[{"name":"wp","href":"https:\/\/api.w.org\/{rel}","templated":true}]}}