{"id":103153,"date":"2024-12-26T14:49:01","date_gmt":"2024-12-26T14:49:01","guid":{"rendered":"https:\/\/berberedesign.com\/handmade-moroccan-straw-wedge-sandals-natural-beige-with-elevated-comfort\/"},"modified":"2025-02-22T15:19:01","modified_gmt":"2025-02-22T15:19:01","slug":"sandalias-de-cunha-em-palha-marroquina-feitas-a-mao-em-bege-natural-com-elevado-conforto","status":"publish","type":"product","link":"https:\/\/berberedesign.com\/pt\/sandalias-de-cunha-em-palha-marroquina-feitas-a-mao-em-bege-natural-com-elevado-conforto\/","title":{"rendered":"Sand\u00e1lias em cunha de palha marroquina feitas \u00e0 m\u00e3o - Bege natural com conforto elevado"},"content":{"rendered":"<p>\n    Entre numa eleg\u00e2ncia intemporal com estas sand\u00e1lias de cunha em palha marroquina feitas \u00e0 m\u00e3o num tom bege natural. Meticulosamente trabalhadas por artes\u00e3os qualificados, estas sand\u00e1lias combinam a simplicidade dos materiais naturais com um design de cunha elevado para maior conforto e sofistica\u00e7\u00e3o. A tecelagem intrincada mostra a beleza do artesanato tradicional marroquino, tornando cada par \u00fanico.\n<\/p>\n<p>\n    Estas sand\u00e1lias s\u00e3o leves e respir\u00e1veis, perfeitas para os dias quentes de ver\u00e3o. Quer esteja a passear num mercado, a participar numa reuni\u00e3o informal ou a desfrutar de uma noite na praia, estas sand\u00e1lias de cunha artesanais oferecem praticidade e estilo. Fabricadas com materiais sustent\u00e1veis, s\u00e3o a escolha perfeita para os entusiastas da moda com consci\u00eancia ecol\u00f3gica.\n<\/p>\n<p>\n    Adicione estas cunhas vers\u00e1teis \u00e0 sua cole\u00e7\u00e3o para uma mistura de tradi\u00e7\u00e3o, conforto e charme contempor\u00e2neo. S\u00e3o o cal\u00e7ado ideal para quem valoriza designs artesanais de alta qualidade com um toque de arte marroquina.\n<\/p>\n<p><img decoding=\"async\" src=\"https:\/\/berberedesign.com\/wp-content\/uploads\/2024\/12\/DSC09099.jpg\" alt=\"Sand\u00e1lias em cunha de palha marroquina feitas \u00e0 m\u00e3o - Vista lateral\" style=\"width:100%;max-width:600px\" title=\"\"><br \/>\n<img decoding=\"async\" src=\"https:\/\/berberedesign.com\/wp-content\/uploads\/2024\/12\/DSC09091.jpg\" alt=\"Sand\u00e1lias em cunha de palha marroquina feitas \u00e0 m\u00e3o - Vista frontal\" style=\"width:100%;max-width:600px\" title=\"\"><\/p>","protected":false},"excerpt":{"rendered":"<p>Elegantes sand\u00e1lias de cunha marroquinas em bege natural. Leves, respir\u00e1veis e concebidas para um estilo e um conforto elevado.<\/p>","protected":false},"featured_media":103154,"comment_status":"open","ping_status":"closed","template":"","meta":[],"product_brand":[],"product_cat":[307,336],"product_tag":[],"class_list":{"0":"post-103153","1":"product","2":"type-product","3":"status-publish","4":"has-post-thumbnail","6":"product_cat-rafia","7":"product_cat-sandal","8":"description-off","10":"first","11":"instock","12":"sale","13":"featured","14":"shipping-taxable","15":"purchasable","16":"product-type-variable"},"jetpack_sharing_enabled":true,"_links":{"self":[{"href":"https:\/\/berberedesign.com\/pt\/wp-json\/wp\/v2\/product\/103153","targetHints":{"allow":["GET"]}}],"collection":[{"href":"https:\/\/berberedesign.com\/pt\/wp-json\/wp\/v2\/product"}],"about":[{"href":"https:\/\/berberedesign.com\/pt\/wp-json\/wp\/v2\/types\/product"}],"replies":[{"embeddable":true,"href":"https:\/\/berberedesign.com\/pt\/wp-json\/wp\/v2\/comments?post=103153"}],"version-history":[{"count":2,"href":"https:\/\/berberedesign.com\/pt\/wp-json\/wp\/v2\/product\/103153\/revisions"}],"predecessor-version":[{"id":106347,"href":"https:\/\/berberedesign.com\/pt\/wp-json\/wp\/v2\/product\/103153\/revisions\/106347"}],"wp:featuredmedia":[{"embeddable":true,"href":"https:\/\/berberedesign.com\/pt\/wp-json\/wp\/v2\/media\/103154"}],"wp:attachment":[{"href":"https:\/\/berberedesign.com\/pt\/wp-json\/wp\/v2\/media?parent=103153"}],"wp:term":[{"taxonomy":"product_brand","embeddable":true,"href":"https:\/\/berberedesign.com\/pt\/wp-json\/wp\/v2\/product_brand?post=103153"},{"taxonomy":"product_cat","embeddable":true,"href":"https:\/\/berberedesign.com\/pt\/wp-json\/wp\/v2\/product_cat?post=103153"},{"taxonomy":"product_tag","embeddable":true,"href":"https:\/\/berberedesign.com\/pt\/wp-json\/wp\/v2\/product_tag?post=103153"}],"curies":[{"name":"wp","href":"https:\/\/api.w.org\/{rel}","templated":true}]}}