{"id":103146,"date":"2024-12-26T14:49:00","date_gmt":"2024-12-26T14:49:00","guid":{"rendered":"https:\/\/berberedesign.com\/handmade-moroccan-beige-and-purple-straw-sandals-elegant-and-versatile\/"},"modified":"2025-11-18T20:03:30","modified_gmt":"2025-11-18T20:03:30","slug":"sandalias-de-palha-marroquina-bege-e-roxa-feitas-a-mao-elegantes-e-versateis","status":"publish","type":"product","link":"https:\/\/berberedesign.com\/pt\/sandalias-de-palha-marroquina-bege-e-roxa-feitas-a-mao-elegantes-e-versateis\/","title":{"rendered":"Sand\u00e1lias de palha marroquinas feitas \u00e0 m\u00e3o em bege e roxo - Elegantes e vers\u00e1teis"},"content":{"rendered":"<p>\n    Entre na beleza do artesanato marroquino com estas requintadas sand\u00e1lias de palha feitas \u00e0 m\u00e3o. Com uma combina\u00e7\u00e3o \u00fanica de tons de bege e roxo, estas sand\u00e1lias d\u00e3o um toque de eleg\u00e2ncia e tradi\u00e7\u00e3o \u00e0 sua cole\u00e7\u00e3o de cal\u00e7ado. O design intrincado do tecido real\u00e7a a habilidade e a arte dos artes\u00e3os marroquinos, fazendo de cada par uma verdadeira obra-prima.\n<\/p>\n<p>\n    Leves e respir\u00e1veis, estas sand\u00e1lias s\u00e3o ideais para os dias quentes de ver\u00e3o. Perfeitas para passeios casuais, passeios na praia ou reuni\u00f5es relaxantes, oferecem uma mistura de conforto e sofistica\u00e7\u00e3o. Fabricadas com materiais sustent\u00e1veis, representam uma moda ecol\u00f3gica sem comprometer a durabilidade ou o estilo.\n<\/p>\n<p>\n    Quer esteja a melhorar a sua cole\u00e7\u00e3o pessoal ou \u00e0 procura de um presente atencioso, estas sand\u00e1lias feitas \u00e0 m\u00e3o s\u00e3o uma escolha vers\u00e1til e elegante. Abrace o encanto intemporal da tradi\u00e7\u00e3o marroquina e adicione um toque de cor ao seu guarda-roupa de ver\u00e3o com este par deslumbrante.\n<\/p>\n<p><img decoding=\"async\" src=\"https:\/\/berberedesign.com\/wp-content\/uploads\/2024\/12\/resized_4.jpg\" alt=\"Sand\u00e1lias de palha marroquinas bege e roxas feitas \u00e0 m\u00e3o\" style=\"width:100%;max-width:600px;\" title=\"\"><\/p>","protected":false},"excerpt":{"rendered":"<p>Lindas sand\u00e1lias de palha marroquinas em tons de bege e roxo. Leves, respir\u00e1veis e perfeitas para os passeios de ver\u00e3o ou para uma utiliza\u00e7\u00e3o casual.<\/p>","protected":false},"featured_media":103147,"comment_status":"open","ping_status":"closed","template":"","meta":[],"product_brand":[],"product_cat":[307,336],"product_tag":[],"class_list":{"0":"post-103146","1":"product","2":"type-product","3":"status-publish","4":"has-post-thumbnail","6":"product_cat-rafia","7":"product_cat-sandal","8":"description-off","10":"first","11":"instock","12":"sale","13":"featured","14":"shipping-taxable","15":"purchasable","16":"product-type-variable"},"jetpack_sharing_enabled":true,"_links":{"self":[{"href":"https:\/\/berberedesign.com\/pt\/wp-json\/wp\/v2\/product\/103146","targetHints":{"allow":["GET"]}}],"collection":[{"href":"https:\/\/berberedesign.com\/pt\/wp-json\/wp\/v2\/product"}],"about":[{"href":"https:\/\/berberedesign.com\/pt\/wp-json\/wp\/v2\/types\/product"}],"replies":[{"embeddable":true,"href":"https:\/\/berberedesign.com\/pt\/wp-json\/wp\/v2\/comments?post=103146"}],"version-history":[{"count":1,"href":"https:\/\/berberedesign.com\/pt\/wp-json\/wp\/v2\/product\/103146\/revisions"}],"predecessor-version":[{"id":103198,"href":"https:\/\/berberedesign.com\/pt\/wp-json\/wp\/v2\/product\/103146\/revisions\/103198"}],"wp:featuredmedia":[{"embeddable":true,"href":"https:\/\/berberedesign.com\/pt\/wp-json\/wp\/v2\/media\/103147"}],"wp:attachment":[{"href":"https:\/\/berberedesign.com\/pt\/wp-json\/wp\/v2\/media?parent=103146"}],"wp:term":[{"taxonomy":"product_brand","embeddable":true,"href":"https:\/\/berberedesign.com\/pt\/wp-json\/wp\/v2\/product_brand?post=103146"},{"taxonomy":"product_cat","embeddable":true,"href":"https:\/\/berberedesign.com\/pt\/wp-json\/wp\/v2\/product_cat?post=103146"},{"taxonomy":"product_tag","embeddable":true,"href":"https:\/\/berberedesign.com\/pt\/wp-json\/wp\/v2\/product_tag?post=103146"}],"curies":[{"name":"wp","href":"https:\/\/api.w.org\/{rel}","templated":true}]}}