{"id":103131,"date":"2024-12-26T14:48:56","date_gmt":"2024-12-26T14:48:56","guid":{"rendered":"https:\/\/berberedesign.com\/handmade-moroccan-purple-straw-sandals-with-decorative-knot-elegant-and-unique\/"},"modified":"2025-03-19T13:07:57","modified_gmt":"2025-03-19T13:07:57","slug":"sandalias-de-palha-roxa-marroquina-feitas-a-mao-com-no-decorativo-elegantes-e-unicas","status":"publish","type":"product","link":"https:\/\/berberedesign.com\/pt\/sandalias-de-palha-roxa-marroquina-feitas-a-mao-com-no-decorativo-elegantes-e-unicas\/","title":{"rendered":"Sand\u00e1lias de palha roxas marroquinas feitas \u00e0 m\u00e3o com n\u00f3 decorativo - Elegantes e \u00fanicas"},"content":{"rendered":"<p>\n    Descubra a eleg\u00e2ncia intemporal do artesanato marroquino com estas deslumbrantes sand\u00e1lias de palha feitas \u00e0 m\u00e3o num rico tom p\u00farpura. Concebidas com um pormenor de n\u00f3 decorativo, estas sand\u00e1lias combinam sem esfor\u00e7o t\u00e9cnicas artesanais tradicionais com um estilo moderno. A cor p\u00farpura vibrante acrescenta um toque arrojado e sofisticado, tornando-as o acess\u00f3rio perfeito para ocasi\u00f5es de ver\u00e3o.\n<\/p>\n<p>\n    Leves e respir\u00e1veis, estas sand\u00e1lias s\u00e3o ideais para se manterem confort\u00e1veis durante passeios casuais, f\u00e9rias na praia ou mesmo festas no jardim. Fabricadas com cuidado, utilizando materiais sustent\u00e1veis, garantem durabilidade sem comprometer o estilo. Cada par \u00e9 meticulosamente tecido por artes\u00e3os marroquinos qualificados, mostrando a beleza do aut\u00eantico design feito \u00e0 m\u00e3o.\n<\/p>\n<p>\n    Quer pretenda acrescentar uma pe\u00e7a \u00fanica \u00e0 sua cole\u00e7\u00e3o de cal\u00e7ado ou procurar um presente atencioso para algu\u00e9m especial, estas sand\u00e1lias s\u00e3o uma escolha vers\u00e1til e elegante. Deixe que o encanto da tradi\u00e7\u00e3o marroquina eleve o seu guarda-roupa com este par \u00fanico que oferece um conforto, qualidade e estilo inigual\u00e1veis.\n<\/p>\n<p><img decoding=\"async\" src=\"https:\/\/berberedesign.com\/wp-content\/uploads\/2024\/12\/DSC09063.jpg\" alt=\"Sand\u00e1lias de palha roxas marroquinas feitas \u00e0 m\u00e3o com n\u00f3 decorativo\" style=\"width:100%;max-width:600px;\" title=\"\"><\/p>","protected":false},"excerpt":{"rendered":"<p>Sand\u00e1lias de palha marroquina feitas \u00e0 m\u00e3o, em roxo rico, com um pormenor de n\u00f3 decorativo. Leves, elegantes e perfeitas para ocasi\u00f5es de ver\u00e3o.<\/p>","protected":false},"featured_media":103132,"comment_status":"open","ping_status":"closed","template":"","meta":[],"product_brand":[],"product_cat":[307,336],"product_tag":[],"class_list":{"0":"post-103131","1":"product","2":"type-product","3":"status-publish","4":"has-post-thumbnail","6":"product_cat-rafia","7":"product_cat-sandal","8":"description-off","10":"first","11":"instock","12":"sale","13":"featured","14":"shipping-taxable","15":"purchasable","16":"product-type-variable"},"jetpack_sharing_enabled":true,"_links":{"self":[{"href":"https:\/\/berberedesign.com\/pt\/wp-json\/wp\/v2\/product\/103131","targetHints":{"allow":["GET"]}}],"collection":[{"href":"https:\/\/berberedesign.com\/pt\/wp-json\/wp\/v2\/product"}],"about":[{"href":"https:\/\/berberedesign.com\/pt\/wp-json\/wp\/v2\/types\/product"}],"replies":[{"embeddable":true,"href":"https:\/\/berberedesign.com\/pt\/wp-json\/wp\/v2\/comments?post=103131"}],"version-history":[{"count":1,"href":"https:\/\/berberedesign.com\/pt\/wp-json\/wp\/v2\/product\/103131\/revisions"}],"predecessor-version":[{"id":103200,"href":"https:\/\/berberedesign.com\/pt\/wp-json\/wp\/v2\/product\/103131\/revisions\/103200"}],"wp:featuredmedia":[{"embeddable":true,"href":"https:\/\/berberedesign.com\/pt\/wp-json\/wp\/v2\/media\/103132"}],"wp:attachment":[{"href":"https:\/\/berberedesign.com\/pt\/wp-json\/wp\/v2\/media?parent=103131"}],"wp:term":[{"taxonomy":"product_brand","embeddable":true,"href":"https:\/\/berberedesign.com\/pt\/wp-json\/wp\/v2\/product_brand?post=103131"},{"taxonomy":"product_cat","embeddable":true,"href":"https:\/\/berberedesign.com\/pt\/wp-json\/wp\/v2\/product_cat?post=103131"},{"taxonomy":"product_tag","embeddable":true,"href":"https:\/\/berberedesign.com\/pt\/wp-json\/wp\/v2\/product_tag?post=103131"}],"curies":[{"name":"wp","href":"https:\/\/api.w.org\/{rel}","templated":true}]}}