{"id":102502,"date":"2024-10-21T19:05:44","date_gmt":"2024-10-21T19:05:44","guid":{"rendered":"https:\/\/berberedesign.com\/full-white-leather-pouf-elegant-versatility-for-your-home\/"},"modified":"2025-02-28T16:43:32","modified_gmt":"2025-02-28T16:43:32","slug":"pufe-de-couro-branco-completo-versatilidade-elegante-para-a-sua-casa","status":"publish","type":"product","link":"https:\/\/berberedesign.com\/pt\/pufe-de-couro-branco-completo-versatilidade-elegante-para-a-sua-casa\/","title":{"rendered":"Pufe de couro branco integral: versatilidade elegante para a sua casa"},"content":{"rendered":"<div data-elementor-type=\"product-post\" data-elementor-id=\"102502\" class=\"elementor elementor-102502\" data-elementor-post-type=\"product\">\n\t\t\t\t<div class=\"elementor-element elementor-element-15ef188 e-flex e-con-boxed e-con e-parent\" data-id=\"15ef188\" data-element_type=\"container\">\n\t\t\t\t\t<div class=\"e-con-inner\">\n\t\t\t\t<div class=\"elementor-element elementor-element-4998f51 elementor-widget elementor-widget-text-editor\" data-id=\"4998f51\" data-element_type=\"widget\" data-widget_type=\"text-editor.default\">\n\t\t\t\t<div class=\"elementor-widget-container\">\n\t\t\t\t\t\t\t\t\t<p>Transforme o seu espa\u00e7o de vida com o nosso requintado pufe em pele branca, concebido para dar um toque de eleg\u00e2ncia e versatilidade a qualquer divis\u00e3o. Fabricado em pele dur\u00e1vel e de alta qualidade, este pufe n\u00e3o s\u00f3 \u00e9 uma pe\u00e7a de destaque elegante, como tamb\u00e9m tem v\u00e1rias fun\u00e7\u00f5es - perfeito como assento extra, um apoio para os p\u00e9s acolhedor ou um elemento decorativo elegante.<\/p><p>Carater\u00edsticas principais:<\/p><p>- Qualidade superior: Fabricado em couro macio e flex\u00edvel que oferece conforto e durabilidade, garantindo que resiste \u00e0 utiliza\u00e7\u00e3o di\u00e1ria.<\/p><p>- Design vers\u00e1til: O acabamento branco elegante complementa na perfei\u00e7\u00e3o uma variedade de estilos de interiores, desde o moderno ao minimalista, tornando-o um complemento ideal para a decora\u00e7\u00e3o da sua casa.<\/p><p>- F\u00e1cil de limpar: Limpar \u00e0 vista com um pano h\u00famido para manter o seu aspeto primitivo, assegurando que o seu pufe se mant\u00e9m fresco e novo.<\/p><p>Quer pretenda melhorar a sua sala de estar, quarto ou espa\u00e7o exterior, o nosso pufe em pele branca \u00e9 a escolha perfeita. Eleve a decora\u00e7\u00e3o da sua casa e crie uma atmosfera elegante e convidativa com esta pe\u00e7a elegante.<\/p>\t\t\t\t\t\t\t\t<\/div>\n\t\t\t\t<\/div>\n\t\t\t\t\t<\/div>\n\t\t\t\t<\/div>\n\t\t\t\t<\/div>","protected":false},"excerpt":{"rendered":"<p>Eleve o seu espa\u00e7o com o nosso pufe em pele branca! Feita de couro de alta qualidade, esta pe\u00e7a chique e vers\u00e1til serve como assento extra, um apoio para os p\u00e9s acolhedor ou um sotaque elegante. O seu elegante acabamento em branco complementa qualquer estilo de decora\u00e7\u00e3o, tornando-o um complemento perfeito para a sua casa. Transforme a sua sala de estar com este elegante e funcional pufe!<\/p>\n<p>https:\/\/www.youtube.com\/watch?v=c_10xM47nDw<\/p>","protected":false},"featured_media":102496,"comment_status":"open","ping_status":"closed","template":"","meta":[],"product_brand":[],"product_cat":[234,301,302,204,232,236],"product_tag":[],"class_list":{"0":"post-102502","1":"product","2":"type-product","3":"status-publish","4":"has-post-thumbnail","6":"product_cat-best-sellers","7":"product_cat-leather","8":"product_cat-leather-poufs","9":"product_cat-moroccan-poufs","10":"product_cat-new-arrivals","11":"product_cat-sale-items","13":"first","14":"instock","15":"sale","16":"shipping-taxable","17":"purchasable","18":"product-type-variable"},"jetpack_sharing_enabled":true,"_links":{"self":[{"href":"https:\/\/berberedesign.com\/pt\/wp-json\/wp\/v2\/product\/102502","targetHints":{"allow":["GET"]}}],"collection":[{"href":"https:\/\/berberedesign.com\/pt\/wp-json\/wp\/v2\/product"}],"about":[{"href":"https:\/\/berberedesign.com\/pt\/wp-json\/wp\/v2\/types\/product"}],"replies":[{"embeddable":true,"href":"https:\/\/berberedesign.com\/pt\/wp-json\/wp\/v2\/comments?post=102502"}],"version-history":[{"count":7,"href":"https:\/\/berberedesign.com\/pt\/wp-json\/wp\/v2\/product\/102502\/revisions"}],"predecessor-version":[{"id":106805,"href":"https:\/\/berberedesign.com\/pt\/wp-json\/wp\/v2\/product\/102502\/revisions\/106805"}],"wp:featuredmedia":[{"embeddable":true,"href":"https:\/\/berberedesign.com\/pt\/wp-json\/wp\/v2\/media\/102496"}],"wp:attachment":[{"href":"https:\/\/berberedesign.com\/pt\/wp-json\/wp\/v2\/media?parent=102502"}],"wp:term":[{"taxonomy":"product_brand","embeddable":true,"href":"https:\/\/berberedesign.com\/pt\/wp-json\/wp\/v2\/product_brand?post=102502"},{"taxonomy":"product_cat","embeddable":true,"href":"https:\/\/berberedesign.com\/pt\/wp-json\/wp\/v2\/product_cat?post=102502"},{"taxonomy":"product_tag","embeddable":true,"href":"https:\/\/berberedesign.com\/pt\/wp-json\/wp\/v2\/product_tag?post=102502"}],"curies":[{"name":"wp","href":"https:\/\/api.w.org\/{rel}","templated":true}]}}