{"id":102487,"date":"2024-10-20T13:53:12","date_gmt":"2024-10-20T13:53:12","guid":{"rendered":"https:\/\/berberedesign.com\/?post_type=product&#038;p=102487"},"modified":"2025-02-22T14:55:14","modified_gmt":"2025-02-22T14:55:14","slug":"elegante-pufe-cinzento-versatil-para-a-casa","status":"publish","type":"product","link":"https:\/\/berberedesign.com\/pt\/elegante-pufe-cinzento-versatil-para-a-casa\/","title":{"rendered":"Puff cinzento elegante: um objeto vers\u00e1til para a casa"},"content":{"rendered":"<p>Concebido para ser funcional e est\u00e9tico, o pufe otomano cinzento pode servir como assento extra, apoio para os p\u00e9s ou at\u00e9 como pe\u00e7a decorativa. O seu design leve permite uma f\u00e1cil mobilidade, enquanto a constru\u00e7\u00e3o robusta garante durabilidade para a utiliza\u00e7\u00e3o di\u00e1ria. O design moderno e minimalista complementa uma variedade de estilos de interiores, desde o contempor\u00e2neo ao bo\u00e9mio.<\/p>\n<p>Carater\u00edsticas principais:<\/p>\n<p>- Cor: Cinzento elegante<\/p>\n<p>- Material: Tecido de alta qualidade com um enchimento resistente<\/p>\n<p>- Dimens\u00f5es: 55x 35x 55 cm.<\/p>\n<p>- Utiliza\u00e7\u00e3o vers\u00e1til: Perfeito para assento, apoio para os p\u00e9s ou decora\u00e7\u00e3o<\/p>\n<p>- F\u00e1cil de limpar: Limpar \u00e0 vista com um pano h\u00famido<\/p>\n<p>D\u00ea um toque de sofistica\u00e7\u00e3o e conforto \u00e0 sua casa com o nosso pufe otomano cinzento. Compre agora para transformar o seu espa\u00e7o com esta pe\u00e7a elegante e funcional!<\/p>\n<p>Apelo \u00e0 a\u00e7\u00e3o:<\/p>\n<p>Explore a nossa cole\u00e7\u00e3o e encontre o pufe otomano cinzento perfeito para melhorar a decora\u00e7\u00e3o da sua casa hoje mesmo! Visite-nos em berberedesign.com!<\/p>\n<p><iframe title=\"Um talento do artesanato marroquino\" width=\"1200\" height=\"675\" src=\"https:\/\/www.youtube.com\/embed\/c_10xM47nDw?feature=oembed&#038;enablejsapi=1&#038;origin=https:\/\/berberedesign.com\" frameborder=\"0\" allow=\"accelerometer; autoplay; clipboard-write; encrypted-media; gyroscope; picture-in-picture; web-share\" referrerpolicy=\"strict-origin-when-cross-origin\" allowfullscreen><\/iframe><\/p>","protected":false},"excerpt":{"rendered":"<p>Eleve o seu espa\u00e7o com o nosso elegante pufe otomano cinzento! Esta pe\u00e7a vers\u00e1til serve como assento extra, um apoio para os p\u00e9s ou um toque de estilo. Fabricado em tecido de alta qualidade. Leve e f\u00e1cil de limpar, adapta-se perfeitamente a qualquer estilo de decora\u00e7\u00e3o. Adicione um toque de sofistica\u00e7\u00e3o e conforto \u00e0 sua casa hoje mesmo! Explore mais em berberedesign.com.<\/p>","protected":false},"featured_media":102481,"comment_status":"open","ping_status":"closed","template":"","meta":[],"product_brand":[],"product_cat":[202,301,302,204,232,236],"product_tag":[],"class_list":{"0":"post-102487","1":"product","2":"type-product","3":"status-publish","4":"has-post-thumbnail","6":"product_cat-home-decor","7":"product_cat-leather","8":"product_cat-leather-poufs","9":"product_cat-moroccan-poufs","10":"product_cat-new-arrivals","11":"product_cat-sale-items","12":"description-off","14":"first","15":"instock","16":"sale","17":"shipping-taxable","18":"purchasable","19":"product-type-variable"},"jetpack_sharing_enabled":true,"_links":{"self":[{"href":"https:\/\/berberedesign.com\/pt\/wp-json\/wp\/v2\/product\/102487","targetHints":{"allow":["GET"]}}],"collection":[{"href":"https:\/\/berberedesign.com\/pt\/wp-json\/wp\/v2\/product"}],"about":[{"href":"https:\/\/berberedesign.com\/pt\/wp-json\/wp\/v2\/types\/product"}],"replies":[{"embeddable":true,"href":"https:\/\/berberedesign.com\/pt\/wp-json\/wp\/v2\/comments?post=102487"}],"version-history":[{"count":3,"href":"https:\/\/berberedesign.com\/pt\/wp-json\/wp\/v2\/product\/102487\/revisions"}],"predecessor-version":[{"id":106806,"href":"https:\/\/berberedesign.com\/pt\/wp-json\/wp\/v2\/product\/102487\/revisions\/106806"}],"wp:featuredmedia":[{"embeddable":true,"href":"https:\/\/berberedesign.com\/pt\/wp-json\/wp\/v2\/media\/102481"}],"wp:attachment":[{"href":"https:\/\/berberedesign.com\/pt\/wp-json\/wp\/v2\/media?parent=102487"}],"wp:term":[{"taxonomy":"product_brand","embeddable":true,"href":"https:\/\/berberedesign.com\/pt\/wp-json\/wp\/v2\/product_brand?post=102487"},{"taxonomy":"product_cat","embeddable":true,"href":"https:\/\/berberedesign.com\/pt\/wp-json\/wp\/v2\/product_cat?post=102487"},{"taxonomy":"product_tag","embeddable":true,"href":"https:\/\/berberedesign.com\/pt\/wp-json\/wp\/v2\/product_tag?post=102487"}],"curies":[{"name":"wp","href":"https:\/\/api.w.org\/{rel}","templated":true}]}}