{"id":102287,"date":"2024-04-11T23:34:02","date_gmt":"2024-04-11T23:34:02","guid":{"rendered":"https:\/\/berberedesign.com\/?post_type=product&#038;p=102287"},"modified":"2026-03-10T11:14:06","modified_gmt":"2026-03-10T11:14:06","slug":"pufe-marroquino-preto-redondo","status":"publish","type":"product","link":"https:\/\/berberedesign.com\/pt\/pufe-marroquino-preto-redondo\/","title":{"rendered":"Saharan Eclipse : Puff marroquino preto redondo"},"content":{"rendered":"<p>D\u00ea um toque de sofistica\u00e7\u00e3o intemporal \u00e0 sua sala de estar com este pufe redondo de couro marroquino feito \u00e0 m\u00e3o. Fabricado por artes\u00e3os qualificados, este pufe apresenta couro genu\u00edno de primeira qualidade num tom preto cl\u00e1ssico. Quer seja utilizado como apoio para os p\u00e9s, como assento adicional ou como elemento decorativo, o seu design elegante e a sua constru\u00e7\u00e3o duradoura fazem dele um complemento perfeito para interiores modernos ou tradicionais.<\/p>\n<ul>\n<li><strong>Artesanato aut\u00eantico:<\/strong> Feita \u00e0 m\u00e3o por artes\u00e3os marroquinos com precis\u00e3o e cuidado.<\/li>\n<li><strong>Acabamento em preto cl\u00e1ssico:<\/strong> Um tom elegante e neutro que complementa qualquer estilo de decora\u00e7\u00e3o.<\/li>\n<li><strong>Funcionalidade vers\u00e1til:<\/strong> Ideal para utilizar como apoio para os p\u00e9s, assento extra ou uma pe\u00e7a central elegante.<\/li>\n<li><strong>Dur\u00e1vel e de longa dura\u00e7\u00e3o:<\/strong> Fabricada em pele genu\u00edna de alta qualidade para garantir uma utiliza\u00e7\u00e3o duradoura.<\/li>\n<li><strong>Design sofisticado:<\/strong> Uma pe\u00e7a minimalista e elegante que combina tradi\u00e7\u00e3o e modernidade.<\/li>\n<\/ul>\n<p>Melhore a sua casa com este pufe de couro marroquino preto, uma mistura perfeita de estilo, praticidade e heran\u00e7a cultural.<\/p>\n<p><iframe title=\"Um talento do artesanato marroquino\" width=\"1200\" height=\"675\" src=\"https:\/\/www.youtube.com\/embed\/c_10xM47nDw?feature=oembed&#038;enablejsapi=1&#038;origin=https:\/\/berberedesign.com\" frameborder=\"0\" allow=\"accelerometer; autoplay; clipboard-write; encrypted-media; gyroscope; picture-in-picture; web-share\" referrerpolicy=\"strict-origin-when-cross-origin\" allowfullscreen><\/iframe><\/p>\n<p>&nbsp;<\/p>","protected":false},"excerpt":{"rendered":"<p>Experimente a eleg\u00e2ncia da arte marroquina com o nosso Saharan Eclipse: Puff marroquino redondo preto. Perfeitamente fabricado \u00e0 m\u00e3o, este pufe \u00e9 mais do que um simples assento; \u00e9 uma afirma\u00e7\u00e3o de sofistica\u00e7\u00e3o. A sua tonalidade preta vers\u00e1til e a sua constru\u00e7\u00e3o duradoura fazem dele a escolha ideal para qualquer espa\u00e7o de vida, servindo como assento, apoio para os p\u00e9s ou mesa de apoio elegante. Melhore a sua casa com esta pe\u00e7a intemporal que incorpora a rica heran\u00e7a de Marrocos.<\/p>","protected":false},"featured_media":102400,"comment_status":"open","ping_status":"closed","template":"","meta":[],"product_brand":[],"product_cat":[234,202,302,204,232,236],"product_tag":[139,140],"class_list":{"0":"post-102287","1":"product","2":"type-product","3":"status-publish","4":"has-post-thumbnail","6":"product_cat-best-sellers","7":"product_cat-home-decor","8":"product_cat-leather-poufs","9":"product_cat-moroccan-poufs","10":"product_cat-new-arrivals","11":"product_cat-sale-items","12":"product_tag-moroccan-leather-pouf-cream","13":"product_tag-pouf-cream-moroccan-leather","14":"product_shipping_class-free","15":"description-off","17":"first","18":"instock","19":"sale","20":"shipping-taxable","21":"purchasable","22":"product-type-variable"},"jetpack_sharing_enabled":true,"_links":{"self":[{"href":"https:\/\/berberedesign.com\/pt\/wp-json\/wp\/v2\/product\/102287","targetHints":{"allow":["GET"]}}],"collection":[{"href":"https:\/\/berberedesign.com\/pt\/wp-json\/wp\/v2\/product"}],"about":[{"href":"https:\/\/berberedesign.com\/pt\/wp-json\/wp\/v2\/types\/product"}],"replies":[{"embeddable":true,"href":"https:\/\/berberedesign.com\/pt\/wp-json\/wp\/v2\/comments?post=102287"}],"version-history":[{"count":2,"href":"https:\/\/berberedesign.com\/pt\/wp-json\/wp\/v2\/product\/102287\/revisions"}],"predecessor-version":[{"id":106810,"href":"https:\/\/berberedesign.com\/pt\/wp-json\/wp\/v2\/product\/102287\/revisions\/106810"}],"wp:featuredmedia":[{"embeddable":true,"href":"https:\/\/berberedesign.com\/pt\/wp-json\/wp\/v2\/media\/102400"}],"wp:attachment":[{"href":"https:\/\/berberedesign.com\/pt\/wp-json\/wp\/v2\/media?parent=102287"}],"wp:term":[{"taxonomy":"product_brand","embeddable":true,"href":"https:\/\/berberedesign.com\/pt\/wp-json\/wp\/v2\/product_brand?post=102287"},{"taxonomy":"product_cat","embeddable":true,"href":"https:\/\/berberedesign.com\/pt\/wp-json\/wp\/v2\/product_cat?post=102287"},{"taxonomy":"product_tag","embeddable":true,"href":"https:\/\/berberedesign.com\/pt\/wp-json\/wp\/v2\/product_tag?post=102287"}],"curies":[{"name":"wp","href":"https:\/\/api.w.org\/{rel}","templated":true}]}}