{"id":102280,"date":"2024-04-11T22:15:33","date_gmt":"2024-04-11T22:15:33","guid":{"rendered":"https:\/\/berberedesign.com\/?post_type=product&#038;p=102280"},"modified":"2025-07-22T01:34:01","modified_gmt":"2025-07-22T01:34:01","slug":"pufe-marroquino-azul-marinho","status":"publish","type":"product","link":"https:\/\/berberedesign.com\/pt\/pufe-marroquino-azul-marinho\/","title":{"rendered":"Vers\u00e1til e elegante: O nosso pufe marroquino azul-marinho \u00e9 um must-have"},"content":{"rendered":"<p>D\u00ea um toque de sofistica\u00e7\u00e3o \u00e0 sua sala de estar com este bonito pufe artesanal em pele marroquina azul-marinho. Concebido por artes\u00e3os qualificados, este pufe \u00e9 feito de pele genu\u00edna de alta qualidade, oferecendo uma adi\u00e7\u00e3o duradoura e elegante \u00e0 sua decora\u00e7\u00e3o. O seu tom azul-marinho profundo acrescenta um toque contempor\u00e2neo mas intemporal, tornando-o uma escolha perfeita para qualquer divis\u00e3o.<\/p>\n<ul>\n<li><strong>Artesanato aut\u00eantico:<\/strong> Fabricada \u00e0 m\u00e3o por artes\u00e3os marroquinos utilizando t\u00e9cnicas tradicionais e pele genu\u00edna de primeira qualidade.<\/li>\n<li><strong>Azul-marinho profundo Cor:<\/strong> Uma tonalidade arrojada e elegante que real\u00e7a qualquer design de interiores.<\/li>\n<li><strong>Funcionalidade vers\u00e1til:<\/strong> Ideal como apoio para os p\u00e9s, assento extra ou uma pe\u00e7a decorativa \u00fanica.<\/li>\n<li><strong>Dur\u00e1vel e resistente:<\/strong> Concebida para durar, com pele de alta qualidade e um trabalho artesanal especializado.<\/li>\n<li><strong>Design moderno e intemporal:<\/strong> Perfeito para combinar a est\u00e9tica tradicional marroquina com interiores modernos.<\/li>\n<\/ul>\n<p>Transforme a sua casa com este pufe de couro marroquino azul-marinho, uma bela mistura de conforto, estilo e heran\u00e7a marroquina.<\/p>\n<p><iframe title=\"Um talento do artesanato marroquino\" width=\"1200\" height=\"675\" src=\"https:\/\/www.youtube.com\/embed\/c_10xM47nDw?feature=oembed&#038;enablejsapi=1&#038;origin=https:\/\/berberedesign.com\" frameborder=\"0\" allow=\"accelerometer; autoplay; clipboard-write; encrypted-media; gyroscope; picture-in-picture; web-share\" referrerpolicy=\"strict-origin-when-cross-origin\" allowfullscreen><\/iframe><\/p>","protected":false},"excerpt":{"rendered":"<p>Mergulhe na rica cultura e tradi\u00e7\u00e3o de Marrocos com o nosso pufe tradicional marroquino azul-marinho. Esta pe\u00e7a requintada \u00e9 um testemunho da beleza intemporal do artesanato marroquino, dando um toque ex\u00f3tico \u00e0 sua decora\u00e7\u00e3o interior. Feito \u00e0 m\u00e3o na movimentada cidade de Marraquexe por artes\u00e3os qualificados, cada pufe \u00e9 uma pe\u00e7a de arte \u00fanica, incorporando o esp\u00edrito da heran\u00e7a marroquina.<\/p>","protected":false},"featured_media":102519,"comment_status":"open","ping_status":"closed","template":"","meta":[],"product_brand":[],"product_cat":[234,202,302,204,232,236],"product_tag":[139,140],"class_list":{"0":"post-102280","1":"product","2":"type-product","3":"status-publish","4":"has-post-thumbnail","6":"product_cat-best-sellers","7":"product_cat-home-decor","8":"product_cat-leather-poufs","9":"product_cat-moroccan-poufs","10":"product_cat-new-arrivals","11":"product_cat-sale-items","12":"product_tag-moroccan-leather-pouf-cream","13":"product_tag-pouf-cream-moroccan-leather","14":"product_shipping_class-free","15":"description-off","17":"first","18":"instock","19":"sale","20":"shipping-taxable","21":"purchasable","22":"product-type-variable"},"jetpack_sharing_enabled":true,"_links":{"self":[{"href":"https:\/\/berberedesign.com\/pt\/wp-json\/wp\/v2\/product\/102280","targetHints":{"allow":["GET"]}}],"collection":[{"href":"https:\/\/berberedesign.com\/pt\/wp-json\/wp\/v2\/product"}],"about":[{"href":"https:\/\/berberedesign.com\/pt\/wp-json\/wp\/v2\/types\/product"}],"replies":[{"embeddable":true,"href":"https:\/\/berberedesign.com\/pt\/wp-json\/wp\/v2\/comments?post=102280"}],"version-history":[{"count":3,"href":"https:\/\/berberedesign.com\/pt\/wp-json\/wp\/v2\/product\/102280\/revisions"}],"predecessor-version":[{"id":106811,"href":"https:\/\/berberedesign.com\/pt\/wp-json\/wp\/v2\/product\/102280\/revisions\/106811"}],"wp:featuredmedia":[{"embeddable":true,"href":"https:\/\/berberedesign.com\/pt\/wp-json\/wp\/v2\/media\/102519"}],"wp:attachment":[{"href":"https:\/\/berberedesign.com\/pt\/wp-json\/wp\/v2\/media?parent=102280"}],"wp:term":[{"taxonomy":"product_brand","embeddable":true,"href":"https:\/\/berberedesign.com\/pt\/wp-json\/wp\/v2\/product_brand?post=102280"},{"taxonomy":"product_cat","embeddable":true,"href":"https:\/\/berberedesign.com\/pt\/wp-json\/wp\/v2\/product_cat?post=102280"},{"taxonomy":"product_tag","embeddable":true,"href":"https:\/\/berberedesign.com\/pt\/wp-json\/wp\/v2\/product_tag?post=102280"}],"curies":[{"name":"wp","href":"https:\/\/api.w.org\/{rel}","templated":true}]}}