{"id":102242,"date":"2024-03-31T20:16:16","date_gmt":"2024-03-31T20:16:16","guid":{"rendered":"https:\/\/berberedesign.com\/?post_type=product&#038;p=102242"},"modified":"2025-02-28T16:40:12","modified_gmt":"2025-02-28T16:40:12","slug":"pufe-amarelo-em-pele-marroquina-autentica","status":"publish","type":"product","link":"https:\/\/berberedesign.com\/pt\/pufe-amarelo-em-pele-marroquina-autentica\/","title":{"rendered":"Transforme o seu espa\u00e7o: Puff amarelo em pele marroquina aut\u00eantica"},"content":{"rendered":"<p>D\u00ea um toque de cor \u00e0 sua casa com este aut\u00eantico pufe de couro marroquino feito \u00e0 m\u00e3o. Fabricado em pele genu\u00edna de primeira qualidade, este pufe amarelo vibrante foi meticulosamente concebido por artes\u00e3os qualificados para dar um toque de charme marroquino a qualquer espa\u00e7o. Perfeito para ser utilizado como apoio para os p\u00e9s, como assento extra ou como elemento decorativo, \u00e9 uma pe\u00e7a arrojada para o seu interior.<\/p>\n<ul>\n<li><strong>Artesanato aut\u00eantico:<\/strong> Fabricado \u00e0 m\u00e3o por artes\u00e3os marroquinos, utilizando t\u00e9cnicas tradicionais e materiais de alta qualidade.<\/li>\n<li><strong>Cor amarela vibrante:<\/strong> Uma tonalidade ousada e alegre que anima instantaneamente qualquer divis\u00e3o.<\/li>\n<li><strong>Funcionalidade vers\u00e1til:<\/strong> Utilize-a como apoio para os p\u00e9s, como assento extra ou como elemento decorativo.<\/li>\n<li><strong>Dur\u00e1vel e de longa dura\u00e7\u00e3o:<\/strong> Fabricada em pele genu\u00edna e resistente para garantir anos de utiliza\u00e7\u00e3o.<\/li>\n<li><strong>Patrim\u00f3nio cultural:<\/strong> Uma bela combina\u00e7\u00e3o de design tradicional marroquino e atra\u00e7\u00e3o moderna.<\/li>\n<\/ul>\n<p>Traga a vibra\u00e7\u00e3o do design marroquino para a sua casa com este pufe em pele amarela, uma mistura perfeita de eleg\u00e2ncia, utilidade e tradi\u00e7\u00e3o.<\/p>\n<p><iframe title=\"Um talento do artesanato marroquino\" width=\"1200\" height=\"675\" src=\"https:\/\/www.youtube.com\/embed\/c_10xM47nDw?feature=oembed&#038;enablejsapi=1&#038;origin=https:\/\/berberedesign.com\" frameborder=\"0\" allow=\"accelerometer; autoplay; clipboard-write; encrypted-media; gyroscope; picture-in-picture; web-share\" referrerpolicy=\"strict-origin-when-cross-origin\" allowfullscreen><\/iframe><\/p>","protected":false},"excerpt":{"rendered":"<p>D\u00ea um toque de eleg\u00e2ncia ex\u00f3tica \u00e0 sua casa com a nossa <strong>Puff amarelo em pele marroquina<\/strong>. Um verdadeiro testemunho do artesanato marroquino, este pufe \u00e9 meticulosamente trabalhado \u00e0 m\u00e3o a partir de <strong>100% couro de flor integral<\/strong>A marca \u00e9 uma marca de couro, proveniente diretamente dos curtumes de renome de Marraquexe e Fez. Cada pe\u00e7a \u00e9 \u00fanica, com varia\u00e7\u00f5es subtis que atestam a sua autenticidade e o seu charme.<\/p>","protected":false},"featured_media":102416,"comment_status":"open","ping_status":"closed","template":"","meta":[],"product_brand":[],"product_cat":[234,202,302,204,232,236],"product_tag":[139,140],"class_list":{"0":"post-102242","1":"product","2":"type-product","3":"status-publish","4":"has-post-thumbnail","6":"product_cat-best-sellers","7":"product_cat-home-decor","8":"product_cat-leather-poufs","9":"product_cat-moroccan-poufs","10":"product_cat-new-arrivals","11":"product_cat-sale-items","12":"product_tag-moroccan-leather-pouf-cream","13":"product_tag-pouf-cream-moroccan-leather","14":"product_shipping_class-free","15":"description-off","17":"first","18":"instock","19":"sale","20":"shipping-taxable","21":"purchasable","22":"product-type-variable"},"jetpack_sharing_enabled":true,"_links":{"self":[{"href":"https:\/\/berberedesign.com\/pt\/wp-json\/wp\/v2\/product\/102242","targetHints":{"allow":["GET"]}}],"collection":[{"href":"https:\/\/berberedesign.com\/pt\/wp-json\/wp\/v2\/product"}],"about":[{"href":"https:\/\/berberedesign.com\/pt\/wp-json\/wp\/v2\/types\/product"}],"replies":[{"embeddable":true,"href":"https:\/\/berberedesign.com\/pt\/wp-json\/wp\/v2\/comments?post=102242"}],"version-history":[{"count":2,"href":"https:\/\/berberedesign.com\/pt\/wp-json\/wp\/v2\/product\/102242\/revisions"}],"predecessor-version":[{"id":106812,"href":"https:\/\/berberedesign.com\/pt\/wp-json\/wp\/v2\/product\/102242\/revisions\/106812"}],"wp:featuredmedia":[{"embeddable":true,"href":"https:\/\/berberedesign.com\/pt\/wp-json\/wp\/v2\/media\/102416"}],"wp:attachment":[{"href":"https:\/\/berberedesign.com\/pt\/wp-json\/wp\/v2\/media?parent=102242"}],"wp:term":[{"taxonomy":"product_brand","embeddable":true,"href":"https:\/\/berberedesign.com\/pt\/wp-json\/wp\/v2\/product_brand?post=102242"},{"taxonomy":"product_cat","embeddable":true,"href":"https:\/\/berberedesign.com\/pt\/wp-json\/wp\/v2\/product_cat?post=102242"},{"taxonomy":"product_tag","embeddable":true,"href":"https:\/\/berberedesign.com\/pt\/wp-json\/wp\/v2\/product_tag?post=102242"}],"curies":[{"name":"wp","href":"https:\/\/api.w.org\/{rel}","templated":true}]}}