{"id":101926,"date":"2023-07-20T21:53:16","date_gmt":"2023-07-20T21:53:16","guid":{"rendered":"https:\/\/berberedesign.com\/?post_type=product&#038;p=101926"},"modified":"2024-12-16T03:29:40","modified_gmt":"2024-12-16T03:29:40","slug":"cativante-capa-de-almofada-berbere-marroquina-vermelha-vintage","status":"publish","type":"product","link":"https:\/\/berberedesign.com\/pt\/cativante-capa-de-almofada-berbere-marroquina-vermelha-vintage\/","title":{"rendered":"Cativante capa de almofada berbere marroquina vermelha vintage"},"content":{"rendered":"<h1>Captivating Vintage Red Moroccan Berber Pillow Cover: Abra\u00e7ar a eleg\u00e2ncia intemporal e o patrim\u00f3nio cultural<\/h1>\n<p>A capa de almofada berbere marroquina vermelha vintage \u00e9 um acess\u00f3rio \u00fanico e cativante que d\u00e1 um toque de hist\u00f3ria e patrim\u00f3nio cultural ao seu espa\u00e7o de vida. Esta capa de almofada \u00e9 meticulosamente trabalhada com uma mistura de t\u00e9cnicas e materiais tradicionais, captando a ess\u00eancia da arte berbere marroquina. A capa apresenta um tom profundo e rico de vermelho, acrescentando um toque de cor vibrante \u00e0 sua decora\u00e7\u00e3o. O seu aspeto vintage confere uma sensa\u00e7\u00e3o de nostalgia e car\u00e1cter a qualquer divis\u00e3o. Os desenhos intrincados s\u00e3o inspirados na cultura berbere, incorporando padr\u00f5es geom\u00e9tricos, s\u00edmbolos e motivos que cont\u00eam significados simb\u00f3licos e contam hist\u00f3rias do patrim\u00f3nio da regi\u00e3o.<\/p>\n<p><img fetchpriority=\"high\" decoding=\"async\" class=\"aligncenter wp-image-101012 size-large\" src=\"https:\/\/berberedesign.com\/wp-content\/uploads\/2023\/06\/NEW-Vintage-red-moroccan-berber-pillow-cover-1024x683.webp\" alt=\"NOVA capa de almofada berbere marroquina vermelha vintage\" width=\"1024\" height=\"683\" title=\"\" srcset=\"https:\/\/berberedesign.com\/wp-content\/uploads\/2023\/06\/NEW-Vintage-red-moroccan-berber-pillow-cover-1024x683.webp 1024w, https:\/\/berberedesign.com\/wp-content\/uploads\/2023\/06\/NEW-Vintage-red-moroccan-berber-pillow-cover-300x200.webp 300w, https:\/\/berberedesign.com\/wp-content\/uploads\/2023\/06\/NEW-Vintage-red-moroccan-berber-pillow-cover-768x512.webp 768w, https:\/\/berberedesign.com\/wp-content\/uploads\/2023\/06\/NEW-Vintage-red-moroccan-berber-pillow-cover-18x12.webp 18w, https:\/\/berberedesign.com\/wp-content\/uploads\/2023\/06\/NEW-Vintage-red-moroccan-berber-pillow-cover-1064x710.webp 1064w, https:\/\/berberedesign.com\/wp-content\/uploads\/2023\/06\/NEW-Vintage-red-moroccan-berber-pillow-cover-20x13.webp 20w, https:\/\/berberedesign.com\/wp-content\/uploads\/2023\/06\/NEW-Vintage-red-moroccan-berber-pillow-cover-64x43.webp 64w, https:\/\/berberedesign.com\/wp-content\/uploads\/2023\/06\/NEW-Vintage-red-moroccan-berber-pillow-cover-1080x721.webp 1080w, https:\/\/berberedesign.com\/wp-content\/uploads\/2023\/06\/NEW-Vintage-red-moroccan-berber-pillow-cover-980x654.webp 980w, https:\/\/berberedesign.com\/wp-content\/uploads\/2023\/06\/NEW-Vintage-red-moroccan-berber-pillow-cover-480x320.webp 480w, https:\/\/berberedesign.com\/wp-content\/uploads\/2023\/06\/NEW-Vintage-red-moroccan-berber-pillow-cover.webp 1280w\" sizes=\"(max-width: 1024px) 100vw, 1024px\"><\/p>\n<p>Fabricada em tecido de alta qualidade, a capa de almofada apresenta durabilidade e textura. \u00c9 cuidadosamente tecida, bordada ou pintada \u00e0 m\u00e3o por artes\u00e3os qualificados, assegurando que cada pe\u00e7a \u00e9 \u00fanica e mostra o artesanato transmitido atrav\u00e9s de gera\u00e7\u00f5es. Esta vers\u00e1til capa de almofada foi concebida para se adaptar a almofadas de tamanho normal, permitindo uma f\u00e1cil integra\u00e7\u00e3o na decora\u00e7\u00e3o existente. Pode ser utilizada para melhorar o aspeto do seu sof\u00e1, cama ou poltrona, transformando instantaneamente o ambiente da divis\u00e3o.<\/p>\n<p>A capa de almofada berbere marroquina vermelha vintage \u00e9 uma bela pe\u00e7a de decora\u00e7\u00e3o e um ponto de partida para conversas. A sua atra\u00e7\u00e3o intemporal e o seu significado cultural fazem dela um complemento precioso para a sua casa, evocando uma sensa\u00e7\u00e3o de encanto ex\u00f3tico e um calor convidativo.<\/p>\n<p><img decoding=\"async\" class=\"aligncenter wp-image-101013 size-large\" src=\"https:\/\/berberedesign.com\/wp-content\/uploads\/2023\/06\/THE-NEW-Vintage-red-moroccan-berber-pillow-cover-1024x683.webp\" alt=\"O NOVO Capa de almofada berbere marroquina vermelha vintage\" width=\"1024\" height=\"683\" title=\"\" srcset=\"https:\/\/berberedesign.com\/wp-content\/uploads\/2023\/06\/THE-NEW-Vintage-red-moroccan-berber-pillow-cover-1024x683.webp 1024w, https:\/\/berberedesign.com\/wp-content\/uploads\/2023\/06\/THE-NEW-Vintage-red-moroccan-berber-pillow-cover-300x200.webp 300w, https:\/\/berberedesign.com\/wp-content\/uploads\/2023\/06\/THE-NEW-Vintage-red-moroccan-berber-pillow-cover-768x512.webp 768w, https:\/\/berberedesign.com\/wp-content\/uploads\/2023\/06\/THE-NEW-Vintage-red-moroccan-berber-pillow-cover-18x12.webp 18w, https:\/\/berberedesign.com\/wp-content\/uploads\/2023\/06\/THE-NEW-Vintage-red-moroccan-berber-pillow-cover-1064x710.webp 1064w, https:\/\/berberedesign.com\/wp-content\/uploads\/2023\/06\/THE-NEW-Vintage-red-moroccan-berber-pillow-cover-20x13.webp 20w, https:\/\/berberedesign.com\/wp-content\/uploads\/2023\/06\/THE-NEW-Vintage-red-moroccan-berber-pillow-cover-64x43.webp 64w, https:\/\/berberedesign.com\/wp-content\/uploads\/2023\/06\/THE-NEW-Vintage-red-moroccan-berber-pillow-cover-1080x721.webp 1080w, https:\/\/berberedesign.com\/wp-content\/uploads\/2023\/06\/THE-NEW-Vintage-red-moroccan-berber-pillow-cover-980x654.webp 980w, https:\/\/berberedesign.com\/wp-content\/uploads\/2023\/06\/THE-NEW-Vintage-red-moroccan-berber-pillow-cover-480x320.webp 480w, https:\/\/berberedesign.com\/wp-content\/uploads\/2023\/06\/THE-NEW-Vintage-red-moroccan-berber-pillow-cover.webp 1280w\" sizes=\"(max-width: 1024px) 100vw, 1024px\"><\/p>\n<p>Este produto inclui apenas a capa de almofada e n\u00e3o \u00e9 fornecido com uma inser\u00e7\u00e3o. Recomenda-se a utiliza\u00e7\u00e3o de uma capa de almofada (45x45cm) de 18\u00d718 polegadas (ou semelhante) para uma apar\u00eancia confort\u00e1vel e completa.<\/p>","protected":false},"excerpt":{"rendered":"<p>A capa de almofada berbere marroquina vermelha vintage \u00e9 um artigo de decora\u00e7\u00e3o intemporal e aut\u00eantico que apresenta uma cor vermelha rica e desenhos berberes marroquinos tradicionais.<\/p>","protected":false},"featured_media":100949,"comment_status":"open","ping_status":"closed","template":"","meta":[],"product_brand":[],"product_cat":[234,198,197,199,232,196,200,236,201],"product_tag":[],"class_list":{"0":"post-101926","1":"product","2":"type-product","3":"status-publish","4":"has-post-thumbnail","6":"product_cat-best-sellers","7":"product_cat-embroidered-cushions","8":"product_cat-handwoven-berber-pillows","9":"product_cat-kilim-pillow-covers","10":"product_cat-new-arrivals","11":"product_cat-pillows-and-cushions","12":"product_cat-pom-pom-cushions","13":"product_cat-sale-items","14":"product_cat-vintage-berber-pillows","15":"product_shipping_class-free","16":"description-off","18":"first","19":"instock","20":"featured","21":"shipping-taxable","22":"purchasable","23":"product-type-simple"},"jetpack_sharing_enabled":true,"_links":{"self":[{"href":"https:\/\/berberedesign.com\/pt\/wp-json\/wp\/v2\/product\/101926","targetHints":{"allow":["GET"]}}],"collection":[{"href":"https:\/\/berberedesign.com\/pt\/wp-json\/wp\/v2\/product"}],"about":[{"href":"https:\/\/berberedesign.com\/pt\/wp-json\/wp\/v2\/types\/product"}],"replies":[{"embeddable":true,"href":"https:\/\/berberedesign.com\/pt\/wp-json\/wp\/v2\/comments?post=101926"}],"version-history":[{"count":0,"href":"https:\/\/berberedesign.com\/pt\/wp-json\/wp\/v2\/product\/101926\/revisions"}],"wp:featuredmedia":[{"embeddable":true,"href":"https:\/\/berberedesign.com\/pt\/wp-json\/wp\/v2\/media\/100949"}],"wp:attachment":[{"href":"https:\/\/berberedesign.com\/pt\/wp-json\/wp\/v2\/media?parent=101926"}],"wp:term":[{"taxonomy":"product_brand","embeddable":true,"href":"https:\/\/berberedesign.com\/pt\/wp-json\/wp\/v2\/product_brand?post=101926"},{"taxonomy":"product_cat","embeddable":true,"href":"https:\/\/berberedesign.com\/pt\/wp-json\/wp\/v2\/product_cat?post=101926"},{"taxonomy":"product_tag","embeddable":true,"href":"https:\/\/berberedesign.com\/pt\/wp-json\/wp\/v2\/product_tag?post=101926"}],"curies":[{"name":"wp","href":"https:\/\/api.w.org\/{rel}","templated":true}]}}