{"id":101918,"date":"2023-07-20T14:27:47","date_gmt":"2023-07-20T14:27:47","guid":{"rendered":"https:\/\/berberedesign.com\/?post_type=product&#038;p=101918"},"modified":"2025-02-28T16:43:41","modified_gmt":"2025-02-28T16:43:41","slug":"capas-de-almofadas-vermelhas-marroquinas-feitas-a-mao","status":"publish","type":"product","link":"https:\/\/berberedesign.com\/pt\/capas-de-almofadas-vermelhas-marroquinas-feitas-a-mao\/","title":{"rendered":"Almofadas vermelhas marroquinas feitas \u00e0 m\u00e3o | Comprar almofadas personalizadas"},"content":{"rendered":"<p>Apresentamos a nossa requintada cole\u00e7\u00e3o de capas de almofada vermelhas marroquinas feitas \u00e0 m\u00e3o, o complemento perfeito para elevar a decora\u00e7\u00e3o da sua casa. Estas capas \u00fanicas e de design intrincado s\u00e3o meticulosamente trabalhadas por artes\u00e3os qualificados, captando a rica heran\u00e7a cultural de Marrocos. Quer pretenda dar um toque de eleg\u00e2ncia \u00e0 sua sala de estar, ao seu quarto ou a qualquer outro espa\u00e7o, as nossas almofadas personalizadas s\u00e3o a escolha ideal.<\/p>\n<p>Cada capa de almofada \u00e9 feita \u00e0 m\u00e3o com materiais de qualidade superior, cuidadosamente selecionados para garantir durabilidade e longevidade. O trabalho artesanal \u00e9 evidente nos pormenores, incluindo os bordados intrincados, as cores vibrantes e os padr\u00f5es tradicionais que mostram a beleza da arte marroquina. Estas capas s\u00e3o um verdadeiro testemunho do talento e da dedica\u00e7\u00e3o dos nossos artes\u00e3os.<\/p>\n<p><img fetchpriority=\"high\" decoding=\"async\" class=\"aligncenter wp-image-101921 size-large\" src=\"https:\/\/berberedesign.com\/wp-content\/uploads\/2023\/07\/Handmade-Moroccan-Red-Cushion-Covers--1024x683.webp\" alt=\"Capas de almofada vermelhas marroquinas feitas \u00e0 m\u00e3o \" width=\"1024\" height=\"683\" title=\"\"><\/p>\n<p>As nossas capas de almofada marroquinas n\u00e3o s\u00f3 s\u00e3o visualmente apelativas, como tamb\u00e9m proporcionam um conforto e apoio excepcionais. Foram concebidas para se adaptarem a almofadas de arremesso de tamanho normal, facilitando a transforma\u00e7\u00e3o das suas almofadas existentes em pe\u00e7as de destaque cativantes. A textura macia e felpuda das capas acrescenta um elemento acolhedor e convidativo a qualquer divis\u00e3o, permitindo-lhe relaxar e descontrair com estilo.<\/p>\n<p>O que distingue as nossas capas de almofada marroquinas feitas \u00e0 m\u00e3o \u00e9 a sua versatilidade. Combinam na perfei\u00e7\u00e3o com uma vasta gama de estilos de decora\u00e7\u00e3o, desde o moderno e contempor\u00e2neo ao bo\u00e9mio e ecl\u00e9tico. Quer prefira uma est\u00e9tica minimalista ou um visual mais vibrante e ecl\u00e9tico, as nossas capas de almofada complementam sem esfor\u00e7o o seu estilo pessoal e a decora\u00e7\u00e3o existente na sua casa.<\/p>\n<p>Na nossa loja, damos prioridade \u00e0 personaliza\u00e7\u00e3o para satisfazer as suas prefer\u00eancias \u00fanicas. Oferecemos uma vasta sele\u00e7\u00e3o de combina\u00e7\u00f5es de cores, padr\u00f5es e tamanhos \u00e0 escolha, garantindo que encontra a combina\u00e7\u00e3o perfeita para a sua vis\u00e3o de design de interiores. Pode misturar e combinar diferentes designs para criar um conjunto cativante ou escolher uma \u00fanica pe\u00e7a de destaque que se torne o ponto focal do seu espa\u00e7o.<\/p>\n<p>Quando compra as nossas capas de almofada marroquinas feitas \u00e0 m\u00e3o, n\u00e3o est\u00e1 apenas a investir num artigo decorativo; est\u00e1 a apoiar o artesanato tradicional e a dar poder aos artes\u00e3os. Estamos empenhados em pr\u00e1ticas de com\u00e9rcio justo, assegurando que os nossos artes\u00e3os recebem uma compensa\u00e7\u00e3o justa pelas suas capacidades excepcionais e trabalho \u00e1rduo.<\/p>\n<p><img decoding=\"async\" class=\"aligncenter wp-image-101924 size-large\" src=\"https:\/\/berberedesign.com\/wp-content\/uploads\/2023\/07\/Handmade-Moroccan-Cushion-1024x683.webp\" alt=\"Almofada marroquina feita \u00e0 m\u00e3o\" width=\"1024\" height=\"683\" title=\"\"><\/p>\n<p>Revitalize a sua casa com a eleg\u00e2ncia intemporal do design marroquino, adicionando as nossas capas de almofada marroquinas feitas \u00e0 m\u00e3o \u00e0 sua cole\u00e7\u00e3o. Com o seu requintado trabalho artesanal, qualidade superior e op\u00e7\u00f5es personaliz\u00e1veis, estas capas de almofada s\u00e3o um must-have para quem procura criar um ambiente acolhedor e convidativo no seu espa\u00e7o de vida. Compre agora e experimente a beleza da arte marroquina no conforto da sua casa.<\/p>","protected":false},"excerpt":{"rendered":"<p>Eleve a decora\u00e7\u00e3o da sua casa com as nossas capas de almofada marroquinas feitas \u00e0 m\u00e3o. Estas capas de almofada personalizadas apresentam bordados complexos, cores vibrantes e padr\u00f5es tradicionais que captam a beleza da arte marroquina. Fabricadas com materiais de primeira qualidade, proporcionam conforto e estilo, complementando sem esfor\u00e7o qualquer design de interiores. Escolha entre uma variedade de cores, padr\u00f5es e tamanhos para criar um visual personalizado. Apoie as pr\u00e1ticas de com\u00e9rcio justo e d\u00ea poder aos artes\u00e3os em cada compra. Transforme o seu espa\u00e7o com a eleg\u00e2ncia intemporal das nossas capas de almofada marroquinas feitas \u00e0 m\u00e3o. Compre agora e traga o encanto de Marrocos para a sua casa.<\/p>","protected":false},"featured_media":101919,"comment_status":"open","ping_status":"closed","template":"","meta":[],"product_brand":[],"product_cat":[234,198,197,199,232,196,200,236,201],"product_tag":[],"class_list":{"0":"post-101918","1":"product","2":"type-product","3":"status-publish","4":"has-post-thumbnail","6":"product_cat-best-sellers","7":"product_cat-embroidered-cushions","8":"product_cat-handwoven-berber-pillows","9":"product_cat-kilim-pillow-covers","10":"product_cat-new-arrivals","11":"product_cat-pillows-and-cushions","12":"product_cat-pom-pom-cushions","13":"product_cat-sale-items","14":"product_cat-vintage-berber-pillows","15":"product_shipping_class-free","16":"description-off","18":"first","19":"instock","20":"featured","21":"shipping-taxable","22":"purchasable","23":"product-type-simple"},"jetpack_sharing_enabled":true,"_links":{"self":[{"href":"https:\/\/berberedesign.com\/pt\/wp-json\/wp\/v2\/product\/101918","targetHints":{"allow":["GET"]}}],"collection":[{"href":"https:\/\/berberedesign.com\/pt\/wp-json\/wp\/v2\/product"}],"about":[{"href":"https:\/\/berberedesign.com\/pt\/wp-json\/wp\/v2\/types\/product"}],"replies":[{"embeddable":true,"href":"https:\/\/berberedesign.com\/pt\/wp-json\/wp\/v2\/comments?post=101918"}],"version-history":[{"count":0,"href":"https:\/\/berberedesign.com\/pt\/wp-json\/wp\/v2\/product\/101918\/revisions"}],"wp:featuredmedia":[{"embeddable":true,"href":"https:\/\/berberedesign.com\/pt\/wp-json\/wp\/v2\/media\/101919"}],"wp:attachment":[{"href":"https:\/\/berberedesign.com\/pt\/wp-json\/wp\/v2\/media?parent=101918"}],"wp:term":[{"taxonomy":"product_brand","embeddable":true,"href":"https:\/\/berberedesign.com\/pt\/wp-json\/wp\/v2\/product_brand?post=101918"},{"taxonomy":"product_cat","embeddable":true,"href":"https:\/\/berberedesign.com\/pt\/wp-json\/wp\/v2\/product_cat?post=101918"},{"taxonomy":"product_tag","embeddable":true,"href":"https:\/\/berberedesign.com\/pt\/wp-json\/wp\/v2\/product_tag?post=101918"}],"curies":[{"name":"wp","href":"https:\/\/api.w.org\/{rel}","templated":true}]}}