{"id":101909,"date":"2023-07-20T13:21:25","date_gmt":"2023-07-20T13:21:25","guid":{"rendered":"https:\/\/berberedesign.com\/?post_type=product&#038;p=101909"},"modified":"2023-11-11T10:30:34","modified_gmt":"2023-11-11T10:30:34","slug":"capa-de-almofada-vermelha-marroquina-feita-a-mao","status":"publish","type":"product","link":"https:\/\/berberedesign.com\/pt\/capa-de-almofada-vermelha-marroquina-feita-a-mao\/","title":{"rendered":"Almofada vermelha marroquina feita \u00e0 m\u00e3o - Almofada de seda Sabra"},"content":{"rendered":"<p>D\u00ea \u00e0 sua casa um toque de cor vibrante e fasc\u00ednio ex\u00f3tico com a nossa capa de almofada vermelha marroquina feita \u00e0 m\u00e3o, tecida com a luxuosa seda Sabra. Este encantador acess\u00f3rio vem do cora\u00e7\u00e3o de Marrocos, um pa\u00eds conhecido pelo seu rico patrim\u00f3nio e inigual\u00e1vel arte t\u00eaxtil.<\/p>\n<p>Criada por artes\u00e3os locais, esta capa de almofada apresenta a est\u00e9tica marroquina por excel\u00eancia. \u00c9 tingida num impressionante tom de vermelho, que faz lembrar os ardentes pores-do-sol de Marraquexe, o que certamente dar\u00e1 um toque \u00fanico e apelativo a qualquer divis\u00e3o. A sua cor tem mais do que apenas um atrativo est\u00e9tico; o vermelho \u00e9 considerado um s\u00edmbolo de vida e alegria na cultura marroquina, oferecendo mais profundidade a este belo artigo artesanal.<\/p>\n<p><img fetchpriority=\"high\" decoding=\"async\" class=\"aligncenter wp-image-101913 size-large\" src=\"https:\/\/berberedesign.com\/wp-content\/uploads\/2023\/07\/Moroccan-Red-Cushion-Cover-1024x683.webp\" alt=\"Capa de almofada vermelha marroquina\" width=\"1024\" height=\"683\" title=\"\"><\/p>\n<p>Os intrincados padr\u00f5es de design, inspirados em s\u00edmbolos berberes centen\u00e1rios, s\u00e3o meticulosamente cosidos \u00e0 m\u00e3o, acrescentando uma camada de textura e riqueza. A seda Sabra utilizada \u00e9, na verdade, uma forma de seda de cato, tamb\u00e9m conhecida como \"seda vegetal\". \u00c9 incrivelmente macia, mas dur\u00e1vel e hipoalerg\u00e9nica, o que a torna uma excelente escolha para fam\u00edlias sens\u00edveis a alerg\u00e9nios.<\/p>\n<p>A nossa capa de almofada mede 18 x 18 polegadas, um tamanho perfeito para almofadas normais. Possui um fecho de correr oculto, que permite retirar e colocar facilmente a sua almofada. Tenha em aten\u00e7\u00e3o que, como se trata de um produto feito \u00e0 m\u00e3o, s\u00e3o de esperar ligeiras varia\u00e7\u00f5es no design, na cor e no tamanho, o que torna cada capa verdadeiramente \u00fanica.<\/p>\n<p>As instru\u00e7\u00f5es de manuten\u00e7\u00e3o s\u00e3o simples - Lavar \u00e0 m\u00e3o ou limpar a seco apenas. Passar a ferro numa temperatura quente. N\u00e3o utilizar lix\u00edvia. Este cuidado ajuda a manter a cor e o intrincado trabalho de bordado.<\/p>\n<p><img decoding=\"async\" class=\"aligncenter wp-image-101915 size-large\" src=\"https:\/\/berberedesign.com\/wp-content\/uploads\/2023\/07\/red-Sabra-Silk-Pillow-1024x683.webp\" alt=\"Almofada de seda Sabra vermelha\" width=\"1024\" height=\"683\" title=\"\"><\/p>\n<p>A capa de almofada vermelha marroquina feita \u00e0 m\u00e3o: Sabra Silk Pillow n\u00e3o s\u00f3 oferece conforto como conta uma hist\u00f3ria de tradi\u00e7\u00e3o e arte ricas. \u00c9 mais do que um simples acess\u00f3rio decorativo; \u00e9 um peda\u00e7o da heran\u00e7a marroquina trazido diretamente para a sua casa. Ent\u00e3o, porqu\u00ea esperar? Adicione este espl\u00eandido acess\u00f3rio \u00e0 sua decora\u00e7\u00e3o e deixe que o seu brilho e ess\u00eancia cultural elevem os seus interiores.<\/p>","protected":false},"excerpt":{"rendered":"<p>Mergulhe na ess\u00eancia da tradi\u00e7\u00e3o marroquina com a nossa capa de almofada vermelha marroquina feita \u00e0 m\u00e3o. Tecido a partir da luxuosa seda Sabra por artes\u00e3os qualificados, este acess\u00f3rio vibrante, tingido num tom vivo de vermelho, d\u00e1 um toque ex\u00f3tico a qualquer divis\u00e3o. Com intrincados padr\u00f5es berberes cosidos \u00e0 m\u00e3o e um fecho de correr oculto, n\u00e3o \u00e9 apenas uma pe\u00e7a decorativa, mas uma fatia da heran\u00e7a marroquina mesmo em sua casa. Mede 18 x 18 polegadas, adaptando-se a almofadas normais.<\/p>","protected":false},"featured_media":101911,"comment_status":"open","ping_status":"closed","template":"","meta":[],"product_brand":[],"product_cat":[234,198,197,199,232,196,200,236,201],"product_tag":[],"class_list":{"0":"post-101909","1":"product","2":"type-product","3":"status-publish","4":"has-post-thumbnail","6":"product_cat-best-sellers","7":"product_cat-embroidered-cushions","8":"product_cat-handwoven-berber-pillows","9":"product_cat-kilim-pillow-covers","10":"product_cat-new-arrivals","11":"product_cat-pillows-and-cushions","12":"product_cat-pom-pom-cushions","13":"product_cat-sale-items","14":"product_cat-vintage-berber-pillows","15":"product_shipping_class-free","16":"description-off","18":"first","19":"instock","20":"featured","21":"shipping-taxable","22":"purchasable","23":"product-type-simple"},"jetpack_sharing_enabled":true,"_links":{"self":[{"href":"https:\/\/berberedesign.com\/pt\/wp-json\/wp\/v2\/product\/101909","targetHints":{"allow":["GET"]}}],"collection":[{"href":"https:\/\/berberedesign.com\/pt\/wp-json\/wp\/v2\/product"}],"about":[{"href":"https:\/\/berberedesign.com\/pt\/wp-json\/wp\/v2\/types\/product"}],"replies":[{"embeddable":true,"href":"https:\/\/berberedesign.com\/pt\/wp-json\/wp\/v2\/comments?post=101909"}],"version-history":[{"count":1,"href":"https:\/\/berberedesign.com\/pt\/wp-json\/wp\/v2\/product\/101909\/revisions"}],"predecessor-version":[{"id":105329,"href":"https:\/\/berberedesign.com\/pt\/wp-json\/wp\/v2\/product\/101909\/revisions\/105329"}],"wp:featuredmedia":[{"embeddable":true,"href":"https:\/\/berberedesign.com\/pt\/wp-json\/wp\/v2\/media\/101911"}],"wp:attachment":[{"href":"https:\/\/berberedesign.com\/pt\/wp-json\/wp\/v2\/media?parent=101909"}],"wp:term":[{"taxonomy":"product_brand","embeddable":true,"href":"https:\/\/berberedesign.com\/pt\/wp-json\/wp\/v2\/product_brand?post=101909"},{"taxonomy":"product_cat","embeddable":true,"href":"https:\/\/berberedesign.com\/pt\/wp-json\/wp\/v2\/product_cat?post=101909"},{"taxonomy":"product_tag","embeddable":true,"href":"https:\/\/berberedesign.com\/pt\/wp-json\/wp\/v2\/product_tag?post=101909"}],"curies":[{"name":"wp","href":"https:\/\/api.w.org\/{rel}","templated":true}]}}