{"id":101314,"date":"2023-06-15T19:03:15","date_gmt":"2023-06-15T19:03:15","guid":{"rendered":"https:\/\/berberedesign.com\/?post_type=product&#038;p=101314"},"modified":"2025-02-22T14:57:19","modified_gmt":"2025-02-22T14:57:19","slug":"pufe-de-couro-marroquino-creme","status":"publish","type":"product","link":"https:\/\/berberedesign.com\/pt\/pufe-de-couro-marroquino-creme\/","title":{"rendered":"Opulento pufe de couro marroquino em creme"},"content":{"rendered":"<h1>Delicie-se com a eleg\u00e2ncia intemporal do nosso pufe redondo em pele marroquina creme.<\/h1>\n<p>Meticulosamente trabalhado \u00e0 m\u00e3o por artes\u00e3os qualificados, este requintado pufe \u00e9 um testemunho da beleza do artesanato marroquino. Fabricado em pele de alta qualidade, exala uma sensa\u00e7\u00e3o de luxo e requinte. A pele de cor creme complementa uma variedade de estilos de interiores, do tradicional ao contempor\u00e2neo, tornando-o uma adi\u00e7\u00e3o vers\u00e1til ao seu espa\u00e7o de vida. A sua forma redonda acrescenta um toque encantador e convidativo, criando uma op\u00e7\u00e3o de assento acolhedora ou um elegante apoio para os p\u00e9s.<\/p>\n<p>Este pufe n\u00e3o s\u00f3 \u00e9 uma pe\u00e7a de mobili\u00e1rio funcional, como tamb\u00e9m serve de decora\u00e7\u00e3o. A costura intrincada e a aten\u00e7\u00e3o aos detalhes demonstram a per\u00edcia do artes\u00e3o, enquanto as varia\u00e7\u00f5es naturais da pele conferem car\u00e1cter e singularidade a cada pufe. Com o seu tamanho generoso e enchimento de pel\u00facia, o pufe proporciona um assento confort\u00e1vel e uma experi\u00eancia relaxante. Quer o coloque na sala de estar, no quarto ou mesmo num recanto de leitura acolhedor, este pufe melhora sem esfor\u00e7o o ambiente de qualquer espa\u00e7o.<\/p>\n<p>&nbsp;<\/p>\n<p>Acrescente um toque de luxo artesanal \u00e0 sua casa com o nosso pufe redondo em pele marroquina creme. Experimente a beleza, o conforto e o encanto duradouro que traz ao seu espa\u00e7o de vida, convidando-o a descontrair e a entregar-se a um momento de puro relaxamento.<\/p>\n<p><iframe title=\"Um talento do artesanato marroquino\" width=\"1200\" height=\"675\" src=\"https:\/\/www.youtube.com\/embed\/c_10xM47nDw?feature=oembed&#038;enablejsapi=1&#038;origin=https:\/\/berberedesign.com\" frameborder=\"0\" allow=\"accelerometer; autoplay; clipboard-write; encrypted-media; gyroscope; picture-in-picture; web-share\" referrerpolicy=\"strict-origin-when-cross-origin\" allowfullscreen><\/iframe><\/p>\n<h3><strong>Informa\u00e7\u00f5es adicionais:\u00a0<\/strong><\/h3>\n<ul>\n<li>Tipo de produto: Puff de couro<\/li>\n<li>Material: Couro genu\u00edno<\/li>\n<li>\u00c9tico: Eticamente feito \u00e0 m\u00e3o, bordado e cosido em Marrocos.<\/li>\n<li>Origem: Marrocos<\/li>\n<li>Cor: Creme<\/li>\n<li>Dimens\u00f5es 53 x 53 x 32 cm<\/li>\n<li>Condi\u00e7\u00e3o: Os nossos pufes de couro n\u00e3o est\u00e3o cheios \/ prontos a usar.<\/li>\n<\/ul>","protected":false},"excerpt":{"rendered":"<p>Eleve o seu espa\u00e7o de vida com o nosso pufe redondo em pele marroquina creme. Este pufe artesanal combina eleg\u00e2ncia intemporal e conforto luxuoso, acrescentando um toque de sofistica\u00e7\u00e3o a qualquer divis\u00e3o.<\/p>","protected":false},"featured_media":102387,"comment_status":"open","ping_status":"closed","template":"","meta":[],"product_brand":[],"product_cat":[234,202,302,204,232,236],"product_tag":[139,140],"class_list":{"0":"post-101314","1":"product","2":"type-product","3":"status-publish","4":"has-post-thumbnail","6":"product_cat-best-sellers","7":"product_cat-home-decor","8":"product_cat-leather-poufs","9":"product_cat-moroccan-poufs","10":"product_cat-new-arrivals","11":"product_cat-sale-items","12":"product_tag-moroccan-leather-pouf-cream","13":"product_tag-pouf-cream-moroccan-leather","14":"product_shipping_class-free","15":"description-off","17":"first","18":"instock","19":"sale","20":"shipping-taxable","21":"purchasable","22":"product-type-variable"},"jetpack_sharing_enabled":true,"_links":{"self":[{"href":"https:\/\/berberedesign.com\/pt\/wp-json\/wp\/v2\/product\/101314","targetHints":{"allow":["GET"]}}],"collection":[{"href":"https:\/\/berberedesign.com\/pt\/wp-json\/wp\/v2\/product"}],"about":[{"href":"https:\/\/berberedesign.com\/pt\/wp-json\/wp\/v2\/types\/product"}],"replies":[{"embeddable":true,"href":"https:\/\/berberedesign.com\/pt\/wp-json\/wp\/v2\/comments?post=101314"}],"version-history":[{"count":3,"href":"https:\/\/berberedesign.com\/pt\/wp-json\/wp\/v2\/product\/101314\/revisions"}],"predecessor-version":[{"id":106813,"href":"https:\/\/berberedesign.com\/pt\/wp-json\/wp\/v2\/product\/101314\/revisions\/106813"}],"wp:featuredmedia":[{"embeddable":true,"href":"https:\/\/berberedesign.com\/pt\/wp-json\/wp\/v2\/media\/102387"}],"wp:attachment":[{"href":"https:\/\/berberedesign.com\/pt\/wp-json\/wp\/v2\/media?parent=101314"}],"wp:term":[{"taxonomy":"product_brand","embeddable":true,"href":"https:\/\/berberedesign.com\/pt\/wp-json\/wp\/v2\/product_brand?post=101314"},{"taxonomy":"product_cat","embeddable":true,"href":"https:\/\/berberedesign.com\/pt\/wp-json\/wp\/v2\/product_cat?post=101314"},{"taxonomy":"product_tag","embeddable":true,"href":"https:\/\/berberedesign.com\/pt\/wp-json\/wp\/v2\/product_tag?post=101314"}],"curies":[{"name":"wp","href":"https:\/\/api.w.org\/{rel}","templated":true}]}}