{"id":101255,"date":"2023-06-15T11:20:22","date_gmt":"2023-06-15T11:20:22","guid":{"rendered":"https:\/\/berberedesign.com\/?post_type=product&#038;p=101255"},"modified":"2025-06-22T03:13:13","modified_gmt":"2025-06-22T03:13:13","slug":"tapete-marroquino-azul-beni-ourain","status":"publish","type":"product","link":"https:\/\/berberedesign.com\/pt\/tapete-marroquino-azul-beni-ourain\/","title":{"rendered":"Tapete marroquino azul cativante Beni Ourain"},"content":{"rendered":"<h1>Deixe-se seduzir pelo fasc\u00ednio do tapete marroquino Captivating Blue Beni Ourain.<\/h1>\n<p>Meticulosamente trabalhado \u00e0 m\u00e3o por artes\u00e3os qualificados no cora\u00e7\u00e3o de Marrocos, este tapete mostra a beleza intemporal e a arte da tribo Beni Ourain. A cativante tonalidade azul deste tapete evoca uma sensa\u00e7\u00e3o de tranquilidade e serenidade, infundindo o seu espa\u00e7o com um ambiente refrescante. Os seus intrincados padr\u00f5es geom\u00e9tricos e motivos simb\u00f3licos contam uma hist\u00f3ria \u00fanica, reflectindo a rica heran\u00e7a cultural e a per\u00edcia artesanal por detr\u00e1s de cada obra-prima tecida \u00e0 m\u00e3o.<\/p>\n<p>Fabricado a partir de l\u00e3 de primeira qualidade, o tapete oferece uma textura sumptuosamente macia e felpuda sob os p\u00e9s, criando um ref\u00fagio acolhedor na sua sala de estar, quarto ou escrit\u00f3rio. As varia\u00e7\u00f5es naturais da cor e da textura da l\u00e3 real\u00e7am ainda mais o atrativo org\u00e2nico do tapete, assegurando simultaneamente a sua durabilidade e longevidade.<\/p>\n<p><img fetchpriority=\"high\" decoding=\"async\" class=\"aligncenter wp-image-101260 size-large\" src=\"https:\/\/berberedesign.com\/wp-content\/uploads\/2023\/06\/Blue-Moroccan-Rug-Beni-Ourain-design-1024x683.webp\" alt=\"Tapete marroquino azul design Beni Ourain\" width=\"1024\" height=\"683\" title=\"\" srcset=\"https:\/\/berberedesign.com\/wp-content\/uploads\/2023\/06\/Blue-Moroccan-Rug-Beni-Ourain-design-1024x683.webp 1024w, https:\/\/berberedesign.com\/wp-content\/uploads\/2023\/06\/Blue-Moroccan-Rug-Beni-Ourain-design-300x200.webp 300w, https:\/\/berberedesign.com\/wp-content\/uploads\/2023\/06\/Blue-Moroccan-Rug-Beni-Ourain-design-768x512.webp 768w, https:\/\/berberedesign.com\/wp-content\/uploads\/2023\/06\/Blue-Moroccan-Rug-Beni-Ourain-design-18x12.webp 18w, https:\/\/berberedesign.com\/wp-content\/uploads\/2023\/06\/Blue-Moroccan-Rug-Beni-Ourain-design-1064x710.webp 1064w, https:\/\/berberedesign.com\/wp-content\/uploads\/2023\/06\/Blue-Moroccan-Rug-Beni-Ourain-design-20x13.webp 20w, https:\/\/berberedesign.com\/wp-content\/uploads\/2023\/06\/Blue-Moroccan-Rug-Beni-Ourain-design-64x43.webp 64w, https:\/\/berberedesign.com\/wp-content\/uploads\/2023\/06\/Blue-Moroccan-Rug-Beni-Ourain-design-1080x721.webp 1080w, https:\/\/berberedesign.com\/wp-content\/uploads\/2023\/06\/Blue-Moroccan-Rug-Beni-Ourain-design-980x654.webp 980w, https:\/\/berberedesign.com\/wp-content\/uploads\/2023\/06\/Blue-Moroccan-Rug-Beni-Ourain-design-480x320.webp 480w, https:\/\/berberedesign.com\/wp-content\/uploads\/2023\/06\/Blue-Moroccan-Rug-Beni-Ourain-design.webp 1280w\" sizes=\"(max-width: 1024px) 100vw, 1024px\"><\/p>\n<p>O tapete marroquino azul cativante Beni Ourain complementa sem esfor\u00e7o uma variedade de estilos de design de interiores, desde o contempor\u00e2neo ao bo\u00e9mio e tudo o que est\u00e1 entre eles. O seu tamanho generoso permite-lhe ancorar a divis\u00e3o e servir como um ponto focal cativante que desperta a conversa e capta a aten\u00e7\u00e3o.<\/p>\n<p>Eleve a decora\u00e7\u00e3o da sua casa com a extraordin\u00e1ria beleza do Tapete Marroquino Captivating Blue Beni Ourain. Abrace o seu artesanato requintado e a sua eleg\u00e2ncia intemporal, uma vez que real\u00e7a a est\u00e9tica do seu espa\u00e7o, criando uma mistura harmoniosa de estilo e cultura.<\/p>\n<h3><strong>Informa\u00e7\u00f5es adicionais:\u00a0<\/strong><\/h3>\n<p>Tipo de produto: Tapete feito \u00e0 m\u00e3o<\/p>\n<p>Material: L\u00e3<\/p>\n<p>Composi\u00e7\u00e3o: L\u00e3 100%<\/p>\n<p>Estilo: Beni ourain<\/p>\n<p>Cor: azul e branco<\/p>\n<p>Tamanho: 6,56 x 9,84 p\u00e9s \/ 200\u00d7300 cm<\/p>\n<p>Nota: Como cada tapete \u00e9 tecido \u00e0 m\u00e3o, pode haver ligeiras varia\u00e7\u00f5es nas dimens\u00f5es e no peso, o que contribui para a singularidade e o car\u00e1cter do produto.<\/p>\n<p>Se necessitar de peso e dimens\u00f5es espec\u00edficos para um determinado Tapete marroquino azul cativante Beni Ourain, forne\u00e7a o tamanho ou modelo pretendido e terei todo o gosto em ajud\u00e1-lo.<\/p>","protected":false},"excerpt":{"rendered":"<p>Transforme o seu espa\u00e7o com o tapete marroquino Captivating Blue Beni Ourain. Este tapete requintado combina o artesanato tradicional marroquino com uma paleta de cores azuis hipnotizantes, criando uma pe\u00e7a de refer\u00eancia que acrescenta profundidade e encanto a qualquer divis\u00e3o.<\/p>","protected":false},"featured_media":101863,"comment_status":"open","ping_status":"closed","template":"","meta":[],"product_brand":[],"product_cat":[232,192,234,190,319,318],"product_tag":[132,131,128,133,130,134,129],"class_list":{"0":"post-101255","1":"product","2":"type-product","3":"status-publish","4":"has-post-thumbnail","6":"product_cat-new-arrivals","7":"product_cat-beni-ourain-rugs","8":"product_cat-best-sellers","9":"product_cat-rugs","10":"product_cat-rugs-wool-handcrafted-benches","11":"product_cat-wool","12":"product_tag-beni-ourain-rug","13":"product_tag-checkered-rug","14":"product_tag-green-and-white-checkered-rug","15":"product_tag-green-berber-rug","16":"product_tag-green-moroccan-rug","17":"product_tag-green-shag-rug","18":"product_tag-sage-green-moroccan-rug-beni-ourain","19":"product_shipping_class-free","20":"description-off","22":"first","23":"outofstock","24":"featured","25":"shipping-taxable","26":"purchasable","27":"product-type-simple"},"jetpack_sharing_enabled":true,"_links":{"self":[{"href":"https:\/\/berberedesign.com\/pt\/wp-json\/wp\/v2\/product\/101255","targetHints":{"allow":["GET"]}}],"collection":[{"href":"https:\/\/berberedesign.com\/pt\/wp-json\/wp\/v2\/product"}],"about":[{"href":"https:\/\/berberedesign.com\/pt\/wp-json\/wp\/v2\/types\/product"}],"replies":[{"embeddable":true,"href":"https:\/\/berberedesign.com\/pt\/wp-json\/wp\/v2\/comments?post=101255"}],"version-history":[{"count":1,"href":"https:\/\/berberedesign.com\/pt\/wp-json\/wp\/v2\/product\/101255\/revisions"}],"predecessor-version":[{"id":105319,"href":"https:\/\/berberedesign.com\/pt\/wp-json\/wp\/v2\/product\/101255\/revisions\/105319"}],"wp:featuredmedia":[{"embeddable":true,"href":"https:\/\/berberedesign.com\/pt\/wp-json\/wp\/v2\/media\/101863"}],"wp:attachment":[{"href":"https:\/\/berberedesign.com\/pt\/wp-json\/wp\/v2\/media?parent=101255"}],"wp:term":[{"taxonomy":"product_brand","embeddable":true,"href":"https:\/\/berberedesign.com\/pt\/wp-json\/wp\/v2\/product_brand?post=101255"},{"taxonomy":"product_cat","embeddable":true,"href":"https:\/\/berberedesign.com\/pt\/wp-json\/wp\/v2\/product_cat?post=101255"},{"taxonomy":"product_tag","embeddable":true,"href":"https:\/\/berberedesign.com\/pt\/wp-json\/wp\/v2\/product_tag?post=101255"}],"curies":[{"name":"wp","href":"https:\/\/api.w.org\/{rel}","templated":true}]}}