{"id":100993,"date":"2023-06-13T22:55:51","date_gmt":"2023-06-13T22:55:51","guid":{"rendered":"https:\/\/berberedesign.com\/?post_type=product&#038;p=100993"},"modified":"2026-03-31T17:32:44","modified_gmt":"2026-03-31T17:32:44","slug":"almofada-marroquina-laranja-vibrante","status":"publish","type":"product","link":"https:\/\/berberedesign.com\/pt\/almofada-marroquina-laranja-vibrante\/","title":{"rendered":"Almofada marroquina laranja vibrante"},"content":{"rendered":"<h1>Almofada marroquina laranja, acrescenta eleg\u00e2ncia e energia ao seu espa\u00e7o:<\/h1>\n<p>A Almofada Laranja Marroquina \u00e9 um acess\u00f3rio de decora\u00e7\u00e3o deslumbrante que acrescenta eleg\u00e2ncia e um toque cultural a qualquer espa\u00e7o habitacional. Fabricada em tecido macio e de alta qualidade, esta almofada retangular mede aproximadamente 45x45 cm (18 polegadas por 18 polegadas). Apresenta um padr\u00e3o cativante de inspira\u00e7\u00e3o marroquina com formas geom\u00e9tricas complexas, motivos ornamentados e pormenores delicados, tudo num tom vibrante de laranja. A escolha de cor arrojada torna-o um ponto focal apelativo que traz calor e energia a qualquer divis\u00e3o.<\/p>\n<p><img fetchpriority=\"high\" decoding=\"async\" class=\"aligncenter wp-image-100995 size-large\" src=\"https:\/\/berberedesign.com\/wp-content\/uploads\/2023\/06\/orange-moroccan-throw-pillows-1024x683.webp\" alt=\"almofadas marroquinas cor de laranja\" width=\"1024\" height=\"683\" title=\"\" srcset=\"https:\/\/berberedesign.com\/wp-content\/uploads\/2023\/06\/orange-moroccan-throw-pillows-1024x683.webp 1024w, https:\/\/berberedesign.com\/wp-content\/uploads\/2023\/06\/orange-moroccan-throw-pillows-300x200.webp 300w, https:\/\/berberedesign.com\/wp-content\/uploads\/2023\/06\/orange-moroccan-throw-pillows-768x512.webp 768w, https:\/\/berberedesign.com\/wp-content\/uploads\/2023\/06\/orange-moroccan-throw-pillows-18x12.webp 18w, https:\/\/berberedesign.com\/wp-content\/uploads\/2023\/06\/orange-moroccan-throw-pillows-1064x710.webp 1064w, https:\/\/berberedesign.com\/wp-content\/uploads\/2023\/06\/orange-moroccan-throw-pillows-20x13.webp 20w, https:\/\/berberedesign.com\/wp-content\/uploads\/2023\/06\/orange-moroccan-throw-pillows-64x43.webp 64w, https:\/\/berberedesign.com\/wp-content\/uploads\/2023\/06\/orange-moroccan-throw-pillows-1080x721.webp 1080w, https:\/\/berberedesign.com\/wp-content\/uploads\/2023\/06\/orange-moroccan-throw-pillows-980x654.webp 980w, https:\/\/berberedesign.com\/wp-content\/uploads\/2023\/06\/orange-moroccan-throw-pillows-480x320.webp 480w, https:\/\/berberedesign.com\/wp-content\/uploads\/2023\/06\/orange-moroccan-throw-pillows.webp 1280w\" sizes=\"(max-width: 1024px) 100vw, 1024px\"><\/p>\n<p>Esta almofada foi concebida para ser est\u00e9tica e confort\u00e1vel, oferecendo um toque de pel\u00facia e convidativo. O seu generoso enchimento proporciona um amplo apoio, tornando-a perfeita para relaxar, descontrair ou como um acento decorativo num sof\u00e1, cama ou poltrona. A almofada Orange Moroccan Throw Pillow complementa sem esfor\u00e7o v\u00e1rios estilos de design de interiores, do contempor\u00e2neo ao bo\u00e9mio, acrescentando um toque de charme global e car\u00e1cter a qualquer espa\u00e7o. Quer seja utilizada individualmente ou em conjunto com outras almofadas de cores complementares, este acess\u00f3rio vibrante eleva instantaneamente o ambiente de uma divis\u00e3o.<\/p>\n<p><img decoding=\"async\" class=\"aligncenter wp-image-100996 size-large\" src=\"https:\/\/berberedesign.com\/wp-content\/uploads\/2023\/06\/the-orange-moroccan-throw-pillow-1024x683.webp\" alt=\"a almofada laranja marroquina\" width=\"1024\" height=\"683\" title=\"\" srcset=\"https:\/\/berberedesign.com\/wp-content\/uploads\/2023\/06\/the-orange-moroccan-throw-pillow-1024x683.webp 1024w, https:\/\/berberedesign.com\/wp-content\/uploads\/2023\/06\/the-orange-moroccan-throw-pillow-300x200.webp 300w, https:\/\/berberedesign.com\/wp-content\/uploads\/2023\/06\/the-orange-moroccan-throw-pillow-768x512.webp 768w, https:\/\/berberedesign.com\/wp-content\/uploads\/2023\/06\/the-orange-moroccan-throw-pillow-18x12.webp 18w, https:\/\/berberedesign.com\/wp-content\/uploads\/2023\/06\/the-orange-moroccan-throw-pillow-1064x710.webp 1064w, https:\/\/berberedesign.com\/wp-content\/uploads\/2023\/06\/the-orange-moroccan-throw-pillow-20x13.webp 20w, https:\/\/berberedesign.com\/wp-content\/uploads\/2023\/06\/the-orange-moroccan-throw-pillow-64x43.webp 64w, https:\/\/berberedesign.com\/wp-content\/uploads\/2023\/06\/the-orange-moroccan-throw-pillow-1080x721.webp 1080w, https:\/\/berberedesign.com\/wp-content\/uploads\/2023\/06\/the-orange-moroccan-throw-pillow-980x654.webp 980w, https:\/\/berberedesign.com\/wp-content\/uploads\/2023\/06\/the-orange-moroccan-throw-pillow-480x320.webp 480w, https:\/\/berberedesign.com\/wp-content\/uploads\/2023\/06\/the-orange-moroccan-throw-pillow.webp 1280w\" sizes=\"(max-width: 1024px) 100vw, 1024px\"><\/p>\n<p>Com o seu design cativante e a sua constru\u00e7\u00e3o de qualidade superior, a Almofada Laranja Marroquina \u00e9 uma adi\u00e7\u00e3o vers\u00e1til e elegante \u00e0 sua cole\u00e7\u00e3o de decora\u00e7\u00e3o. Traz uma explos\u00e3o de cor e inspira\u00e7\u00e3o cultural para os seus espa\u00e7os de vida, criando uma atmosfera visualmente marcante e convidativa.<\/p>","protected":false},"excerpt":{"rendered":"<p>A Orange Moroccan Throw Pillow \u00e9 uma almofada de realce vibrante e decorativa que apresenta um design de inspira\u00e7\u00e3o marroquina num impressionante tom de laranja.<\/p>","protected":false},"featured_media":100994,"comment_status":"open","ping_status":"closed","template":"","meta":[],"product_brand":[],"product_cat":[234,198,197,199,232,196,200,236,201],"product_tag":[],"class_list":{"0":"post-100993","1":"product","2":"type-product","3":"status-publish","4":"has-post-thumbnail","6":"product_cat-best-sellers","7":"product_cat-embroidered-cushions","8":"product_cat-handwoven-berber-pillows","9":"product_cat-kilim-pillow-covers","10":"product_cat-new-arrivals","11":"product_cat-pillows-and-cushions","12":"product_cat-pom-pom-cushions","13":"product_cat-sale-items","14":"product_cat-vintage-berber-pillows","15":"product_shipping_class-free","16":"description-off","18":"first","19":"outofstock","20":"featured","21":"shipping-taxable","22":"purchasable","23":"product-type-simple"},"jetpack_sharing_enabled":true,"_links":{"self":[{"href":"https:\/\/berberedesign.com\/pt\/wp-json\/wp\/v2\/product\/100993","targetHints":{"allow":["GET"]}}],"collection":[{"href":"https:\/\/berberedesign.com\/pt\/wp-json\/wp\/v2\/product"}],"about":[{"href":"https:\/\/berberedesign.com\/pt\/wp-json\/wp\/v2\/types\/product"}],"replies":[{"embeddable":true,"href":"https:\/\/berberedesign.com\/pt\/wp-json\/wp\/v2\/comments?post=100993"}],"version-history":[{"count":0,"href":"https:\/\/berberedesign.com\/pt\/wp-json\/wp\/v2\/product\/100993\/revisions"}],"wp:featuredmedia":[{"embeddable":true,"href":"https:\/\/berberedesign.com\/pt\/wp-json\/wp\/v2\/media\/100994"}],"wp:attachment":[{"href":"https:\/\/berberedesign.com\/pt\/wp-json\/wp\/v2\/media?parent=100993"}],"wp:term":[{"taxonomy":"product_brand","embeddable":true,"href":"https:\/\/berberedesign.com\/pt\/wp-json\/wp\/v2\/product_brand?post=100993"},{"taxonomy":"product_cat","embeddable":true,"href":"https:\/\/berberedesign.com\/pt\/wp-json\/wp\/v2\/product_cat?post=100993"},{"taxonomy":"product_tag","embeddable":true,"href":"https:\/\/berberedesign.com\/pt\/wp-json\/wp\/v2\/product_tag?post=100993"}],"curies":[{"name":"wp","href":"https:\/\/api.w.org\/{rel}","templated":true}]}}