{"id":100462,"date":"2023-06-03T13:21:54","date_gmt":"2023-06-03T13:21:54","guid":{"rendered":"https:\/\/berberedesign.com\/?post_type=product&#038;p=100462"},"modified":"2025-02-22T17:26:26","modified_gmt":"2025-02-22T17:26:26","slug":"pufe-de-couro-marroquino-bronzeado-pufe-marroquino-castanho","status":"publish","type":"product","link":"https:\/\/berberedesign.com\/pt\/pufe-de-couro-marroquino-bronzeado-pufe-marroquino-castanho\/","title":{"rendered":"Pufe de couro marroquino bronzeado, pufe marroquino castanho"},"content":{"rendered":"<p>Transforme a sua sala de estar com este lind\u00edssimo pufe de couro marroquino bronzeado feito \u00e0 m\u00e3o. Fabricado por artes\u00e3os qualificados, este pufe apresenta pele genu\u00edna numa rica tonalidade castanha bronzeada, oferecendo uma mistura de tradi\u00e7\u00e3o e eleg\u00e2ncia moderna. Perfeito como apoio para os p\u00e9s, assento extra ou um acento decorativo, complementa na perfei\u00e7\u00e3o v\u00e1rios estilos de decora\u00e7\u00e3o.<\/p>\n<ul>\n<li><strong>Artesanato aut\u00eantico:<\/strong> Feita \u00e0 m\u00e3o por artes\u00e3os marroquinos em pele genu\u00edna de primeira qualidade.<\/li>\n<li><strong>Elegante tom castanho bronzeado:<\/strong> Uma cor neutra mas quente que real\u00e7a a est\u00e9tica de qualquer divis\u00e3o.<\/li>\n<li><strong>Funcionalidade vers\u00e1til:<\/strong> Ideal como apoio para os p\u00e9s, assento adicional ou uma pe\u00e7a central elegante.<\/li>\n<li><strong>Dur\u00e1vel e de longa dura\u00e7\u00e3o:<\/strong> A constru\u00e7\u00e3o robusta em couro garante anos de utiliza\u00e7\u00e3o fi\u00e1vel.<\/li>\n<li><strong>Design intemporal:<\/strong> Combina a arte tradicional marroquina com a simplicidade moderna.<\/li>\n<\/ul>\n<p>Este pufe em pele marroquina castanha \u00e9 o complemento perfeito para a sua casa, combinando funcionalidade, durabilidade e patrim\u00f3nio cultural.<\/p>","protected":false},"excerpt":{"rendered":"<p>O <strong>Puff de couro marroquino bronzeado<\/strong> \u00e9 o ep\u00edtome da sofistica\u00e7\u00e3o, um must-have para os seus aposentos. O seu padr\u00e3o de costura delicado, aliado \u00e0 pele genu\u00edna, cria uma aura de eleg\u00e2ncia que ir\u00e1 fascinar os espectadores. <strong>Este pufe de estilo marroquino<\/strong> n\u00e3o s\u00f3 \u00e9 um deleite visual, como tamb\u00e9m \u00e9 leve e f\u00e1cil de deslocar, tornando-o o complemento perfeito para qualquer divis\u00e3o da sua casa.<\/p>","protected":false},"featured_media":100467,"comment_status":"open","ping_status":"closed","template":"","meta":[],"product_brand":[],"product_cat":[202,302,204,236],"product_tag":[],"class_list":{"0":"post-100462","1":"product","2":"type-product","3":"status-publish","4":"has-post-thumbnail","6":"product_cat-home-decor","7":"product_cat-leather-poufs","8":"product_cat-moroccan-poufs","9":"product_cat-sale-items","10":"product_shipping_class-free","11":"description-off","13":"first","14":"instock","15":"sale","16":"shipping-taxable","17":"purchasable","18":"product-type-variable"},"jetpack_sharing_enabled":true,"_links":{"self":[{"href":"https:\/\/berberedesign.com\/pt\/wp-json\/wp\/v2\/product\/100462","targetHints":{"allow":["GET"]}}],"collection":[{"href":"https:\/\/berberedesign.com\/pt\/wp-json\/wp\/v2\/product"}],"about":[{"href":"https:\/\/berberedesign.com\/pt\/wp-json\/wp\/v2\/types\/product"}],"replies":[{"embeddable":true,"href":"https:\/\/berberedesign.com\/pt\/wp-json\/wp\/v2\/comments?post=100462"}],"version-history":[{"count":2,"href":"https:\/\/berberedesign.com\/pt\/wp-json\/wp\/v2\/product\/100462\/revisions"}],"predecessor-version":[{"id":106573,"href":"https:\/\/berberedesign.com\/pt\/wp-json\/wp\/v2\/product\/100462\/revisions\/106573"}],"wp:featuredmedia":[{"embeddable":true,"href":"https:\/\/berberedesign.com\/pt\/wp-json\/wp\/v2\/media\/100467"}],"wp:attachment":[{"href":"https:\/\/berberedesign.com\/pt\/wp-json\/wp\/v2\/media?parent=100462"}],"wp:term":[{"taxonomy":"product_brand","embeddable":true,"href":"https:\/\/berberedesign.com\/pt\/wp-json\/wp\/v2\/product_brand?post=100462"},{"taxonomy":"product_cat","embeddable":true,"href":"https:\/\/berberedesign.com\/pt\/wp-json\/wp\/v2\/product_cat?post=100462"},{"taxonomy":"product_tag","embeddable":true,"href":"https:\/\/berberedesign.com\/pt\/wp-json\/wp\/v2\/product_tag?post=100462"}],"curies":[{"name":"wp","href":"https:\/\/api.w.org\/{rel}","templated":true}]}}