{"id":100325,"date":"2023-05-20T18:31:59","date_gmt":"2023-05-20T18:31:59","guid":{"rendered":"https:\/\/berberedesign.com\/?post_type=product&#038;p=100325"},"modified":"2026-02-26T23:08:31","modified_gmt":"2026-02-26T23:08:31","slug":"pufe-de-couro-genuino-marroquino-ornamentado-feito-a-mao-castanho-redondo","status":"publish","type":"product","link":"https:\/\/berberedesign.com\/pt\/pufe-de-couro-genuino-marroquino-ornamentado-feito-a-mao-castanho-redondo\/","title":{"rendered":"Pufe de couro genu\u00edno marroquino ornamentado, feito \u00e0 m\u00e3o, redondo - castanho"},"content":{"rendered":"<p>Eleve a decora\u00e7\u00e3o da sua casa com este pufe redondo em pele marroquina de design ornamentado. Feito \u00e0 m\u00e3o por artes\u00e3os qualificados, apresenta um artesanato requintado e pele genu\u00edna de primeira qualidade num tom castanho quente. Perfeito para ser utilizado como apoio para os p\u00e9s, como assento adicional ou como elemento decorativo, este pufe combina tradi\u00e7\u00e3o e estilo moderno no seu espa\u00e7o de vida.<\/p>\n<ul>\n<li><strong>Artesanato aut\u00eantico:<\/strong> Feitas \u00e0 m\u00e3o por artes\u00e3os marroquinos, garantem detalhes \u00fanicos e de alta qualidade.<\/li>\n<li><strong>Couro genu\u00edno de primeira qualidade:<\/strong> Fabricada em pele aut\u00eantica e duradoura com um acabamento castanho rico.<\/li>\n<li><strong>Pormenores ornamentados:<\/strong> Apresenta padr\u00f5es intrincados que reflectem a beleza da arte marroquina.<\/li>\n<li><strong>Utiliza\u00e7\u00e3o vers\u00e1til:<\/strong> Ideal como apoio para os p\u00e9s, assento extra ou pe\u00e7a central em qualquer divis\u00e3o.<\/li>\n<li><strong>Dur\u00e1vel e funcional:<\/strong> A constru\u00e7\u00e3o robusta garante uma utiliza\u00e7\u00e3o duradoura e um atrativo intemporal.<\/li>\n<\/ul>\n<p>Este pufe ornamentado em pele marroquina combina patrim\u00f3nio cultural e funcionalidade moderna, tornando-o no complemento perfeito para a decora\u00e7\u00e3o da sua casa.<\/p>\n<p><iframe title=\"Um talento do artesanato marroquino\" width=\"1200\" height=\"675\" src=\"https:\/\/www.youtube.com\/embed\/c_10xM47nDw?feature=oembed&#038;enablejsapi=1&#038;origin=https:\/\/berberedesign.com\" frameborder=\"0\" allow=\"accelerometer; autoplay; clipboard-write; encrypted-media; gyroscope; picture-in-picture; web-share\" referrerpolicy=\"strict-origin-when-cross-origin\" allowfullscreen><\/iframe><\/p>","protected":false},"excerpt":{"rendered":"<p>Experimente o ep\u00edtome da sumptuosidade com o <strong>Puff de couro genu\u00edno marroquino ornamentado, feito \u00e0 m\u00e3o, redondo<\/strong>. Os habilidosos artes\u00e3os marroquinos criaram meticulosamente cada <strong>pufe redondo de couro castanho<\/strong>O pouf \u00e9 uma pe\u00e7a distinta e inigual\u00e1vel. O pufe oferece uma qualidade inigual\u00e1vel, formas vers\u00e1teis e um design intrincado que \u00e9 dif\u00edcil de resistir.<\/p>","protected":false},"featured_media":102411,"comment_status":"open","ping_status":"closed","template":"","meta":[],"product_brand":[],"product_cat":[234,202,302,204,232,236],"product_tag":[],"class_list":{"0":"post-100325","1":"product","2":"type-product","3":"status-publish","4":"has-post-thumbnail","6":"product_cat-best-sellers","7":"product_cat-home-decor","8":"product_cat-leather-poufs","9":"product_cat-moroccan-poufs","10":"product_cat-new-arrivals","11":"product_cat-sale-items","12":"product_shipping_class-free","13":"description-off","15":"first","16":"instock","17":"sale","18":"shipping-taxable","19":"purchasable","20":"product-type-variable"},"jetpack_sharing_enabled":true,"_links":{"self":[{"href":"https:\/\/berberedesign.com\/pt\/wp-json\/wp\/v2\/product\/100325","targetHints":{"allow":["GET"]}}],"collection":[{"href":"https:\/\/berberedesign.com\/pt\/wp-json\/wp\/v2\/product"}],"about":[{"href":"https:\/\/berberedesign.com\/pt\/wp-json\/wp\/v2\/types\/product"}],"replies":[{"embeddable":true,"href":"https:\/\/berberedesign.com\/pt\/wp-json\/wp\/v2\/comments?post=100325"}],"version-history":[{"count":3,"href":"https:\/\/berberedesign.com\/pt\/wp-json\/wp\/v2\/product\/100325\/revisions"}],"predecessor-version":[{"id":106814,"href":"https:\/\/berberedesign.com\/pt\/wp-json\/wp\/v2\/product\/100325\/revisions\/106814"}],"wp:featuredmedia":[{"embeddable":true,"href":"https:\/\/berberedesign.com\/pt\/wp-json\/wp\/v2\/media\/102411"}],"wp:attachment":[{"href":"https:\/\/berberedesign.com\/pt\/wp-json\/wp\/v2\/media?parent=100325"}],"wp:term":[{"taxonomy":"product_brand","embeddable":true,"href":"https:\/\/berberedesign.com\/pt\/wp-json\/wp\/v2\/product_brand?post=100325"},{"taxonomy":"product_cat","embeddable":true,"href":"https:\/\/berberedesign.com\/pt\/wp-json\/wp\/v2\/product_cat?post=100325"},{"taxonomy":"product_tag","embeddable":true,"href":"https:\/\/berberedesign.com\/pt\/wp-json\/wp\/v2\/product_tag?post=100325"}],"curies":[{"name":"wp","href":"https:\/\/api.w.org\/{rel}","templated":true}]}}