{"id":97363,"date":"2021-07-15T05:21:42","date_gmt":"2021-07-15T05:21:42","guid":{"rendered":"https:\/\/divifurnitureshop.divifixer.com\/shop\/"},"modified":"2023-05-14T13:37:32","modified_gmt":"2023-05-14T13:37:32","slug":"loja-2","status":"publish","type":"page","link":"https:\/\/berberedesign.com\/pt\/loja-2\/","title":{"rendered":"Loja"},"content":{"rendered":"<p>[et_pb_section fb_built=\"1\u2033 _builder_version=\"4.16\u2033 _module_preset=\"default\" background_enable_color=\"off\" use_background_color_gradient=\"on\" background_color_gradient_direction=\"90deg\" background_color_gradient_stops=\"rgba(0,0,0,0.67) 40%|rgba(255,255,255,0) 90%\" background_color_gradient_start=\"rgba(0,0,0,0,0,67)\" background_color_gradient_start_position=\"40%\" background_color_gradient_end=\"rgba(255,255,255,0)\" background_color_gradient_end_position=\"90%\" background_image=\"https:\/\/berberedesign.com\/wp-content\/uploads\/2023\/05\/furniture-09.jpg\" background_position=\"center_right\" background_blend=\"overlay\" global_colors_info=\"{}\"][et_pb_row use_custom_gutter=\"on\" make_equal=\"on\" _builder_version=\"4.17.1\u2033 _module_preset=\"default\" width=\"90%\" max_width=\"1400px\" custom_padding=\"||0px||||\" global_colors_info=\"{}\"][et_pb_column type=\"4_4\u2033 _builder_version=\"4.16\u2033 _module_preset=\"default\" global_colors_info=\"{}\" custom_css_main_element_last_edited=\"on|phone\" custom_css_main_element_tablet=\"padding-bottom:10px;\" custom_css_main_element_phone=\"margin-bottom:0px;\"][et_pb_text _builder_version=\"4.16\u2033 _module_preset=\u201d020b907f-3824-4cde-9bfc-199ac70a11cd\" text_font=\"|||on|||||\" text_font_size=\"18px\" text_letter_spacing=\"1px\" link_font=\"||||||||\" ul_font=\"||||||||\" ol_font=\"||||||||\" quote_font=\"||||||||\" header_font=\"||||||||\" header_2_font=\"||||||||\" header_3_font=\"||||||||\" header_4_font=\"||||||||\" header_5_font=\"||||||||\" header_6_font=\"||||||||\" custom_margin=\"||15px||false|false\" custom_margin_tablet=\"||10px||false|false\" custom_margin_phone=\"||5px||false|false\" custom_margin_last_edited=\"on|desktop\" text_font_size_tablet=\"15px\" text_font_size_phone=\"\" text_font_size_last_edited=\"on|phone\" text_orientation_tablet=\"center\" text_orientation_last_edited=\"off|tablet\" custom_css_main_element=\"color:var(-color-1); \" global_colors_info=\"{}\"]Loja de mobili\u00e1rio[\/et_pb_text][et_pb_text _builder_version=\"4.16\u2033 _module_preset=\u201dc5e1c558-cbbf-4f46-917f-13388175cc27\u2033 text_font=\"||||||||\" text_text_color=\"#FFFFFF\" text_font_size=\"20px\" text_line_height=\"30px\" link_font=\"||||||||\" ul_font=\"||||||||\" ol_font=\"||||||||\" quote_font=\"||||||||\" header_font=\"||||||||\" header_text_align=\"left\" header_2_font=\"|700||on|||||\" header_2_text_align=\"left\" header_2_text_color=\"#FFFFFF\" header_2_font_size=\"42px\" header_2_letter_spacing=\"2px\" header_3_font=\"||||||||\" header_4_font=\"|700|||||||\" header_4_text_color=\"#58595b\" header_4_font_size=\"50px\" header_5_font=\"||||||||\" header_6_font=\"||||||||\" custom_margin_tablet=\"||0px|||false|false\" custom_margin_phone=\"||0px||false|false\" custom_margin_last_edited=\"on|phone\" header_2_font_size_tablet=\"40px\" header_2_font_size_phone=\"35px\" header_2_font_size_last_edited=\"on|phone\" header_2_line_height_tablet=\"40px\" header_2_line_height_phone=\"40px\" header_2_line_height_last_edited=\"on|tablet\" header_4_font_size_tablet=\"40px\" header_4_font_size_phone=\"35px\" header_4_font_size_last_edited=\"on|phone\" header_4_line_height_tablet=\"40px\" header_4_line_height_phone=\"40px\" header_4_line_height_last_edited=\"on|tablet\" text_orientation_tablet=\"center\" text_orientation_last_edited=\"off|tablet\" global_colors_info=\"{}\"]<\/p>\n<h2>A nossa loja<\/h2>\n<p>Levar o bom design ao maior n\u00famero poss\u00edvel de pessoas[\/et_pb_text][et_pb_divider color=\"rgba(229,222,226,0.13)\" _builder_version=\"4.16\u2033 _module_preset=\"default\" min_height=\"2px\" height=\"2px\" custom_margin=\"10px||5px|||false|false\" custom_padding=\"||0px||false|false\" global_colors_info=\"{}\"][\/et_pb_divider][et_pb_button button button_url=\"@ET-DC@eyJkeW5hbWljIjp0cnVlLCJjb250ZW50IjoiaG9tZV91cmwiLCJzZXR0aW5ncyI6e319@\" button_text=\"home \" button_alignment=\"left\" button_alignment_tablet=\"left\" button_alignment_phone=\"\" button_alignment_last_edited=\"on|phone\" _builder_version=\"4.16\u2033 _dynamic_attributes=\"button_url\" _module_preset=\"default\" custom_button=\"on\" button_text_size=\"14px\" button_border_width=\"0px\" button_border_color=\"#42b4b0\u2033 button_border_radius=\"30px\" button_font=\"|||on|||||\" button_icon=\"9||divi||400\u2033 button_on_hover=\"off\" custom_margin_tablet=\"0px||||false|false\" custom_margin_phone=\"\" custom_margin_last_edited=\"on|desktop\" custom_padding=\"5px|0px|5px|5px|true|false|on\" custom_css_main_element=\"float:left;color:var(-color-1);\t\" global_colors_info=\"{}\" button_bg_color__hover=\"\" button_bg_color__hover_enabled=\"on|hover\" button_border_color__hover=\"#58595b\" button_border_color__hover_enabled=\"on|hover\" button_letter_spacing__hover=\"0px\" button_letter_spacing__hover_enabled=\"on|hover\" button_bg_enable_color__hover=\"off\"][\/et_pb_button][et_pb_button button_text=\"@ET-DC@eyJkeW5hbWljIjp0cnVlLCJjb250ZW50IjoicG9zdF90aXRsZSIsInNldHRpbmdzIjp7ImJlZm9yZSI6IiIsImFmdGVyIjoiIn19@\" button_alignment=\"left\" button_alignment_tablet=\"left\" button_alignment_phone=\"\" button_alignment_last_edited=\"on|phone\" _builder_version=\"4.16\u2033 _dynamic_attributes=\"button_text\" _module_preset=\"default\" custom_button=\"on\" button_text_size=\"14px\" button_text_color=\"#FFFFFF\" button_border_width=\"0px\" button_border_color=\"#000000\u2033 button_border_radius=\"30px\" button_font=\"|||on|||||\" button_use_icon=\"off\" custom_margin=\"-29px||||false|false\" custom_margin_tablet=\"-20px||||false|false\" custom_margin_phone=\"\" custom_margin_last_edited=\"on|desktop\" custom_padding=\"0px|30px|10px|30px|false|true|on\" custom_css_main_element=\"float:left;\u201d global_colors_info=\u201d{}\u201d button_bg_color__hover=\u201drgba(255,255,255,0)\" button_bg_color__hover_enabled=\"on|hover\" button_border_color__hover=\"#58595b\" button_border_color__hover_enabled=\"on|hover\" button_letter_spacing__hover=\"1px\" button_letter_spacing__hover_enabled=\"on|hover\" button_text_color__hover_enabled=\"off|desktop\" button_text_color__hover=\"#42b4b0\u2033 button_bg_enable_color__hover=\"on\"][\/et_pb_button][\/et_pb_column][\/et_pb_row][\/et_pb_section][et_pb_section fb_built=\"1\u2033 custom_padding_last_edited=\"on|phone\" _builder_version=\"4.17.3\u2033 _module_preset=\"default\" background_enable_color=\"off\" background_enable_image=\"off\" background_blend=\"overlay\" custom_padding=\"0px|||0px||||\" custom_padding_tablet=\"100px||||false|false\" custom_padding_phone=\"0px|||0px||true|false\" saved_tabs=\"all\" global_colors_info=\"{}\" global_module=\"91952\u2033 theme_builder_area=\"post_content\"][et_pb_row column_structure=\"1_6,1_6,1_6,1_6,1_6,1_6\u2033 use_custom_gutter=\"on\" gutter_width=\"2\u2033 make_equal=\"on\" custom_padding_last_edited=\"on|phone\" _builder_version=\"4.18.0\u2033 _module_preset=\"default\" background_enable_color=\"off\" background_enable_image=\"off\" background_size=\"contain\" background_position=\"top_left\" background_repeat=\"repeat\" background_blend=\"overlay\" width_tablet=\"100%\" width_phone=\"\" width_last_edited=\"on|phone\" max_width=\"100%\" module_alignment=\"center\" custom_margin=\"||||false|true\" custom_padding=\"||||false|false\" custom_padding_tablet=\"\" custom_padding_phone=\"|10px||10px|false|true\" custom_css_main_element=\"overflow:visible;\" border_radii=\"on|15px|15px|15px|15px|15px\" border_radii_tablet=\"on|0px|0px|0px|0px\" border_radii_phone=\"\" border_radii_last_edited=\"on|tablet\" global_colors_info=\"{}\" theme_builder_area=\"post_content\"][et_pb_column type=\"1_6\u2033 _builder_version=\"4.17.3\u2033 _module_preset=\"default\" global_colors_info=\"{}\" custom_css_main_element_last_edited=\"on|phone\" custom_css_main_element_phone=\"width: 50% !important;\" theme_builder_area=\"post_content\"][et_pb_blurb title=\"Conjuntos de sof\u00e1s\" url=\"\/product-category\/living-room\/\" image=\"https:\/\/berberedesign.com\/wp-content\/uploads\/2023\/05\/furniture-icon-05.png\" module_class=\"dct_p_cat_grid\" _builder_version=\"4.17.3\u2033 _module_preset=\"default\" header_font=\"|600||on|||||\" header_font_size=\"16px\" header_letter_spacing=\"1px\" text_orientation=\"center\" link_option_url=\"\/product-category\/living-room\/\" global_colors_info=\"{}\" custom_css_blurb_title__hover_enabled=\"on|hover\" theme_builder_area=\"post_content\"][\/et_pb_blurb][\/et_pb_column][et_pb_column type=\"1_6\u2033 _builder_version=\"4.17.3\u2033 _module_preset=\"default\" global_colors_info=\"{}\" custom_css_main_element_last_edited=\"on|phone\" custom_css_main_element_phone=\"width: 50% !important;\" theme_builder_area=\"post_content\"][et_pb_blurb title=\"Quarto de dormir\" url=\"\/product-category\/living-room\/bedroom\/\" image=\"https:\/\/berberedesign.com\/wp-content\/uploads\/2023\/05\/furniture-icon-06.png\" module_class=\"dct_p_cat_grid\" _builder_version=\"4.17.3\u2033 _module_preset=\"default\" header_font=\"|600||on|||||\" header_font_size=\"16px\" header_letter_spacing=\"1px\" text_orientation=\"center\" link_option_url=\"\/product-category\/living-room\/bedroom\/\" global_colors_info=\"{}\" custom_css_blurb_title__hover_enabled=\"on|hover\" theme_builder_area=\"post_content\"][\/et_pb_blurb][\/et_pb_column][et_pb_column type=\"1_6\u2033 _builder_version=\"4.17.3\u2033 _module_preset=\"default\" global_colors_info=\"{}\" custom_css_main_element_last_edited=\"on|phone\" custom_css_main_element_phone=\"width: 50% !important;\" theme_builder_area=\"post_content\"][et_pb_blurb title=\"Mobili\u00e1rio\" url=\"\/product-category\/furniture\/\" image=\"https:\/\/berberedesign.com\/wp-content\/uploads\/2023\/05\/furniture-icon-04.png\" module_class=\"dct_p_cat_grid\" _builder_version=\"4.17.3\u2033 _module_preset=\"default\" header_font=\"|600||on|||||\" header_font_size=\"16px\" header_letter_spacing=\"1px\" text_orientation=\"center\" link_option_url=\"\/product-category\/furniture\/\" global_colors_info=\"{}\" custom_css_blurb_title__hover_enabled=\"on|hover\" theme_builder_area=\"post_content\"][\/et_pb_blurb][\/et_pb_column][et_pb_column type=\"1_6\u2033 _builder_version=\"4.17.3\u2033 _module_preset=\"default\" global_colors_info=\"{}\" custom_css_main_element_last_edited=\"on|phone\" custom_css_main_element_phone=\"width: 50% !important;\" theme_builder_area=\"post_content\"][et_pb_blurb title=\"Cadeiras\" url=\"\/product-category\/living-room\/chairs\/\" image=\"https:\/\/berberedesign.com\/wp-content\/uploads\/2023\/05\/furniture-icon-24.png\" module_class=\"dct_p_cat_grid\" _builder_version=\"4.17.3\u2033 _module_preset=\"default\" header_font=\"|600||on|||||\" header_font_size=\"16px\" header_letter_spacing=\"1px\" text_orientation=\"center\" link_option_url=\"\/product-category\/living-room\/chairs\/\" global_colors_info=\"{}\" custom_css_blurb_title__hover_enabled=\"on|hover\" theme_builder_area=\"post_content\"][\/et_pb_blurb][\/et_pb_column][et_pb_column type=\"1_6\u2033 _builder_version=\"4.17.3\u2033 _module_preset=\"default\" global_colors_info=\"{}\" custom_css_main_element_last_edited=\"on|phone\" custom_css_main_element_phone=\"width: 50% !important;\" theme_builder_area=\"post_content\"][et_pb_blurb title=\"Cortinas\" url=\"\/product-category\/living-room\/kitchen\/\" image=\"https:\/\/berberedesign.com\/wp-content\/uploads\/2023\/05\/furniture-icon-02.png\" module_class=\"dct_p_cat_grid\" _builder_version=\"4.17.3\u2033 _module_preset=\"default\" header_font=\"|600||on|||||\" header_font_size=\"16px\" header_letter_spacing=\"1px\" text_orientation=\"center\" link_option_url=\"\/product-category\/living-room\/kitchen\/\" global_colors_info=\"{}\" custom_css_blurb_title__hover_enabled=\"on|hover\" theme_builder_area=\"post_content\"][\/et_pb_blurb][\/et_pb_column][et_pb_column type=\"1_6\u2033 _builder_version=\"4.17.3\u2033 _module_preset=\"default\" global_colors_info=\"{}\" custom_css_main_element_last_edited=\"on|phone\" custom_css_main_element_phone=\"width: 50% !important;\" theme_builder_area=\"post_content\"][et_pb_blurb title=\"Mesas de jantar\" url=\"\/product-category\/dining-room\" image=\"https:\/\/berberedesign.com\/wp-content\/uploads\/2023\/05\/furniture-icon-08.png\" module_class=\"dct_p_cat_grid\" _builder_version=\"4.17.3\u2033 _module_preset=\"default\" header_font=\"|600||on|||||\" header_font_size=\"16px\" header_letter_spacing=\"1px\" text_orientation=\"center\" link_option_url=\"\/product-category\/dining-room\" global_colors_info=\"{}\" custom_css_blurb_title__hover_enabled=\"on|hover\" theme_builder_area=\"post_content\"][\/et_pb_blurb][\/et_pb_column][\/et_pb_row][\/et_pb_section][et_pb_section fb_built=\"1\u2033 _builder_version=\"4.16\u2033 _module_preset=\"default\" global_colors_info=\"{}\"][et_pb_row use_custom_gutter=\"on\" gutter_width=\"2\u2033 make_equal=\"on\" _builder_version=\"4.17.1\u2033 _module_preset=\"default\" width=\"90%\" max_width=\"1400px\" global_colors_info=\"{}\"][et_pb_column type=\"4_4\u2033 _builder_version=\"4.16\u2033 _module_preset=\"default\" global_colors_info=\"{}\"][et_pb_shop show_pagination=\"on\" module_class=\"dct_shop_v1\u2033 _builder_version=\"4.16\u2033 _module_preset=\"default\" global_colors_info=\"{}\"][\/et_pb_shop][\/et_pb_column][\/et_pb_row][et_pb_row _builder_version=\"4.18.0\u2033 _module_preset=\"default\" width=\"90%\" max_width=\"1400px\" global_colors_info=\"{}\" theme_builder_area=\"post_content\" sticky_enabled=\"0\u2033 use_custom_gutter=\"on\" gutter_width=\"2\u2033 make_equal=\"on\"][et_pb_column type=\"4_4\u2033 _builder_version=\"4.18.0\u2033 _module_preset=\"default\" hover_enabled=\"0\u2033 global_colors_info=\"{}\" custom_css_main_element_last_edited=\"off|desktop\" custom_css_main_element_phone=\"width:95% !important;\" custom_css_main_element_tablet=\"width:90% !important;\" theme_builder_area=\"post_content\" sticky_enabled=\"0\u2033][et_pb_slider show_arrows=\"off\" module_class=\"dct_slider\" _builder_version=\"4.18.0\u2033 _module_preset=\"default\" header_font=\"|600||on|||||\" header_font_size=\"16px\" header_letter_spacing=\"1px\" body_text_color=\"rgba(0,0,0,0.77)\" body_font_size=\"18px\" body_line_height=\"28px\" custom_button=\"on\" button_text_size=\"16px\" button_border_width=\"0px\" button_border_radius=\"0px\" button_font=\"|600||on|||||\" button_use_icon=\"off\" button_custom_padding=\"10px|30px|10px|30px|true|true\" text_orientation=\"left\" custom_padding=\"|0px|||0px|false|true\" auto=\"on\" auto_ignore_hover=\"on\" hover_enabled=\"0\u2033 custom_css_slide_description=\"text-shadow: none;\" custom_css_slide_title=\"sombra-texto: none;color:var(-color-2) !important; \" custom_css_slide_button=\"background:var(-color-1)\" global_colors_info=\"{}\" custom_css_slide_button__hover_enabled=\"on|hover\" custom_css_slide_button__hover=\"background:var(-color-2)\" theme_builder_area=\"post_content\" sticky_enabled=\"0\u2033 show_pagination=\"off\" module_alignment=\"center\"][et_pb_slide heading=\"NOVAS CHEGADAS \" button_text=\"Comprar agora\" image=\"https:\/\/berberedesign.com\/wp-content\/uploads\/2023\/05\/divi-furniture-shop-1.png\" _builder_version=\"4.18.0\u2033 _module_preset=\"default\" background_color=\"RGBA(0,0,0,0,0)\" background_enable_color=\"on\" custom_padding=\"|0px||0px|false|true\" custom_css_slide_description=\"float: left;\" custom_css_slide_image=\"left: 50%;\" global_colors_info=\"{}\" custom_css_slide_image_last_edited=\"on|phone\" custom_css_slide_image_phone=\"left: 0%;\" custom_css_slide_image_tablet=\"left: 50%;\" sticky_transition=\"on\" theme_builder_area=\"post_content\"]<\/p>\n<h3>Servimos o seu mobili\u00e1rio de sonho<\/h3>\n<p>Lorem ipsum dolor sit amet, consectetur adipiscing elit, sed do eiusmod tempor incididunt ut labore et dolore magna aliqua.<\/p>\n<p>[\/et_pb_slide][et_pb_slide heading=\"Mobili\u00e1rio moderno \" button_text=\"Comprar agora\" image=\"https:\/\/berberedesign.com\/wp-content\/uploads\/2023\/05\/divi-furniture-shop-2.png\" _builder_version=\"4.18.0\u2033 _module_preset=\"default\" background_enable_color=\"off\" custom_padding=\"|0px||0px|false|true\" custom_css_slide_description=\"float: left;\" custom_css_slide_image=\"left: 50%;\" global_colors_info=\"{}\" custom_css_slide_image_last_edited=\"on|phone\" custom_css_slide_image_phone=\"left: 0%;\" custom_css_slide_image_tablet=\"left: 50%;\" sticky_transition=\"on\" theme_builder_area=\"post_content\"]<\/p>\n<h3>Pr\u00f3xima cole\u00e7\u00e3o Cadeiras elegantes<\/h3>\n<p>Lorem ipsum dolor sit amet, consectetur adipiscing elit, sed do eiusmod tempor incididunt ut labore et dolore magna aliqua.<\/p>\n<p>[\/et_pb_slide][\/et_pb_slider][\/et_pb_column][\/et_pb_row][\/et_pb_section]<\/p>","protected":false},"excerpt":{"rendered":"<p>[et_pb_section fb_built=&#8221;1&#8243; _builder_version=&#8221;4.16&#8243; _module_preset=&#8221;default&#8221; background_enable_color=&#8221;off&#8221; use_background_color_gradient=&#8221;on&#8221; background_color_gradient_direction=&#8221;90deg&#8221; background_color_gradient_stops=&#8221;rgba(0,0,0,0.67) 40%|rgba(255,255,255,0) 90%&#8221; background_color_gradient_start=&#8221;rgba(0,0,0,0.67)&#8221; background_color_gradient_start_position=&#8221;40%&#8221; background_color_gradient_end=&#8221;rgba(255,255,255,0)&#8221; background_color_gradient_end_position=&#8221;90%&#8221; background_image=&#8221;https:\/\/berberedesign.com\/wp-content\/uploads\/2023\/05\/furniture-09.jpg&#8221; background_position=&#8221;center_right&#8221; background_blend=&#8221;overlay&#8221; global_colors_info=&#8221;{}&#8221;][et_pb_row use_custom_gutter=&#8221;on&#8221; make_equal=&#8221;on&#8221; _builder_version=&#8221;4.17.1&#8243; _module_preset=&#8221;default&#8221; width=&#8221;90%&#8221; max_width=&#8221;1400px&#8221; custom_padding=&#8221;||0px|||&#8221; global_colors_info=&#8221;{}&#8221;][et_pb_column type=&#8221;4_4&#8243; _builder_version=&#8221;4.16&#8243; _module_preset=&#8221;default&#8221; global_colors_info=&#8221;{}&#8221; custom_css_main_element_last_edited=&#8221;on|phone&#8221; custom_css_main_element_tablet=&#8221;padding-bottom:10px;&#8221; custom_css_main_element_phone=&#8221;margin-bottom:0px;&#8221;][et_pb_text _builder_version=&#8221;4.16&#8243; _module_preset=&#8221;020b907f-3824-4cde-9bfc-199ac70a11cd&#8221; text_font=&#8221;|||on|||||&#8221; text_font_size=&#8221;18px&#8221; text_letter_spacing=&#8221;1px&#8221; link_font=&#8221;||||||||&#8221; ul_font=&#8221;||||||||&#8221; ol_font=&#8221;||||||||&#8221; quote_font=&#8221;||||||||&#8221; header_font=&#8221;||||||||&#8221; header_2_font=&#8221;||||||||&#8221; header_3_font=&#8221;||||||||&#8221; header_4_font=&#8221;||||||||&#8221; header_5_font=&#8221;||||||||&#8221; header_6_font=&#8221;||||||||&#8221; custom_margin=&#8221;||15px||false|false&#8221; custom_margin_tablet=&#8221;||10px||false|false&#8221; custom_margin_phone=&#8221;||5px||false|false&#8221; custom_margin_last_edited=&#8221;on|desktop&#8221; text_font_size_tablet=&#8221;15px&#8221; text_font_size_phone=&#8221;&#8221; text_font_size_last_edited=&#8221;on|phone&#8221;&hellip;<\/p>","protected":false},"author":8,"featured_media":0,"parent":0,"menu_order":0,"comment_status":"closed","ping_status":"closed","template":"","meta":{"footnotes":""},"class_list":["post-97363","page","type-page","status-publish","hentry","description-off"],"jetpack_sharing_enabled":true,"_links":{"self":[{"href":"https:\/\/berberedesign.com\/pt\/wp-json\/wp\/v2\/pages\/97363","targetHints":{"allow":["GET"]}}],"collection":[{"href":"https:\/\/berberedesign.com\/pt\/wp-json\/wp\/v2\/pages"}],"about":[{"href":"https:\/\/berberedesign.com\/pt\/wp-json\/wp\/v2\/types\/page"}],"author":[{"embeddable":true,"href":"https:\/\/berberedesign.com\/pt\/wp-json\/wp\/v2\/users\/8"}],"replies":[{"embeddable":true,"href":"https:\/\/berberedesign.com\/pt\/wp-json\/wp\/v2\/comments?post=97363"}],"version-history":[{"count":0,"href":"https:\/\/berberedesign.com\/pt\/wp-json\/wp\/v2\/pages\/97363\/revisions"}],"wp:attachment":[{"href":"https:\/\/berberedesign.com\/pt\/wp-json\/wp\/v2\/media?parent=97363"}],"curies":[{"name":"wp","href":"https:\/\/api.w.org\/{rel}","templated":true}]}}