{"id":96639,"date":"2021-07-15T02:57:06","date_gmt":"2021-07-15T02:57:06","guid":{"rendered":"https:\/\/divifurnitureshop.divifixer.com\/?page_id=3"},"modified":"2025-10-27T21:28:34","modified_gmt":"2025-10-27T21:28:34","slug":"informacoes-de-cancelamento","status":"publish","type":"page","link":"https:\/\/berberedesign.com\/pt\/informacoes-de-cancelamento\/","title":{"rendered":"Informa\u00e7\u00f5es de cancelamento"},"content":{"rendered":"[et_pb_section fb_built=\"1\u2033 admin_label=\"section\" _builder_version=\"4.16\u2033 global_colors_info=\"{}\"][et_pb_row admin_label=\"row\" _builder_version=\"4.16\u2033 background_size=\"initial\" background_position=\"top_left\" background_repeat=\"repeat\" global_colors_info=\"{}\"][et_pb_column type=\"4_4\u2033 _builder_version=\"4.16\u2033 custom_padding=\"|||\" global_colors_info=\"{}\" custom_padding__hover=\"|||\"][et_pb_text admin_label=\"Texto\" _builder_version=\"4.21.0\u2033 background_size=\"initial\" background_position=\"top_left\" background_repeat=\"repeat\" hover_enabled=\"0\u2033 global_colors_info=\"{}\" sticky_enabled=\"0\u2033]<p><\/p>\n<h2 class=\"wp-block-heading\">Informa\u00e7\u00f5es de cancelamento:<\/h2>\n<p>&nbsp;<\/p>\n<p>N\u00f3s da <a href=\"https:\/\/berberdesign.com\" target=\"_blank\" rel=\"noopener\">BerberDesign.com<\/a> compreendemos que, ocasionalmente, podem surgir situa\u00e7\u00f5es em que tenha de cancelar a sua encomenda. No entanto, uma vez expedida a encomenda, n\u00e3o podemos anul\u00e1-la.<\/p>\n<p>Se pretender cancelar a sua encomenda, \u00e9 imperativo que contacte a nossa <a href=\"https:\/\/berberedesign.com\/pt\/contact-us\/\">servi\u00e7o ao cliente<\/a> equipa no prazo de 12 horas ap\u00f3s a realiza\u00e7\u00e3o da encomenda. Nesse caso, podemos reembolsar 90% do montante total.<\/p>\n<p>Tenha em aten\u00e7\u00e3o que os pedidos de cancelamento efectuados ap\u00f3s 12 horas da realiza\u00e7\u00e3o da encomenda n\u00e3o d\u00e3o direito a reembolso.<br \/>Agradecemos a sua prefer\u00eancia pela BerbereDesign.<\/p>\n<p><\/p>[\/et_pb_text][\/et_pb_column][\/et_pb_row][\/et_pb_section]","protected":false},"excerpt":{"rendered":"<p>[et_pb_section fb_built=&#8221;1&#8243; admin_label=&#8221;section&#8221; _builder_version=&#8221;4.16&#8243; global_colors_info=&#8221;{}&#8221;][et_pb_row admin_label=&#8221;row&#8221; _builder_version=&#8221;4.16&#8243; background_size=&#8221;initial&#8221; background_position=&#8221;top_left&#8221; background_repeat=&#8221;repeat&#8221; global_colors_info=&#8221;{}&#8221;][et_pb_column type=&#8221;4_4&#8243; _builder_version=&#8221;4.16&#8243; custom_padding=&#8221;|||&#8221; global_colors_info=&#8221;{}&#8221; custom_padding__hover=&#8221;|||&#8221;][et_pb_text admin_label=&#8221;Text&#8221; _builder_version=&#8221;4.21.0&#8243; background_size=&#8221;initial&#8221; background_position=&#8221;top_left&#8221; background_repeat=&#8221;repeat&#8221; hover_enabled=&#8221;0&#8243; global_colors_info=&#8221;{}&#8221; sticky_enabled=&#8221;0&#8243;] Cancellation Informations: &nbsp; We at BerberDesign.com comprehend that occasionally situations may arise where you have to call off your order. Nevertheless, once an order has been dispatched, we are unable to&hellip;<\/p>","protected":false},"author":8,"featured_media":0,"parent":0,"menu_order":0,"comment_status":"closed","ping_status":"closed","template":"","meta":{"footnotes":""},"class_list":["post-96639","page","type-page","status-publish","hentry","description-off"],"jetpack_sharing_enabled":true,"_links":{"self":[{"href":"https:\/\/berberedesign.com\/pt\/wp-json\/wp\/v2\/pages\/96639","targetHints":{"allow":["GET"]}}],"collection":[{"href":"https:\/\/berberedesign.com\/pt\/wp-json\/wp\/v2\/pages"}],"about":[{"href":"https:\/\/berberedesign.com\/pt\/wp-json\/wp\/v2\/types\/page"}],"author":[{"embeddable":true,"href":"https:\/\/berberedesign.com\/pt\/wp-json\/wp\/v2\/users\/8"}],"replies":[{"embeddable":true,"href":"https:\/\/berberedesign.com\/pt\/wp-json\/wp\/v2\/comments?post=96639"}],"version-history":[{"count":0,"href":"https:\/\/berberedesign.com\/pt\/wp-json\/wp\/v2\/pages\/96639\/revisions"}],"wp:attachment":[{"href":"https:\/\/berberedesign.com\/pt\/wp-json\/wp\/v2\/media?parent=96639"}],"curies":[{"name":"wp","href":"https:\/\/api.w.org\/{rel}","templated":true}]}}