{"id":95064,"date":"2023-05-14T13:37:31","date_gmt":"2023-05-14T13:37:31","guid":{"rendered":"https:\/\/divifurnitureshop.divifixer.com\/?page_id=987500456"},"modified":"2023-10-14T21:17:18","modified_gmt":"2023-10-14T21:17:18","slug":"politica-de-envio","status":"publish","type":"page","link":"https:\/\/berberedesign.com\/pt\/politica-de-envio\/","title":{"rendered":"Pol\u00edtica de envio"},"content":{"rendered":"[et_pb_section fb_built=\"1\u2033 admin_label=\"section\" _builder_version=\"4.16\u2033 global_colors_info=\"{}\"][et_pb_row admin_label=\"row\" _builder_version=\"4.16\u2033 background_size=\"initial\" background_position=\"top_left\" background_repeat=\"repeat\" global_colors_info=\"{}\"][et_pb_column type=\"4_4\u2033 _builder_version=\"4.16\u2033 custom_padding=\"|||\" global_colors_info=\"{}\" custom_padding__hover=\"|||\"][et_pb_text admin_label=\"Texto\" _builder_version=\"4.21.0\u2033 background_size=\"initial\" background_position=\"top_left\" background_repeat=\"repeat\" hover_enabled=\"0\u2033 global_colors_info=\"{}\" sticky_enabled=\"0\u2033]<p><b>Eis a nossa pol\u00edtica de envio.<\/b><\/p>\n<p><!-- \/wp:post-content --><\/p>\n<p><!-- wp:paragraph --><\/p>\n<h3>Pol\u00edtica de envio:<\/h3>\n<p>&nbsp;<\/p>\n<p><!-- \/wp:paragraph --><\/p>\n<p><span class=\"NormalTextRun SCXW196480511 BCX8\">Temos o prazer de anunciar a nossa pol\u00edtica de envio, oferecendo servi\u00e7os gratuitos para a maioria dos destinos internacionais. O nosso objetivo \u00e9 a entrega r\u00e1pida no prazo de 2 a 3 dias \u00fateis, utilizando o DHL Express, um servi\u00e7o \"Porta a Porta\" de renome. O envio internacional n\u00e3o inclui taxas de importa\u00e7\u00e3o, mas devido ao nosso Acordo de Com\u00e9rcio Livre com Marrocos, os clientes dos EUA n\u00e3o ser\u00e3o sujeitos a taxas de importa\u00e7\u00e3o. N\u00f3s <\/span><span class=\"NormalTextRun SCXW196480511 BCX8\">aconselhar<\/span><span class=\"NormalTextRun SCXW196480511 BCX8\"> verificar as taxas alfandeg\u00e1rias do seu pa\u00eds antes de efetuar a encomenda.<\/span><\/p>\n<p><!-- \/wp:paragraph --><\/p>[\/et_pb_text][\/et_pb_column][\/et_pb_row][\/et_pb_section]","protected":false},"excerpt":{"rendered":"<p>[et_pb_section fb_built=&#8221;1&#8243; admin_label=&#8221;section&#8221; _builder_version=&#8221;4.16&#8243; global_colors_info=&#8221;{}&#8221;][et_pb_row admin_label=&#8221;row&#8221; _builder_version=&#8221;4.16&#8243; background_size=&#8221;initial&#8221; background_position=&#8221;top_left&#8221; background_repeat=&#8221;repeat&#8221; global_colors_info=&#8221;{}&#8221;][et_pb_column type=&#8221;4_4&#8243; _builder_version=&#8221;4.16&#8243; custom_padding=&#8221;|||&#8221; global_colors_info=&#8221;{}&#8221; custom_padding__hover=&#8221;|||&#8221;][et_pb_text admin_label=&#8221;Text&#8221; _builder_version=&#8221;4.21.0&#8243; background_size=&#8221;initial&#8221; background_position=&#8221;top_left&#8221; background_repeat=&#8221;repeat&#8221; hover_enabled=&#8221;0&#8243; global_colors_info=&#8221;{}&#8221; sticky_enabled=&#8221;0&#8243;] Here&#8217;s our Shipping Policy. Shipping Policy: &nbsp; We are pleased to announce our shipping policy, offering complimentary services to most international destinations. We aim for prompt delivery within 2-3 business days&hellip;<\/p>","protected":false},"author":8,"featured_media":0,"parent":0,"menu_order":0,"comment_status":"closed","ping_status":"closed","template":"","meta":{"footnotes":""},"class_list":["post-95064","page","type-page","status-publish","hentry","description-off"],"jetpack_sharing_enabled":true,"_links":{"self":[{"href":"https:\/\/berberedesign.com\/pt\/wp-json\/wp\/v2\/pages\/95064","targetHints":{"allow":["GET"]}}],"collection":[{"href":"https:\/\/berberedesign.com\/pt\/wp-json\/wp\/v2\/pages"}],"about":[{"href":"https:\/\/berberedesign.com\/pt\/wp-json\/wp\/v2\/types\/page"}],"author":[{"embeddable":true,"href":"https:\/\/berberedesign.com\/pt\/wp-json\/wp\/v2\/users\/8"}],"replies":[{"embeddable":true,"href":"https:\/\/berberedesign.com\/pt\/wp-json\/wp\/v2\/comments?post=95064"}],"version-history":[{"count":0,"href":"https:\/\/berberedesign.com\/pt\/wp-json\/wp\/v2\/pages\/95064\/revisions"}],"wp:attachment":[{"href":"https:\/\/berberedesign.com\/pt\/wp-json\/wp\/v2\/media?parent=95064"}],"curies":[{"name":"wp","href":"https:\/\/api.w.org\/{rel}","templated":true}]}}