{"id":869,"date":"2020-01-01T11:38:23","date_gmt":"2020-01-01T11:38:23","guid":{"rendered":"https:\/\/berberedesign.com\/blog-2\/"},"modified":"2025-01-03T18:54:49","modified_gmt":"2025-01-03T18:54:49","slug":"blogue","status":"publish","type":"page","link":"https:\/\/berberedesign.com\/pt\/informacao\/blogue\/","title":{"rendered":"Blogue"},"content":{"rendered":"<div data-elementor-type=\"wp-page\" data-elementor-id=\"869\" class=\"elementor elementor-869\" data-elementor-post-type=\"page\">\n\t\t\t\t\t\t<section class=\"elementor-section elementor-top-section elementor-element elementor-element-c211fa5 elementor-section-boxed elementor-section-height-default elementor-section-height-default\" data-id=\"c211fa5\" data-element_type=\"section\">\n\t\t\t\t\t\t<div class=\"elementor-container elementor-column-gap-wider\">\n\t\t\t\t\t<div class=\"elementor-column elementor-col-100 elementor-top-column elementor-element elementor-element-855861c\" data-id=\"855861c\" data-element_type=\"column\">\n\t\t\t<div class=\"elementor-widget-wrap elementor-element-populated\">\n\t\t\t\t\t\t<div class=\"elementor-element elementor-element-3611717 img-align-top icon-box-vertical-align-top image-vertical-align-start preserve-img-ratio-cover slide-h-position-left elementor-widget elementor-widget-the7-elements-simple-posts\" data-id=\"3611717\" data-element_type=\"widget\" data-widget_type=\"the7-elements-simple-posts.default\">\n\t\t\t\t<div class=\"elementor-widget-container\">\n\t\t\t\t\t<div class=\"the7-simple-widget-posts the7-elementor-widget the7-elements-simple-posts-3611717 show-all-pages\" data-post-limit=\"-1\" data-pagination-mode=\"standard\" data-scroll-offset=\"\">\t\t\t<div class=\"dt-css-grid custom-pagination-handler\" data-columns=\"{&quot;d&quot;:3,&quot;t&quot;:2,&quot;p&quot;:1,&quot;wd&quot;:&quot;&quot;}\">\n\t\t\t\t\t\t\t\t\t<div class=\"wf-cell visible\">\n\t\t\t\t\t\t<article class=\"post visible wrapper post-100596 type-post status-publish format-standard has-post-thumbnail hentry category-blogs category-127 description-off\">\n\n\t\t\t\t\t\t\t<div class=\"post-content-wrapper\">\n\t\t\t\t\t\t\t\t\t\t\t\t\t\t\t\t\t<div class=\"the7-simple-post-thumb\">\n\t\t\t\t\t\t\t\t\t\t<a class=\"post-thumbnail-rollover layzr-bg img-css-resize-wrapper\" aria-label=\"Post image\" href=\"https:\/\/berberedesign.com\/pt\/quais-sao-os-diferentes-tipos-de-tapetes-marroquinos\/\"><img fetchpriority=\"high\" decoding=\"async\" width=\"1000\" height=\"430\" src=\"data:image\/svg+xml,%3Csvg%20xmlns%3D&#039;http%3A%2F%2Fwww.w3.org%2F2000%2Fsvg&#039;%20viewBox%3D&#039;0%200%201000%20430&#039;%2F%3E\" class=\"attachment-full size-full preload-me aspect lazy lazy-load\" alt=\"Quais s\u00e3o os diferentes tipos de tapetes marroquinos - Novo\" sizes=\"(max-width: 1000px) 100vw, 1000px\" style=\"--ratio: 1000 \/ 430;\" data-src=\"https:\/\/berberedesign.com\/wp-content\/uploads\/2023\/06\/What-are-the-different-types-of-Moroccan-rugs-New.webp\" loading=\"eager\" data-srcset=\"https:\/\/berberedesign.com\/wp-content\/uploads\/2023\/06\/What-are-the-different-types-of-Moroccan-rugs-New.webp 1000w, https:\/\/berberedesign.com\/wp-content\/uploads\/2023\/06\/What-are-the-different-types-of-Moroccan-rugs-New-300x129.webp 300w, https:\/\/berberedesign.com\/wp-content\/uploads\/2023\/06\/What-are-the-different-types-of-Moroccan-rugs-New-768x330.webp 768w, https:\/\/berberedesign.com\/wp-content\/uploads\/2023\/06\/What-are-the-different-types-of-Moroccan-rugs-New-18x8.webp 18w, https:\/\/berberedesign.com\/wp-content\/uploads\/2023\/06\/What-are-the-different-types-of-Moroccan-rugs-New-20x9.webp 20w, https:\/\/berberedesign.com\/wp-content\/uploads\/2023\/06\/What-are-the-different-types-of-Moroccan-rugs-New-64x28.webp 64w, https:\/\/berberedesign.com\/wp-content\/uploads\/2023\/06\/What-are-the-different-types-of-Moroccan-rugs-New-980x421.webp 980w, https:\/\/berberedesign.com\/wp-content\/uploads\/2023\/06\/What-are-the-different-types-of-Moroccan-rugs-New-480x206.webp 480w\" title=\"\"><span class=\"the7-hover-icon\"><svg xmlns=\"http:\/\/www.w3.org\/2000\/svg\" viewbox=\"0 0 24 24\" width=\"24\" height=\"24\"><path fill=\"none\" d=\"M0 0h24v24H0z\"><\/path><path d=\"M5 10c-1.1 0-2 .9-2 2s.9 2 2 2 2-.9 2-2-.9-2-2-2zm14 0c-1.1 0-2 .9-2 2s.9 2 2 2 2-.9 2-2-.9-2-2-2zm-7 0c-1.1 0-2 .9-2 2s.9 2 2 2 2-.9 2-2-.9-2-2-2z\"><\/path><\/svg><\/span><\/a>\t\t\t\t\t\t\t\t\t<\/div>\n\t\t\t\t\t\t\t\t\t\t\t\t\t\t\t\t<div class=\"post-entry-content\">\n\t\t\t\t\t\t\t\t\t<h5 class=\"heading\"><a href=\"https:\/\/berberedesign.com\/pt\/quais-sao-os-diferentes-tipos-de-tapetes-marroquinos\/\" rel=\"bookmark\" title=\"Desvendando o mundo oculto dos tapetes marroquinos: 7 estilos \u00fanicos que n\u00e3o sabia que existiam\" class=\"post-title\">Desvendando o mundo oculto dos tapetes marroquinos: 7 estilos \u00fanicos que n\u00e3o sabia que existiam<\/a><\/h5><div class=\"entry-meta\"><span class=\"meta-item data-link\"><time class=\"entry-date updated\" datetime=\"2023-06-07T18:15:48+00:00\">7 de junho de 2023<\/time><\/span><\/div><p class=\"short-description\">\u00a0 When most people think of Moroccan rugs, they picture a single design style\u2014perhaps the minimalist Beni Ourain or a vibrantly colored piece seen in a lifestyle magazine. But the truth is far more fascinating. There are many different types of Moroccan rugs, each with unique patterns, origins, and weaving techniques that reflect Morocco\u2019s rich&hellip;<\/p>\t\t\t\t\t\t\t\t<\/div>\n\t\t\t\t\t\t\t<\/div>\n\t\t\t\t\t\t<\/article>\n\t\t\t\t\t<\/div>\t\t\t\t\t\t\t\t\t\t<div class=\"wf-cell visible\">\n\t\t\t\t\t\t<article class=\"post visible wrapper post-97583 type-post status-publish format-standard has-post-thumbnail hentry category-blogs tag-is-morocco-safe tag-moroccan-people tag-morocco-continent tag-morocco-in-the-world tag-morocco-language tag-morocco-religion tag-where-is-morocco-located-in-africa tag-where-is-morocco-located-in-the-world-and-africa category-127 description-off\">\n\n\t\t\t\t\t\t\t<div class=\"post-content-wrapper\">\n\t\t\t\t\t\t\t\t\t\t\t\t\t\t\t\t\t<div class=\"the7-simple-post-thumb\">\n\t\t\t\t\t\t\t\t\t\t<a class=\"post-thumbnail-rollover layzr-bg img-css-resize-wrapper\" aria-label=\"Post image\" href=\"https:\/\/berberedesign.com\/pt\/qual-a-localizacao-de-marrocos-no-mundo\/\"><img decoding=\"async\" width=\"1280\" height=\"854\" src=\"data:image\/svg+xml,%3Csvg%20xmlns%3D&#039;http%3A%2F%2Fwww.w3.org%2F2000%2Fsvg&#039;%20viewBox%3D&#039;0%200%201280%20854&#039;%2F%3E\" class=\"attachment-full size-full preload-me aspect lazy lazy-load\" alt=\"Marrocos Pa\u00eds bonito\" sizes=\"(max-width: 1280px) 100vw, 1280px\" style=\"--ratio: 1280 \/ 854;\" data-src=\"https:\/\/berberedesign.com\/wp-content\/uploads\/2021\/07\/Untitled-design-25.png\" loading=\"eager\" data-srcset=\"https:\/\/berberedesign.com\/wp-content\/uploads\/2021\/07\/Untitled-design-25.png 1280w, https:\/\/berberedesign.com\/wp-content\/uploads\/2021\/07\/Untitled-design-25-300x200.png 300w, https:\/\/berberedesign.com\/wp-content\/uploads\/2021\/07\/Untitled-design-25-1024x683.png 1024w, https:\/\/berberedesign.com\/wp-content\/uploads\/2021\/07\/Untitled-design-25-768x512.png 768w, https:\/\/berberedesign.com\/wp-content\/uploads\/2021\/07\/Untitled-design-25-18x12.png 18w, https:\/\/berberedesign.com\/wp-content\/uploads\/2021\/07\/Untitled-design-25-1064x710.png 1064w, https:\/\/berberedesign.com\/wp-content\/uploads\/2021\/07\/Untitled-design-25-20x13.png 20w, https:\/\/berberedesign.com\/wp-content\/uploads\/2021\/07\/Untitled-design-25-64x43.png 64w, https:\/\/berberedesign.com\/wp-content\/uploads\/2021\/07\/Untitled-design-25-1080x721.png 1080w, https:\/\/berberedesign.com\/wp-content\/uploads\/2021\/07\/Untitled-design-25-980x654.png 980w, https:\/\/berberedesign.com\/wp-content\/uploads\/2021\/07\/Untitled-design-25-480x320.png 480w\" title=\"\"><span class=\"the7-hover-icon\"><svg xmlns=\"http:\/\/www.w3.org\/2000\/svg\" viewbox=\"0 0 24 24\" width=\"24\" height=\"24\"><path fill=\"none\" d=\"M0 0h24v24H0z\"><\/path><path d=\"M5 10c-1.1 0-2 .9-2 2s.9 2 2 2 2-.9 2-2-.9-2-2-2zm14 0c-1.1 0-2 .9-2 2s.9 2 2 2 2-.9 2-2-.9-2-2-2zm-7 0c-1.1 0-2 .9-2 2s.9 2 2 2 2-.9 2-2-.9-2-2-2z\"><\/path><\/svg><\/span><\/a>\t\t\t\t\t\t\t\t\t<\/div>\n\t\t\t\t\t\t\t\t\t\t\t\t\t\t\t\t<div class=\"post-entry-content\">\n\t\t\t\t\t\t\t\t\t<h5 class=\"heading\"><a href=\"https:\/\/berberedesign.com\/pt\/qual-a-localizacao-de-marrocos-no-mundo\/\" rel=\"bookmark\" title=\"qual a localiza\u00e7\u00e3o de marrocos no mundo\" class=\"post-title\">qual a localiza\u00e7\u00e3o de marrocos no mundo<\/a><\/h5><div class=\"entry-meta\"><span class=\"meta-item data-link\"><time class=\"entry-date updated\" datetime=\"2021-07-16T06:49:14+00:00\">julho 16, 2021<\/time><\/span><\/div><p class=\"short-description\">Qual \u00e9 a localiza\u00e7\u00e3o de Marrocos no mundo e em \u00c1frica? Situado na parte noroeste do continente africano, Marrocos \u00e9 um pa\u00eds soberano que se orgulha da sua fronteira com o Oceano Atl\u00e2ntico a oeste e com o Mar Mediterr\u00e2neo a norte. Limitado pela Arg\u00e9lia a leste e pela Maurit\u00e2nia a sul, Marrocos \u00e9 um pa\u00eds...<\/p>\t\t\t\t\t\t\t\t<\/div>\n\t\t\t\t\t\t\t<\/div>\n\t\t\t\t\t\t<\/article>\n\t\t\t\t\t<\/div>\t\t\t\t\t\t\t\t\t\t<div class=\"wf-cell visible\">\n\t\t\t\t\t\t<article class=\"post visible wrapper post-97721 type-post status-publish format-standard has-post-thumbnail hentry category-blogs category-127 description-off\">\n\n\t\t\t\t\t\t\t<div class=\"post-content-wrapper\">\n\t\t\t\t\t\t\t\t\t\t\t\t\t\t\t\t\t<div class=\"the7-simple-post-thumb\">\n\t\t\t\t\t\t\t\t\t\t<a class=\"post-thumbnail-rollover layzr-bg img-css-resize-wrapper\" aria-label=\"Post image\" href=\"https:\/\/berberedesign.com\/pt\/explorar-os-sabores-da-cozinha-marroquina-no-restaurante-moroccan\/\"><img decoding=\"async\" width=\"1000\" height=\"667\" src=\"data:image\/svg+xml,%3Csvg%20xmlns%3D&#039;http%3A%2F%2Fwww.w3.org%2F2000%2Fsvg&#039;%20viewBox%3D&#039;0%200%201000%20667&#039;%2F%3E\" class=\"attachment-full size-full preload-me aspect lazy lazy-load\" alt=\"\" sizes=\"(max-width: 1000px) 100vw, 1000px\" style=\"--ratio: 1000 \/ 667;\" data-src=\"https:\/\/berberedesign.com\/wp-content\/uploads\/2021\/07\/e3dbfeee6f.jpeg\" loading=\"eager\" data-srcset=\"https:\/\/berberedesign.com\/wp-content\/uploads\/2021\/07\/e3dbfeee6f.jpeg 1000w, https:\/\/berberedesign.com\/wp-content\/uploads\/2021\/07\/e3dbfeee6f-300x200.jpeg 300w, https:\/\/berberedesign.com\/wp-content\/uploads\/2021\/07\/e3dbfeee6f-768x512.jpeg 768w, https:\/\/berberedesign.com\/wp-content\/uploads\/2021\/07\/e3dbfeee6f-18x12.jpeg 18w, https:\/\/berberedesign.com\/wp-content\/uploads\/2021\/07\/e3dbfeee6f-20x13.jpeg 20w, https:\/\/berberedesign.com\/wp-content\/uploads\/2021\/07\/e3dbfeee6f-64x43.jpeg 64w, https:\/\/berberedesign.com\/wp-content\/uploads\/2021\/07\/e3dbfeee6f-980x654.jpeg 980w, https:\/\/berberedesign.com\/wp-content\/uploads\/2021\/07\/e3dbfeee6f-480x320.jpeg 480w\" title=\"\"><span class=\"the7-hover-icon\"><svg xmlns=\"http:\/\/www.w3.org\/2000\/svg\" viewbox=\"0 0 24 24\" width=\"24\" height=\"24\"><path fill=\"none\" d=\"M0 0h24v24H0z\"><\/path><path d=\"M5 10c-1.1 0-2 .9-2 2s.9 2 2 2 2-.9 2-2-.9-2-2-2zm14 0c-1.1 0-2 .9-2 2s.9 2 2 2 2-.9 2-2-.9-2-2-2zm-7 0c-1.1 0-2 .9-2 2s.9 2 2 2 2-.9 2-2-.9-2-2-2z\"><\/path><\/svg><\/span><\/a>\t\t\t\t\t\t\t\t\t<\/div>\n\t\t\t\t\t\t\t\t\t\t\t\t\t\t\t\t<div class=\"post-entry-content\">\n\t\t\t\t\t\t\t\t\t<h5 class=\"heading\"><a href=\"https:\/\/berberedesign.com\/pt\/explorar-os-sabores-da-cozinha-marroquina-no-restaurante-moroccan\/\" rel=\"bookmark\" title=\"Explorar os sabores da cozinha marroquina no (restaurante marroquino)\" class=\"post-title\">Explorar os sabores da cozinha marroquina no (restaurante marroquino)<\/a><\/h5><div class=\"entry-meta\"><span class=\"meta-item data-link\"><time class=\"entry-date updated\" datetime=\"2021-07-16T06:48:54+00:00\">julho 16, 2021<\/time><\/span><\/div><p class=\"short-description\">Explorar os sabores da cozinha marroquina no (Moroccan Restaurant) A cozinha marroquina \u00e9 uma fus\u00e3o vibrante e saborosa de influ\u00eancias mediterr\u00e2nicas, \u00e1rabes e africanas. No (Moroccan Restaurant), os clientes podem experimentar os sabores ricos e ex\u00f3ticos deste pa\u00eds do Norte de \u00c1frica numa atmosfera calorosa e convidativa. Desde tagines arom\u00e1ticos a cuscuz fofo, o menu oferece um...<\/p>\t\t\t\t\t\t\t\t<\/div>\n\t\t\t\t\t\t\t<\/div>\n\t\t\t\t\t\t<\/article>\n\t\t\t\t\t<\/div>\t\t\t\t\t\t\t\t\t\t<div class=\"wf-cell visible\">\n\t\t\t\t\t\t<article class=\"post visible wrapper post-91343 type-post status-publish format-standard has-post-thumbnail hentry category-blogs category-127 description-off\">\n\n\t\t\t\t\t\t\t<div class=\"post-content-wrapper\">\n\t\t\t\t\t\t\t\t\t\t\t\t\t\t\t\t\t<div class=\"the7-simple-post-thumb\">\n\t\t\t\t\t\t\t\t\t\t<a class=\"post-thumbnail-rollover layzr-bg img-css-resize-wrapper\" aria-label=\"Post image\" href=\"https:\/\/berberedesign.com\/pt\/tudo-o-que-precisa-de-saber-sobre-o-tapete-marroquino\/\"><img decoding=\"async\" width=\"1280\" height=\"854\" src=\"data:image\/svg+xml,%3Csvg%20xmlns%3D&#039;http%3A%2F%2Fwww.w3.org%2F2000%2Fsvg&#039;%20viewBox%3D&#039;0%200%201280%20854&#039;%2F%3E\" class=\"attachment-full size-full preload-me aspect lazy lazy-load\" alt=\"tapete marroquino beni ourain axadrezado\" sizes=\"(max-width: 1280px) 100vw, 1280px\" style=\"--ratio: 1280 \/ 854;\" data-src=\"https:\/\/berberedesign.com\/wp-content\/uploads\/2021\/07\/moroccan-beni-ourain-checkered-rug.webp\" loading=\"eager\" data-srcset=\"https:\/\/berberedesign.com\/wp-content\/uploads\/2021\/07\/moroccan-beni-ourain-checkered-rug.webp 1280w, https:\/\/berberedesign.com\/wp-content\/uploads\/2021\/07\/moroccan-beni-ourain-checkered-rug-300x200.webp 300w, https:\/\/berberedesign.com\/wp-content\/uploads\/2021\/07\/moroccan-beni-ourain-checkered-rug-1024x683.webp 1024w, https:\/\/berberedesign.com\/wp-content\/uploads\/2021\/07\/moroccan-beni-ourain-checkered-rug-768x512.webp 768w, https:\/\/berberedesign.com\/wp-content\/uploads\/2021\/07\/moroccan-beni-ourain-checkered-rug-18x12.webp 18w, https:\/\/berberedesign.com\/wp-content\/uploads\/2021\/07\/moroccan-beni-ourain-checkered-rug-1064x710.webp 1064w, https:\/\/berberedesign.com\/wp-content\/uploads\/2021\/07\/moroccan-beni-ourain-checkered-rug-20x13.webp 20w, https:\/\/berberedesign.com\/wp-content\/uploads\/2021\/07\/moroccan-beni-ourain-checkered-rug-64x43.webp 64w, https:\/\/berberedesign.com\/wp-content\/uploads\/2021\/07\/moroccan-beni-ourain-checkered-rug-1080x721.webp 1080w, https:\/\/berberedesign.com\/wp-content\/uploads\/2021\/07\/moroccan-beni-ourain-checkered-rug-980x654.webp 980w, https:\/\/berberedesign.com\/wp-content\/uploads\/2021\/07\/moroccan-beni-ourain-checkered-rug-480x320.webp 480w\" title=\"\"><span class=\"the7-hover-icon\"><svg xmlns=\"http:\/\/www.w3.org\/2000\/svg\" viewbox=\"0 0 24 24\" width=\"24\" height=\"24\"><path fill=\"none\" d=\"M0 0h24v24H0z\"><\/path><path d=\"M5 10c-1.1 0-2 .9-2 2s.9 2 2 2 2-.9 2-2-.9-2-2-2zm14 0c-1.1 0-2 .9-2 2s.9 2 2 2 2-.9 2-2-.9-2-2-2zm-7 0c-1.1 0-2 .9-2 2s.9 2 2 2 2-.9 2-2-.9-2-2-2z\"><\/path><\/svg><\/span><\/a>\t\t\t\t\t\t\t\t\t<\/div>\n\t\t\t\t\t\t\t\t\t\t\t\t\t\t\t\t<div class=\"post-entry-content\">\n\t\t\t\t\t\t\t\t\t<h5 class=\"heading\"><a href=\"https:\/\/berberedesign.com\/pt\/tudo-o-que-precisa-de-saber-sobre-o-tapete-marroquino\/\" rel=\"bookmark\" title=\"Tudo o que precisa de saber sobre o tapete marroquino\" class=\"post-title\">Tudo o que precisa de saber sobre o tapete marroquino<\/a><\/h5><div class=\"entry-meta\"><span class=\"meta-item data-link\"><time class=\"entry-date updated\" datetime=\"2021-07-16T06:48:32+00:00\">julho 16, 2021<\/time><\/span><\/div><p class=\"short-description\">O que \u00e9 um tapete marroquino? Os tapetes de estilo marroquino s\u00e3o t\u00eaxteis tecidos \u00e0 m\u00e3o pelo povo berbere do Norte de \u00c1frica. Estes tapetes s\u00e3o conhecidos pelos seus desenhos \u00fanicos, cores vibrantes e texturas suaves. S\u00e3o fabricados utilizando t\u00e9cnicas tradicionais que foram transmitidas de gera\u00e7\u00e3o em gera\u00e7\u00e3o. Os tapetes de design marroquino s\u00e3o fabricados a partir de...<\/p>\t\t\t\t\t\t\t\t<\/div>\n\t\t\t\t\t\t\t<\/div>\n\t\t\t\t\t\t<\/article>\n\t\t\t\t\t<\/div>\t\t\t\t\t\t\t\t\t\t<div class=\"wf-cell visible\">\n\t\t\t\t\t\t<article class=\"post visible wrapper post-99539 type-post status-publish format-standard has-post-thumbnail hentry category-blogs category-127 description-off\">\n\n\t\t\t\t\t\t\t<div class=\"post-content-wrapper\">\n\t\t\t\t\t\t\t\t\t\t\t\t\t\t\t\t\t<div class=\"the7-simple-post-thumb\">\n\t\t\t\t\t\t\t\t\t\t<a class=\"post-thumbnail-rollover layzr-bg img-css-resize-wrapper\" aria-label=\"Post image\" href=\"https:\/\/berberedesign.com\/pt\/mulheres-marroquinas\/\"><img decoding=\"async\" width=\"1000\" height=\"430\" src=\"data:image\/svg+xml,%3Csvg%20xmlns%3D&#039;http%3A%2F%2Fwww.w3.org%2F2000%2Fsvg&#039;%20viewBox%3D&#039;0%200%201000%20430&#039;%2F%3E\" class=\"attachment-full size-full preload-me aspect lazy lazy-load\" alt=\"mulheres marroquinas\" sizes=\"(max-width: 1000px) 100vw, 1000px\" style=\"--ratio: 1000 \/ 430;\" data-src=\"https:\/\/berberedesign.com\/wp-content\/uploads\/2021\/07\/Untitled-design-45.png\" loading=\"eager\" data-srcset=\"https:\/\/berberedesign.com\/wp-content\/uploads\/2021\/07\/Untitled-design-45.png 1000w, https:\/\/berberedesign.com\/wp-content\/uploads\/2021\/07\/Untitled-design-45-300x129.png 300w, https:\/\/berberedesign.com\/wp-content\/uploads\/2021\/07\/Untitled-design-45-768x330.png 768w, https:\/\/berberedesign.com\/wp-content\/uploads\/2021\/07\/Untitled-design-45-18x8.png 18w, https:\/\/berberedesign.com\/wp-content\/uploads\/2021\/07\/Untitled-design-45-20x9.png 20w, https:\/\/berberedesign.com\/wp-content\/uploads\/2021\/07\/Untitled-design-45-64x28.png 64w, https:\/\/berberedesign.com\/wp-content\/uploads\/2021\/07\/Untitled-design-45-980x421.png 980w, https:\/\/berberedesign.com\/wp-content\/uploads\/2021\/07\/Untitled-design-45-480x206.png 480w\" title=\"\"><span class=\"the7-hover-icon\"><svg xmlns=\"http:\/\/www.w3.org\/2000\/svg\" viewbox=\"0 0 24 24\" width=\"24\" height=\"24\"><path fill=\"none\" d=\"M0 0h24v24H0z\"><\/path><path d=\"M5 10c-1.1 0-2 .9-2 2s.9 2 2 2 2-.9 2-2-.9-2-2-2zm14 0c-1.1 0-2 .9-2 2s.9 2 2 2 2-.9 2-2-.9-2-2-2zm-7 0c-1.1 0-2 .9-2 2s.9 2 2 2 2-.9 2-2-.9-2-2-2z\"><\/path><\/svg><\/span><\/a>\t\t\t\t\t\t\t\t\t<\/div>\n\t\t\t\t\t\t\t\t\t\t\t\t\t\t\t\t<div class=\"post-entry-content\">\n\t\t\t\t\t\t\t\t\t<h5 class=\"heading\"><a href=\"https:\/\/berberedesign.com\/pt\/mulheres-marroquinas\/\" rel=\"bookmark\" title=\"Mulheres marroquinas\" class=\"post-title\">Mulheres marroquinas<\/a><\/h5><div class=\"entry-meta\"><span class=\"meta-item data-link\"><time class=\"entry-date updated\" datetime=\"2021-07-16T06:48:07+00:00\">julho 16, 2021<\/time><\/span><\/div><p class=\"short-description\">Por que s\u00e3o conhecidas as mulheres marroquinas? As mulheres marroquinas s\u00e3o conhecidas pela sua beleza, intelig\u00eancia e fortes valores culturais. S\u00e3o frequentemente descritas como ex\u00f3ticas e misteriosas, com uma mistura \u00fanica de influ\u00eancias \u00e1rabes, africanas e europeias. As mulheres marroquinas s\u00e3o tamb\u00e9m conhecidas pela sua hospitalidade e cordialidade para com os h\u00f3spedes, fazendo com que os visitantes se sintam bem-vindos e...<\/p>\t\t\t\t\t\t\t\t<\/div>\n\t\t\t\t\t\t\t<\/div>\n\t\t\t\t\t\t<\/article>\n\t\t\t\t\t<\/div>\t\t\t\t\t\t\t\t<\/div>\n\t\t<\/div>\t\t\t\t<\/div>\n\t\t\t\t<\/div>\n\t\t\t\t\t<\/div>\n\t\t<\/div>\n\t\t\t\t\t<\/div>\n\t\t<\/section>\n\t\t\t\t<\/div>","protected":false},"excerpt":{"rendered":"","protected":false},"author":8,"featured_media":0,"parent":5691,"menu_order":0,"comment_status":"closed","ping_status":"closed","template":"","meta":{"footnotes":""},"class_list":["post-869","page","type-page","status-publish","hentry","category-127","description-off"],"jetpack_sharing_enabled":true,"_links":{"self":[{"href":"https:\/\/berberedesign.com\/pt\/wp-json\/wp\/v2\/pages\/869","targetHints":{"allow":["GET"]}}],"collection":[{"href":"https:\/\/berberedesign.com\/pt\/wp-json\/wp\/v2\/pages"}],"about":[{"href":"https:\/\/berberedesign.com\/pt\/wp-json\/wp\/v2\/types\/page"}],"author":[{"embeddable":true,"href":"https:\/\/berberedesign.com\/pt\/wp-json\/wp\/v2\/users\/8"}],"replies":[{"embeddable":true,"href":"https:\/\/berberedesign.com\/pt\/wp-json\/wp\/v2\/comments?post=869"}],"version-history":[{"count":1,"href":"https:\/\/berberedesign.com\/pt\/wp-json\/wp\/v2\/pages\/869\/revisions"}],"predecessor-version":[{"id":104146,"href":"https:\/\/berberedesign.com\/pt\/wp-json\/wp\/v2\/pages\/869\/revisions\/104146"}],"up":[{"embeddable":true,"href":"https:\/\/berberedesign.com\/pt\/wp-json\/wp\/v2\/pages\/5691"}],"wp:attachment":[{"href":"https:\/\/berberedesign.com\/pt\/wp-json\/wp\/v2\/media?parent=869"}],"curies":[{"name":"wp","href":"https:\/\/api.w.org\/{rel}","templated":true}]}}